{"id":26714,"date":"2021-01-18T13:44:49","date_gmt":"2021-01-18T13:44:49","guid":{"rendered":"https:\/\/littlebigdolls.com\/?page_id=26714"},"modified":"2021-03-11T14:42:25","modified_gmt":"2021-03-11T14:42:25","slug":"bob-marley-muneca-de-trapo-galeria-fotos","status":"publish","type":"page","link":"https:\/\/littlebigdolls.com\/es\/bob-marley-muneca-de-trapo-galeria-fotos\/","title":{"rendered":"BOB MARLEY mu\u00f1eca de trapo hecha a mano y peluche 100% ecol\u00f3gico"},"content":{"rendered":"\r\n\r\n\t<h1>  <br \/>\r\nMU\u00d1ECA DE TRAPO  GALER\u00cdA FOTOS&#8230;<\/h1>\r\n<h1>\r\n\t\t\t\t<\/h1>\t\r\n<h2>\r\n\t\tMU\u00d1ECA DE TRAPO\r\n\t\tGALER\u00cdA\r\n\t\t\tFOTOS\r\n\t\t\t<\/h2>\t\r\n\t\t\t\t<img src=\"https:\/\/littlebigdolls.com\/wp-content\/plugins\/bb-plugin\/img\/pixel.png\" alt=\"\" itemprop=\"image\" onerror=\"this.style.display='none'\"  \/>\r\n\t<p>F\u00cdSICO AMERICANO DE ORIGEN ALEM\u00c1N, AUTOR DE LA FAMOSA F\u00d3RMULA E=MC2, NACIDO EN 1879 EN ULM EN ALEMANIA.<\/p>\r\n\t<p>\u00ab LA \u00daNICA COSA ABSOLUTA EN UN MUNDO COMO EL NUESTRO ES EL SENTIDO DEL HUMOR. \u00bb<\/p>\r\n\t<h2> COMPARTIR LAS FOTOS DE LA  MU\u00d1ECA DE   EN LAS  REDES SOCIALES&#8230;<\/h2>\r\n\t<div class=\"shared-counts-wrap shortcode style-buttons\"><a href=\"https:\/\/www.facebook.com\/sharer\/sharer.php?u=https:\/\/littlebigdolls.com\/es\/bob-marley-muneca-de-trapo-galeria-fotos\/&amp;display=popup&amp;ref=plugin&amp;src=share_button\" title=\"Share on Facebook\"  target=\"_blank\"  rel=\"nofollow noopener noreferrer\"  class=\"shared-counts-button facebook shared-counts-no-count\" data-postid=\"26714\" data-social-network=\"Facebook\" data-social-action=\"Share\" data-social-target=\"https:\/\/littlebigdolls.com\/es\/bob-marley-muneca-de-trapo-galeria-fotos\/\"><span class=\"shared-counts-icon-label\"><span class=\"shared-counts-icon\"><svg version=\"1.1\" xmlns=\"http:\/\/www.w3.org\/2000\/svg\" width=\"18.8125\" height=\"32\" viewBox=\"0 0 602 1024\"><path d=\"M548 6.857v150.857h-89.714q-49.143 0-66.286 20.571t-17.143 61.714v108h167.429l-22.286 169.143h-145.143v433.714h-174.857v-433.714h-145.714v-169.143h145.714v-124.571q0-106.286 59.429-164.857t158.286-58.571q84 0 130.286 6.857z\"><\/path><\/svg><\/span><span class=\"shared-counts-label\">Facebook<\/span><\/span><\/a><a href=\"https:\/\/twitter.com\/share?url=https:\/\/littlebigdolls.com\/es\/bob-marley-muneca-de-trapo-galeria-fotos\/&amp;text=BOB%20MARLEY%20mu%C3%B1eca%20de%20trapo%20hecha%20a%20mano%20y%20peluche%20100%25%20ecol%C3%B3gico\" title=\"Share on Twitter\"  target=\"_blank\"  rel=\"nofollow noopener noreferrer\"  class=\"shared-counts-button twitter shared-counts-no-count\" data-postid=\"26714\" data-social-network=\"Twitter\" data-social-action=\"Tweet\" data-social-target=\"https:\/\/littlebigdolls.com\/es\/bob-marley-muneca-de-trapo-galeria-fotos\/\"><span class=\"shared-counts-icon-label\"><span class=\"shared-counts-icon\"><svg version=\"1.1\" xmlns=\"http:\/\/www.w3.org\/2000\/svg\" width=\"29.71875\" height=\"32\" viewBox=\"0 0 951 1024\"><path d=\"M925.714 233.143q-38.286 56-92.571 95.429 0.571 8 0.571 24 0 74.286-21.714 148.286t-66 142-105.429 120.286-147.429 83.429-184.571 31.143q-154.857 0-283.429-82.857 20 2.286 44.571 2.286 128.571 0 229.143-78.857-60-1.143-107.429-36.857t-65.143-91.143q18.857 2.857 34.857 2.857 24.571 0 48.571-6.286-64-13.143-106-63.714t-42-117.429v-2.286q38.857 21.714 83.429 23.429-37.714-25.143-60-65.714t-22.286-88q0-50.286 25.143-93.143 69.143 85.143 168.286 136.286t212.286 56.857q-4.571-21.714-4.571-42.286 0-76.571 54-130.571t130.571-54q80 0 134.857 58.286 62.286-12 117.143-44.571-21.143 65.714-81.143 101.714 53.143-5.714 106.286-28.571z\"><\/path><\/svg><\/span><span class=\"shared-counts-label\">Tweet<\/span><\/span><\/a><a href=\"https:\/\/pinterest.com\/pin\/create\/button\/?url=https:\/\/littlebigdolls.com\/es\/bob-marley-muneca-de-trapo-galeria-fotos\/&amp;media=https:\/\/littlebigdolls.com\/wp-content\/uploads\/bob-marley-muneca-de-trapo-13.jpg&amp;description=BOB MARLEY mu\u00f1eca de trapo hecha a mano y peluche 100% ecol\u00f3gico\" title=\"Share on Pinterest\"  target=\"_blank\"  rel=\"nofollow noopener noreferrer\"  class=\"shared-counts-button pinterest shared-counts-no-count\" data-postid=\"26714\" data-pin-do=\"none\" data-social-network=\"Pinterest\" data-social-action=\"Pin\" data-social-target=\"https:\/\/littlebigdolls.com\/es\/bob-marley-muneca-de-trapo-galeria-fotos\/\"><span class=\"shared-counts-icon-label\"><span class=\"shared-counts-icon\"><svg version=\"1.1\" xmlns=\"http:\/\/www.w3.org\/2000\/svg\" width=\"22.84375\" height=\"32\" viewBox=\"0 0 731 1024\"><path d=\"M0 341.143q0-61.714 21.429-116.286t59.143-95.143 86.857-70.286 105.714-44.571 115.429-14.857q90.286 0 168 38t126.286 110.571 48.571 164q0 54.857-10.857 107.429t-34.286 101.143-57.143 85.429-82.857 58.857-108 22q-38.857 0-77.143-18.286t-54.857-50.286q-5.714 22.286-16 64.286t-13.429 54.286-11.714 40.571-14.857 40.571-18.286 35.714-26.286 44.286-35.429 49.429l-8 2.857-5.143-5.714q-8.571-89.714-8.571-107.429 0-52.571 12.286-118t38-164.286 29.714-116q-18.286-37.143-18.286-96.571 0-47.429 29.714-89.143t75.429-41.714q34.857 0 54.286 23.143t19.429 58.571q0 37.714-25.143 109.143t-25.143 106.857q0 36 25.714 59.714t62.286 23.714q31.429 0 58.286-14.286t44.857-38.857 32-54.286 21.714-63.143 11.429-63.429 3.714-56.857q0-98.857-62.571-154t-163.143-55.143q-114.286 0-190.857 74t-76.571 187.714q0 25.143 7.143 48.571t15.429 37.143 15.429 26 7.143 17.429q0 16-8.571 41.714t-21.143 25.714q-1.143 0-9.714-1.714-29.143-8.571-51.714-32t-34.857-54-18.571-61.714-6.286-60.857z\"><\/path><\/svg><\/span><span class=\"shared-counts-label\">Pin<\/span><\/span><\/a><a href=\"https:\/\/www.linkedin.com\/shareArticle?mini=true&amp;url=https:\/\/littlebigdolls.com\/es\/bob-marley-muneca-de-trapo-galeria-fotos\/\" title=\"Share on LinkedIn\"  target=\"_blank\"  rel=\"nofollow noopener noreferrer\"  class=\"shared-counts-button linkedin shared-counts-no-count\" data-postid=\"26714\" data-social-network=\"LinkedIn\" data-social-action=\"Share\" data-social-target=\"https:\/\/littlebigdolls.com\/es\/bob-marley-muneca-de-trapo-galeria-fotos\/\"><span class=\"shared-counts-icon-label\"><span class=\"shared-counts-icon\"><svg version=\"1.1\" xmlns=\"http:\/\/www.w3.org\/2000\/svg\" width=\"27.4375\" height=\"32\" viewBox=\"0 0 878 1024\"><path d=\"M199.429 357.143v566.286h-188.571v-566.286h188.571zM211.429 182.286q0.571 41.714-28.857 69.714t-77.429 28h-1.143q-46.857 0-75.429-28t-28.571-69.714q0-42.286 29.429-70t76.857-27.714 76 27.714 29.143 70zM877.714 598.857v324.571h-188v-302.857q0-60-23.143-94t-72.286-34q-36 0-60.286 19.714t-36.286 48.857q-6.286 17.143-6.286 46.286v316h-188q1.143-228 1.143-369.714t-0.571-169.143l-0.571-27.429h188v82.286h-1.143q11.429-18.286 23.429-32t32.286-29.714 49.714-24.857 65.429-8.857q97.714 0 157.143 64.857t59.429 190z\"><\/path><\/svg><\/span><span class=\"shared-counts-label\">LinkedIn<\/span><\/span><\/a><a href=\"#shared-counts-email\" title=\"Share via Email\"  class=\"shared-counts-button email no-scroll shared-counts-no-count\" data-postid=\"26714\" data-social-network=\"Email\" data-social-action=\"Emailed\" data-social-target=\"https:\/\/littlebigdolls.com\/es\/bob-marley-muneca-de-trapo-galeria-fotos\/\"><span class=\"shared-counts-icon-label\"><span class=\"shared-counts-icon\"><svg version=\"1.1\" xmlns=\"http:\/\/www.w3.org\/2000\/svg\" width=\"32\" height=\"32\" viewBox=\"0 0 1024 1024\"><path d=\"M1024 405.714v453.714q0 37.714-26.857 64.571t-64.571 26.857h-841.143q-37.714 0-64.571-26.857t-26.857-64.571v-453.714q25.143 28 57.714 49.714 206.857 140.571 284 197.143 32.571 24 52.857 37.429t54 27.429 62.857 14h1.143q29.143 0 62.857-14t54-27.429 52.857-37.429q97.143-70.286 284.571-197.143 32.571-22.286 57.143-49.714zM1024 237.714q0 45.143-28 86.286t-69.714 70.286q-214.857 149.143-267.429 185.714-5.714 4-24.286 17.429t-30.857 21.714-29.714 18.571-32.857 15.429-28.571 5.143h-1.143q-13.143 0-28.571-5.143t-32.857-15.429-29.714-18.571-30.857-21.714-24.286-17.429q-52-36.571-149.714-104.286t-117.143-81.429q-35.429-24-66.857-66t-31.429-78q0-44.571 23.714-74.286t67.714-29.714h841.143q37.143 0 64.286 26.857t27.143 64.571z\"><\/path><\/svg><\/span><span class=\"shared-counts-label\">Email<\/span><\/span><\/a><\/div>\r\n<h2>\r\n\t\tADOPTO\r\n\t\t\t\t<\/h2>\t\r\n\t\t\t\t<img src=\"https:\/\/littlebigdolls.com\/wp-content\/uploads\/talla-S-b.png\" alt=\"talla S b\" title=\"talla S b\" itemprop=\"image\"\/>\r\n\t\t\t\t<img src=\"https:\/\/littlebigdolls.com\/wp-content\/uploads\/talla-XL-b-2.png\" alt=\"talla XL b 2\" title=\"talla XL b 2\" itemprop=\"image\"\/>\r\n\t<p>\u20ac49<\/p>\r\n\t\t\t<a href=\"custom_field key='product_id']\" target=\"_self\" role=\"button\" rel=\"noopener noreferrer\">\r\n\t\t\t\t\t\tYO ADOPTO\r\n\t\t\t\t\t<\/a>\r\n\t<p>\u20ac149<\/p>\r\n\t\t\t<a href=\"custom_field key='product_id_xl']\" target=\"_self\" role=\"button\" rel=\"noopener noreferrer\">\r\n\t\t\t\t\t\tYO ADOPTO\r\n\t\t\t\t\t<\/a>\r\n\t\t\t\t<img src=\"https:\/\/littlebigdolls.com\/wp-content\/uploads\/talla-S-g-m-1.png\" alt=\"talla S g m 1\" title=\"talla S g m 1\" itemprop=\"image\"\/>\r\n\t<p>\u20ac49<\/p>\r\n\t\t\t<a href=\"custom_field key='product_id']\" target=\"_self\" role=\"button\" rel=\"noopener noreferrer\">\r\n\t\t\t\t\t\tYO ADOPTO\r\n\t\t\t\t\t<\/a>\r\n\t\t\t\t<img src=\"https:\/\/littlebigdolls.com\/wp-content\/uploads\/talla-XL-b-m-1.png\" alt=\"talla XL b m 1\" title=\"talla XL b m 1\" itemprop=\"image\"\/>\r\n\t<p>\u20ac149<\/p>\r\n\t\t\t<a href=\"custom_field key='product_id_xl']\" target=\"_self\" role=\"button\" rel=\"noopener noreferrer\">\r\n\t\t\t\t\t\tYO ADOPTO\r\n\t\t\t\t\t<\/a>\r\n\t<h2>DESCUBRE LOS MEJORAS CITAS DE &#8230;<\/h2>\r\n\t\t\t\t<img loading=\"lazy\" src=\"https:\/\/littlebigdolls.com\/wp-content\/uploads\/2020\/11\/quotes.png\" alt=\"quotes\" itemprop=\"image\" height=\"100\" width=\"305\" title=\"quotes\" onerror=\"this.style.display='none'\"  \/>\r\n\t\t\t\t<img loading=\"lazy\" src=\"https:\/\/littlebigdolls.com\/wp-content\/uploads\/2020\/11\/quotes.png\" alt=\"quotes\" itemprop=\"image\" height=\"100\" width=\"305\" title=\"quotes\" onerror=\"this.style.display='none'\"  \/>\r\n\t\t\t\t<a href=\"https:\/\/littlebigdolls.com\/es\/contact\/\" target=\"_self\" itemprop=\"url\" rel=\"noopener noreferrer\">\r\n\t\t\t\t<img loading=\"lazy\" src=\"https:\/\/littlebigdolls.com\/wp-content\/uploads\/contact-r-g.png\" alt=\"contact r g\" itemprop=\"image\" height=\"100\" width=\"305\" title=\"contact r g\" onerror=\"this.style.display='none'\"  \/>\r\n\t\t\t\t<\/a>\r\n\t<h2>ALGUNA PREGUNTA ?<br \/>\r\n POR AH\u00cd !<\/h2>\r\n\t\t\t\t<a href=\"https:\/\/littlebigdolls.com\/es\/contact\/\" target=\"_self\" itemprop=\"url\" rel=\"noopener noreferrer\">\r\n\t\t\t\t<img loading=\"lazy\" src=\"https:\/\/littlebigdolls.com\/wp-content\/uploads\/contact-r-g.png\" alt=\"contact r g\" itemprop=\"image\" height=\"100\" width=\"305\" title=\"contact r g\" onerror=\"this.style.display='none'\"  \/>\r\n\t\t\t\t<\/a>\r\n\r\n","protected":false},"excerpt":{"rendered":"<p>MU\u00d1ECA DE TRAPO GALER\u00cdA FOTOS&#8230; MU\u00d1ECA DE TRAPO GALER\u00cdA FOTOS F\u00cdSICO AMERICANO DE ORIGEN ALEM\u00c1N, AUTOR DE LA FAMOSA F\u00d3RMULA E=MC2, NACIDO EN 1879 EN ULM EN ALEMANIA. \u00ab LA \u00daNICA COSA ABSOLUTA EN UN MUNDO COMO EL NUESTRO ES EL SENTIDO DEL HUMOR. \u00bb COMPARTIR LAS FOTOS DE LA MU\u00d1ECA DE EN LAS REDES [&hellip;]<\/p>\n","protected":false},"author":8,"featured_media":12644,"parent":0,"menu_order":0,"comment_status":"closed","ping_status":"closed","template":"page-builder.php","meta":{"inline_featured_image":false,"_genesis_hide_title":false,"_genesis_hide_breadcrumbs":false,"_genesis_hide_singular_image":false,"_genesis_hide_footer_widgets":false,"_genesis_custom_body_class":"","_genesis_custom_post_class":"","_genesis_layout":""},"folder":[33],"yoast_head":"<!-- This site is optimized with the Yoast SEO plugin v20.6 - https:\/\/yoast.com\/wordpress\/plugins\/seo\/ -->\n<title>BOB MARLEY | Mu\u00f1eca de trapo &amp; Peluche | Galeria Fotos<\/title>\n<meta name=\"description\" content=\"Decsubre la galeria fotos de la mu\u00f1eca de trapo y de la peluche del famoso compositor e int\u00e9rprete Jamaicano, Bob Marley.\" \/>\n<meta name=\"robots\" content=\"index, follow, max-snippet:-1, max-image-preview:large, max-video-preview:-1\" \/>\n<link rel=\"canonical\" href=\"https:\/\/littlebigdolls.com\/es\/bob-marley-muneca-de-trapo-galeria-fotos\/\" \/>\n<meta property=\"og:locale\" content=\"es_ES\" \/>\n<meta property=\"og:type\" content=\"article\" \/>\n<meta property=\"og:title\" content=\"BOB MARLEY | Mu\u00f1eca de trapo &amp; Peluche | Galeria Fotos\" \/>\n<meta property=\"og:description\" content=\"Decsubre la galeria fotos de la mu\u00f1eca de trapo y de la peluche del famoso compositor e int\u00e9rprete Jamaicano, Bob Marley.\" \/>\n<meta property=\"og:url\" content=\"https:\/\/littlebigdolls.com\/es\/bob-marley-muneca-de-trapo-galeria-fotos\/\" \/>\n<meta property=\"og:site_name\" content=\"LittleBigDolls | Art Toys with a Soul\" \/>\n<meta property=\"article:modified_time\" content=\"2021-03-11T14:42:25+00:00\" \/>\n<meta property=\"og:image\" content=\"https:\/\/littlebigdolls.com\/wp-content\/uploads\/bob-marley-muneca-de-trapo-13.jpg\" \/>\n\t<meta property=\"og:image:width\" content=\"877\" \/>\n\t<meta property=\"og:image:height\" content=\"1024\" \/>\n\t<meta property=\"og:image:type\" content=\"image\/jpeg\" \/>\n<meta name=\"twitter:card\" content=\"summary_large_image\" \/>\n<meta name=\"twitter:label1\" content=\"Tiempo de lectura\" \/>\n\t<meta name=\"twitter:data1\" content=\"1 minuto\" \/>\n<script type=\"application\/ld+json\" class=\"yoast-schema-graph\">{\"@context\":\"https:\/\/schema.org\",\"@graph\":[{\"@type\":\"WebPage\",\"@id\":\"https:\/\/littlebigdolls.com\/es\/bob-marley-muneca-de-trapo-galeria-fotos\/\",\"url\":\"https:\/\/littlebigdolls.com\/es\/bob-marley-muneca-de-trapo-galeria-fotos\/\",\"name\":\"BOB MARLEY | Mu\u00f1eca de trapo & Peluche | Galeria Fotos\",\"isPartOf\":{\"@id\":\"https:\/\/littlebigdolls.com\/fr\/#website\"},\"datePublished\":\"2021-01-18T13:44:49+00:00\",\"dateModified\":\"2021-03-11T14:42:25+00:00\",\"description\":\"Decsubre la galeria fotos de la mu\u00f1eca de trapo y de la peluche del famoso compositor e int\u00e9rprete Jamaicano, Bob Marley.\",\"breadcrumb\":{\"@id\":\"https:\/\/littlebigdolls.com\/es\/bob-marley-muneca-de-trapo-galeria-fotos\/#breadcrumb\"},\"inLanguage\":\"es\",\"potentialAction\":[{\"@type\":\"ReadAction\",\"target\":[\"https:\/\/littlebigdolls.com\/es\/bob-marley-muneca-de-trapo-galeria-fotos\/\"]}]},{\"@type\":\"BreadcrumbList\",\"@id\":\"https:\/\/littlebigdolls.com\/es\/bob-marley-muneca-de-trapo-galeria-fotos\/#breadcrumb\",\"itemListElement\":[{\"@type\":\"ListItem\",\"position\":1,\"name\":\"Home\",\"item\":\"https:\/\/littlebigdolls.com\/es\/\"},{\"@type\":\"ListItem\",\"position\":2,\"name\":\"BOB MARLEY mu\u00f1eca de trapo hecha a mano y peluche 100% ecol\u00f3gico\"}]},{\"@type\":\"WebSite\",\"@id\":\"https:\/\/littlebigdolls.com\/fr\/#website\",\"url\":\"https:\/\/littlebigdolls.com\/fr\/\",\"name\":\"LittleBigDolls | Art Toys with a Soul\",\"description\":\"Collecci\u00f3n de mu\u00f1ecas de trapo y peluche que representan figuras ic\u00f3nicas y  hist\u00f3ricas. Regalos originales - Dise\u00f1ador y fabricante de juguetes\",\"potentialAction\":[{\"@type\":\"SearchAction\",\"target\":{\"@type\":\"EntryPoint\",\"urlTemplate\":\"https:\/\/littlebigdolls.com\/fr\/?s={search_term_string}\"},\"query-input\":\"required name=search_term_string\"}],\"inLanguage\":\"es\"}]}<\/script>\n<!-- \/ Yoast SEO plugin. -->","yoast_head_json":{"title":"BOB MARLEY | Mu\u00f1eca de trapo & Peluche | Galeria Fotos","description":"Decsubre la galeria fotos de la mu\u00f1eca de trapo y de la peluche del famoso compositor e int\u00e9rprete Jamaicano, Bob Marley.","robots":{"index":"index","follow":"follow","max-snippet":"max-snippet:-1","max-image-preview":"max-image-preview:large","max-video-preview":"max-video-preview:-1"},"canonical":"https:\/\/littlebigdolls.com\/es\/bob-marley-muneca-de-trapo-galeria-fotos\/","og_locale":"es_ES","og_type":"article","og_title":"BOB MARLEY | Mu\u00f1eca de trapo & Peluche | Galeria Fotos","og_description":"Decsubre la galeria fotos de la mu\u00f1eca de trapo y de la peluche del famoso compositor e int\u00e9rprete Jamaicano, Bob Marley.","og_url":"https:\/\/littlebigdolls.com\/es\/bob-marley-muneca-de-trapo-galeria-fotos\/","og_site_name":"LittleBigDolls | Art Toys with a Soul","article_modified_time":"2021-03-11T14:42:25+00:00","og_image":[{"width":877,"height":1024,"url":"https:\/\/littlebigdolls.com\/wp-content\/uploads\/bob-marley-muneca-de-trapo-13.jpg","type":"image\/jpeg"}],"twitter_card":"summary_large_image","twitter_misc":{"Tiempo de lectura":"1 minuto"},"schema":{"@context":"https:\/\/schema.org","@graph":[{"@type":"WebPage","@id":"https:\/\/littlebigdolls.com\/es\/bob-marley-muneca-de-trapo-galeria-fotos\/","url":"https:\/\/littlebigdolls.com\/es\/bob-marley-muneca-de-trapo-galeria-fotos\/","name":"BOB MARLEY | Mu\u00f1eca de trapo & Peluche | Galeria Fotos","isPartOf":{"@id":"https:\/\/littlebigdolls.com\/fr\/#website"},"datePublished":"2021-01-18T13:44:49+00:00","dateModified":"2021-03-11T14:42:25+00:00","description":"Decsubre la galeria fotos de la mu\u00f1eca de trapo y de la peluche del famoso compositor e int\u00e9rprete Jamaicano, Bob Marley.","breadcrumb":{"@id":"https:\/\/littlebigdolls.com\/es\/bob-marley-muneca-de-trapo-galeria-fotos\/#breadcrumb"},"inLanguage":"es","potentialAction":[{"@type":"ReadAction","target":["https:\/\/littlebigdolls.com\/es\/bob-marley-muneca-de-trapo-galeria-fotos\/"]}]},{"@type":"BreadcrumbList","@id":"https:\/\/littlebigdolls.com\/es\/bob-marley-muneca-de-trapo-galeria-fotos\/#breadcrumb","itemListElement":[{"@type":"ListItem","position":1,"name":"Home","item":"https:\/\/littlebigdolls.com\/es\/"},{"@type":"ListItem","position":2,"name":"BOB MARLEY mu\u00f1eca de trapo hecha a mano y peluche 100% ecol\u00f3gico"}]},{"@type":"WebSite","@id":"https:\/\/littlebigdolls.com\/fr\/#website","url":"https:\/\/littlebigdolls.com\/fr\/","name":"LittleBigDolls | Art Toys with a Soul","description":"Collecci\u00f3n de mu\u00f1ecas de trapo y peluche que representan figuras ic\u00f3nicas y  hist\u00f3ricas. Regalos originales - Dise\u00f1ador y fabricante de juguetes","potentialAction":[{"@type":"SearchAction","target":{"@type":"EntryPoint","urlTemplate":"https:\/\/littlebigdolls.com\/fr\/?s={search_term_string}"},"query-input":"required name=search_term_string"}],"inLanguage":"es"}]}},"_links":{"self":[{"href":"https:\/\/littlebigdolls.com\/es\/wp-json\/wp\/v2\/pages\/26714"}],"collection":[{"href":"https:\/\/littlebigdolls.com\/es\/wp-json\/wp\/v2\/pages"}],"about":[{"href":"https:\/\/littlebigdolls.com\/es\/wp-json\/wp\/v2\/types\/page"}],"author":[{"embeddable":true,"href":"https:\/\/littlebigdolls.com\/es\/wp-json\/wp\/v2\/users\/8"}],"replies":[{"embeddable":true,"href":"https:\/\/littlebigdolls.com\/es\/wp-json\/wp\/v2\/comments?post=26714"}],"version-history":[{"count":3,"href":"https:\/\/littlebigdolls.com\/es\/wp-json\/wp\/v2\/pages\/26714\/revisions"}],"predecessor-version":[{"id":40769,"href":"https:\/\/littlebigdolls.com\/es\/wp-json\/wp\/v2\/pages\/26714\/revisions\/40769"}],"wp:featuredmedia":[{"embeddable":true,"href":"https:\/\/littlebigdolls.com\/es\/wp-json\/wp\/v2\/media\/12644"}],"wp:attachment":[{"href":"https:\/\/littlebigdolls.com\/es\/wp-json\/wp\/v2\/media?parent=26714"}],"wp:term":[{"taxonomy":"folder","embeddable":true,"href":"https:\/\/littlebigdolls.com\/es\/wp-json\/wp\/v2\/folder?post=26714"}],"curies":[{"name":"wp","href":"https:\/\/api.w.org\/{rel}","templated":true}]}}