{"id":40533,"date":"2021-03-03T10:37:35","date_gmt":"2021-03-03T10:37:35","guid":{"rendered":"https:\/\/littlebigdolls.com\/?page_id=40533"},"modified":"2021-03-03T16:21:16","modified_gmt":"2021-03-03T16:21:16","slug":"terms-and-conditions","status":"publish","type":"page","link":"https:\/\/littlebigdolls.com\/es\/terms-and-conditions\/","title":{"rendered":"Terms and Conditions"},"content":{"rendered":"\r\n\r\n\t<h1>T\u00e9rminos y Condiciones Generales<br \/>\r\nLITTLEBIGDOLLS\u00ae<\/h1>\r\n\t<p>Estas condiciones rigen la venta de los productos LITTLEBIGDOLLS presentados en este sitio. Estas condiciones se aplican con exclusi\u00f3n de cualquier otra condici\u00f3n que aparezca en cualquier otro documento. Son aplicables en todo el mundo. LITTLEBIGDOLLS se reserva el derecho de modificar sus condiciones generales de venta. Cualquier nueva versi\u00f3n de las condiciones generales de venta se indicar\u00e1 previamente en la p\u00e1gina correspondiente del sitio LITTLEBIGDOLLS. Los productos pedidos en el sitio littlebigdolls.com se rigen por las condiciones generales de venta en l\u00ednea en la fecha del pedido.<\/p>\r\n<p>&nbsp;<\/p>\r\n<p>&nbsp;<\/p>\r\n<ol>\r\n<li>\r\n<h2><strong>Pedido y validez del contrato<\/strong><\/h2>\r\n<\/li>\r\n<\/ol>\r\n<p>El contrato entra en vigor a partir del momento en que su pedido es expresamente confirmado por nosotros si usted elige un pago a trav\u00e9s de Paypal (v\u00e9ase el art\u00edculo 5- Pago y seguridad). El contrato entrar\u00e1 en vigor en el momento en que se env\u00eden los productos solicitados si elige el pago con tarjeta de cr\u00e9dito. En caso de litigio relacionado con el pago de un pedido anterior, LITTLEBIGDOLLS se reserva el derecho de bloquear su pedido. En ese caso, podr\u00e1 ponerse en contacto con el servicio de atenci\u00f3n al consumidor de LITTLEBIGDOLLS para resolver el litigio en cuesti\u00f3n y conseguir que se desbloquee su nuevo pedido.<\/p>\r\n<p>&nbsp;<\/p>\r\n<ol start=\"2\">\r\n<li>\r\n<h2><strong>Precio de venta<\/strong><\/h2>\r\n<\/li>\r\n<\/ol>\r\n<p>Los precios de nuestros productos est\u00e1n indicados en D\u00f3lares y en Euros e incluyen todos los impuestos excepto la participaci\u00f3n en los gastos de tratamiento y env\u00edo. Todos los pedidos son pagaderos en D\u00f3lares o Euros. LITTLEBIGDOLLS se reserva el derecho de modificar sus precios en cualquier momento, pero los productos se facturar\u00e1n sobre la base de los precios y tarifas en el momento del registro del pedido, bajo reserva de disponibilidad. Todos los precios se indican bajo reserva de error tipogr\u00e1fico manifiesto. Si se produjera un error manifiesto, LITTLEBIGDOLLS se pondr\u00e1 en contacto con usted para informarle del error cometido por sus servicios y le recordar\u00e1 que el pedido se facturar\u00e1 en las condiciones corregidas. No obstante, si las condiciones corregidas no son aceptadas, usted ser\u00e1 libre de anular el pedido corregido sin penalizaci\u00f3n alguna.<\/p>\r\n<p>&nbsp;<\/p>\r\n<ol start=\"3\">\r\n<li>\r\n<h2><strong>Disponibilidad<\/strong><\/h2>\r\n<\/li>\r\n<\/ol>\r\n<p>Nuestros productos se ofrecen dentro de los l\u00edmites de las existencias disponibles. En caso de agotamiento de las existencias, el producto sigue estando disponible para la venta pero con un plazo de entrega m\u00e1s largo. Sin embargo, en caso de que un producto sea retirado por cualquier motivo por la producci\u00f3n, LITTLEBIGDOLLS retirar\u00e1 el producto de la venta lo antes posible. Esta acci\u00f3n no puede en ning\u00fan caso dar un derecho de acci\u00f3n a su favor.<\/p>\r\n<p>&nbsp;<\/p>\r\n<ol start=\"4\">\r\n<li>\r\n<h2><strong>Entrega &#8211; Transporte<\/strong><\/h2>\r\n<\/li>\r\n<\/ol>\r\n<h3>4.1 &#8211; Entrega<\/h3>\r\n<p>Salvo que se estipule lo contrario en las presentes Condiciones Generales de Venta, los gastos de entrega corren siempre a su cargo. Los productos se entregan obligatoriamente en la direcci\u00f3n que usted indic\u00f3 al introducir los datos durante el pedido. Por ello, le aconsejamos que se asegure de que la informaci\u00f3n que haya podido facilitar para la entrega de su pedido es correcta.<\/p>\r\n<p>La entrega se realiza en todo el mundo. Como los gastos de env\u00edo dependen \u00fanicamente del lugar de entrega de su pedido, los gastos de env\u00edo reales s\u00f3lo se muestran una vez que haya introducido una direcci\u00f3n de entrega.<\/p>\r\n<p>La entrega la realiza un proveedor de servicios especializado en transporte. Atenci\u00f3n: se prefiere una entrega en mano de su pedido. Por lo tanto, su presencia en el lugar puede ser necesaria para entregar sus productos con normalidad. El plazo medio de entrega habitual es de entre 3 y 14 d\u00edas laborables desde la recepci\u00f3n del pedido. Para los pedidos de productos fuera de stock, el plazo de entrega es de entre 30 y 90 d\u00edas. Si no puede estar presente el d\u00eda de la entrega en la direcci\u00f3n que ha indicado, se le dejar\u00e1 un aviso de entrega en su buz\u00f3n. A partir de ese momento, le corresponde tomar las medidas necesarias con el transportista en cuesti\u00f3n para ir a recoger su paquete.<\/p>\r\n<p>Una vez transcurrido el plazo de espera previsto por el transportista, su paquete ser\u00e1 reenviado a nosotros. Si ha introducido una direcci\u00f3n incorrecta al realizar el pedido, el transportista no podr\u00e1 realizar la entrega y el producto nos ser\u00e1 devuelto autom\u00e1ticamente. En estos 2 casos : Si decide realizar una nueva entrega, \u00e9sta correr\u00e1 a su cargo y deber\u00e1 ser abonada antes del reenv\u00edo poni\u00e9ndose en contacto con el Servicio de Atenci\u00f3n al Consumidor. Si desea cancelar su pedido, se le reembolsar\u00e1 a trav\u00e9s del m\u00e9todo de pago que eligi\u00f3 al realizar el pedido. El plazo medio de reembolso por parte de LITTLEBIGDOLLS es de al menos 30 d\u00edas a partir de la fecha de recepci\u00f3n del producto devuelto.<\/p>\r\n<p>&nbsp;<\/p>\r\n<h3><strong>4.2 &#8211; Transporte<\/strong><\/h3>\r\n<p>Usted se hace responsable de los productos desde que los recibe. Es importante que compruebe sus paquetes en presencia del repartidor.<\/p>\r\n<p>&nbsp;<\/p>\r\n<ol start=\"5\">\r\n<li>\r\n<h2><strong>Pago y seguridad<\/strong><\/h2>\r\n<\/li>\r\n<\/ol>\r\n<p>Puede pagar sus compras en Internet<\/p>\r\n<p>&#8211; con tarjeta de cr\u00e9dito internacional (Visa, Eurocard, Mastercard o American Express).<\/p>\r\n<p>* Utilizamos los sistemas de pago seguro m\u00e1s fiables de Internet: 3D secure, para proteger y encriptar lo m\u00e1s eficazmente posible toda su informaci\u00f3n personal.<\/p>\r\n<p>&#8211; por Paypal.<\/p>\r\n<p>* Paypal le permite pagar en l\u00ednea sin comunicar sus datos financieros durante la transacci\u00f3n. Para beneficiarse de este m\u00e9todo de pago, debe tener una cuenta en la empresa Paypal. Al elegir Paypal como m\u00e9todo de pago, se le dirige autom\u00e1ticamente a su cuenta Paypal. Una vez validado su pago con Paypal, completar\u00e1 su pedido en el sitio web https:\/\/littlebigdolls.com. Tenga en cuenta que el d\u00e9bito a trav\u00e9s de Paypal se realiza cuando nosotros confirmamos su pedido.<\/p>\r\n<p>&nbsp;<\/p>\r\n<h3><strong>5.1 &#8211; Tarjetas regalo en l\u00ednea<\/strong><\/h3>\r\n<p>Utilizaci\u00f3n de las tarjetas regalo en l\u00ednea<\/p>\r\n<p>Las tarjetas regalo compradas en la tienda online de LITTLEBIGDOLLS\u00ae pueden utilizarse en cualquier momento. Estas tarjetas regalo no tienen fecha de caducidad. El cr\u00e9dito de la tarjeta regalo no utilizado se a\u00f1adir\u00e1 a la cantidad disponible en su cuenta, y podr\u00e1 utilizar este cr\u00e9dito cuando realice un futuro pedido.<\/p>\r\n<p>Las tarjetas regalo, adquiridas en la Tienda Online LITTLEBIGDOLLS\u00ae, s\u00f3lo pueden utilizarse para la compra de art\u00edculos disponibles en la Tienda Online accesible en https:\/\/littlebigdolls.com. Las tarjetas regalo s\u00f3lo son v\u00e1lidas en el pa\u00eds donde se han comprado. Estas tarjetas no son v\u00e1lidas en tiendas o sitios de venta.<\/p>\r\n<p>El pago de las tarjetas regalo est\u00e1 asegurado (con tarjeta de cr\u00e9dito o PayPal) gracias al formulario propuesto durante la compra de una tarjeta regalo.<\/p>\r\n<p>Si el importe total de su pedido supera el importe de su tarjeta regalo, puede pagar la diferencia eligiendo uno de los pagos seguros propuestos.<\/p>\r\n<p>Para pagar un pedido, puede utilizar varias tarjetas regalo. Una tarjeta regalo puede utilizarse en diferentes pedidos si queda cr\u00e9dito. Tambi\u00e9n puede ofrecer una tarjeta regalo a la persona que desee.<\/p>\r\n<p>Las tarjetas regalo se env\u00edan por correo electr\u00f3nico 24 horas despu\u00e9s de realizar el pedido. El comprador puede verla o imprimirla haciendo clic en el enlace del correo electr\u00f3nico. Puede comprobar el saldo de su tarjeta regalo en la tienda online littlebigdolls.com introduciendo el c\u00f3digo correspondiente.<\/p>\r\n<p>No se aplican impuestos a la compra de una tarjeta regalo. El impuesto se aplica a los art\u00edculos en el momento de la compra.<\/p>\r\n<p>Generalidades<\/p>\r\n<p>Las condiciones generales de venta y la informaci\u00f3n legal se aplican al comprar o utilizar una tarjeta regalo en la p\u00e1gina web correspondiente https:\/\/littlebigdolls.com.<\/p>\r\n<p>La compra de una tarjeta regalo s\u00f3lo es v\u00e1lida si se rellena completamente el formulario propuesto, incluida la secci\u00f3n &#8211; Forma de pago. Una vez validado el pedido, la informaci\u00f3n no puede modificarse.<\/p>\r\n<p>La informaci\u00f3n relativa al importe residual de su tarjeta regalo est\u00e1 disponible en su cuenta.<\/p>\r\n<p>Restricciones<\/p>\r\n<p>Las tarjetas regalo no pueden utilizarse para comprar otras tarjetas regalo. Las tarjetas regalo s\u00f3lo son v\u00e1lidas en la tienda online https:\/\/littlebigdolls.com espec\u00edfica de cada pa\u00eds.<\/p>\r\n<p>Las tarjetas regalo o el saldo de las mismas no pueden pagarse en efectivo, recargarse, utilizarse para pagar una deuda y el importe de la tarjeta regalo no puede transferirse a otro cliente de la tienda online https:\/\/littlebigdolls.com.<\/p>\r\n<p>El valor de una tarjeta regalo est\u00e1 comprendido entre 5\u20ac y 150\u20ac.<\/p>\r\n<p>Responsabilidad y p\u00e9rdida<\/p>\r\n<p>LITTLEBIGDOLLS no se hace responsable de los errores tipogr\u00e1ficos en la direcci\u00f3n de correo electr\u00f3nico del destinatario en el formulario de compra de la tarjeta regalo. Adem\u00e1s, LITTLEBIGDOLLS no se hace responsable de la p\u00e9rdida, el robo, el mal uso o el retraso en la entrega (por ejemplo, causado por problemas t\u00e9cnicos) de las tarjetas regalo.<\/p>\r\n<p>Fraude<\/p>\r\n<p>En caso de fraude, enga\u00f1o o uso ilegal de la tarjeta regalo de LITTLEBIGDOLLS, LITTLEBIGDOLLS \u00ae se reserva el derecho de cerrar la cuenta del cliente y\/o solicitar un pago alternativo. No se podr\u00e1 reclamar legalmente el acceso o el reembolso de la tarjeta regalo en cuesti\u00f3n.<\/p>\r\n<p>&nbsp;<\/p>\r\n<ol start=\"6\">\r\n<li>\r\n<h2><strong>Derecho de desistimiento y derecho de devoluci\u00f3n<br \/>\r\n<\/strong><\/h2>\r\n<\/li>\r\n<\/ol>\r\n<p>De acuerdo con las disposiciones del c\u00f3digo del consumidor, usted tiene derecho a devolver su pedido dentro de los 7 d\u00edas siguientes a la recepci\u00f3n. De este modo, puede obtener el derecho de devolver un producto que no le convenga. Los gastos de env\u00edo relacionados con su pedido inicial no ser\u00e1n reembolsados. Con el fin de facilitar la gesti\u00f3n de su devoluci\u00f3n, para un mejor servicio y antes de cualquier devoluci\u00f3n, le pedimos que nos env\u00ede una solicitud de devoluci\u00f3n incluyendo el motivo de la misma y las referencias correspondientes en un plazo de 7 d\u00edas a nuestro servicio de atenci\u00f3n al consumidor por Correo (client@littlebigdolls.com).<\/p>\r\n<p>&nbsp;<\/p>\r\n<ol start=\"7\">\r\n<li>\r\n<h2><strong>Procedimiento de devoluci\u00f3n de un producto<\/strong><\/h2>\r\n<\/li>\r\n<\/ol>\r\n<p>Para ejercer su derecho de devoluci\u00f3n, primero debe ponerse en contacto con el Servicio de Atenci\u00f3n al Consumidor indicando el motivo de la devoluci\u00f3n. Si la devoluci\u00f3n se debe a un error de LITTLEBIGDOLLS, o a una falta de conformidad del producto, deber\u00e1 organizar el env\u00edo de su pedido por el proveedor de servicios de su elecci\u00f3n. A continuaci\u00f3n, dispone de 30 d\u00edas para devolvernos el producto. Se le reembolsar\u00e1 el precio del producto o productos pedidos y devueltos. Los gastos de env\u00edo para la devoluci\u00f3n de los productos correr\u00e1n a su cargo. El (los) producto(s) debe(n) ser devuelto(s) imperativamente a LITTLEBIGDOLLS en un estado apto para la reventa, es decir, cumpliendo con las condiciones de devoluci\u00f3n establecidas a continuaci\u00f3n:<\/p>\r\n<p>en su estado original exacto.<\/p>\r\n<p>dentro de su embalaje, que debe estar intacto.<\/p>\r\n<p>con todos los accesorios que se adjuntaron.<\/p>\r\n<p>En perfecto estado.<\/p>\r\n<p>sin ning\u00fan rastro de uso.<\/p>\r\n<p>No se aceptar\u00e1n art\u00edculos incompletos, da\u00f1ados, sucios o deteriorados por el cliente.<\/p>\r\n<p>&nbsp;<\/p>\r\n<ol start=\"8\">\r\n<li>\r\n<h2><strong>Atenci\u00f3n al cliente<\/strong><\/h2>\r\n<\/li>\r\n<\/ol>\r\n<p>Estamos a su disposici\u00f3n de lunes a viernes de 14:00 a 17:00 horas para cualquier reclamaci\u00f3n, informaci\u00f3n o consulta en la direcci\u00f3n de correo electr\u00f3nico contact[a]ittlebigdolls.com.<\/p>\r\n<p>&nbsp;<\/p>\r\n<ol start=\"9\">\r\n<li>\r\n<h2><strong>Garant\u00edas<\/strong><\/h2>\r\n<\/li>\r\n<\/ol>\r\n<p>9.1 &#8211; Usted debe comprobar los productos a la entrega<\/p>\r\n<p>Si los productos entregados: calidad, cantidad y conformidad de la mercanc\u00eda, no corresponden a su pedido, le invitamos a ponerse en contacto con el soporte en la direcci\u00f3n de correo electr\u00f3nico contact[a]ittlebigdolls.com y darnos toda la informaci\u00f3n relacionada con su pedido.<\/p>\r\n<p>9.2 &#8211; El producto s\u00f3lo debe utilizarse para los usos correspondientes a la naturaleza decorativa del producto. En caso de uso contrario o de mala utilizaci\u00f3n, no se deber\u00e1 ninguna garant\u00eda. LITTLEBIGDOLLS no se hace responsable de los da\u00f1os o accidentes causados por los productos distribuidos.<\/p>\r\n<p>&nbsp;<\/p>\r\n<ol start=\"10\">\r\n<li>\r\n<h2><strong>Productos<\/strong><\/h2>\r\n<\/li>\r\n<\/ol>\r\n<p>Animados por la preocupaci\u00f3n permanente de ofrecerle un producto de calidad, nos reservamos el derecho de hacer evolucionar las caracter\u00edsticas de nuestros productos con el fin de ofrecerle siempre el mejor servicio.<\/p>\r\n<p>&nbsp;<\/p>\r\n<ol start=\"11\">\r\n<li>\r\n<h2><strong>Responsabilidad<\/strong><\/h2>\r\n<\/li>\r\n<\/ol>\r\n<p>Los productos ofrecidos por LITTLEBIGDOLLS no son considerados como juguetes y no requieren el marcado CE para ser distribuidos en la zona europea. LITTLEBIGDOLLS no ser\u00e1 responsable del incumplimiento del contrato celebrado en caso de falta de existencias o de indisponibilidad del producto, de fuerza mayor, de perturbaci\u00f3n y en particular de los medios de transporte y\/o de las comunicaciones, en caso de inundaci\u00f3n o de incendio. Los enlaces de hipertexto pueden remitir a sitios distintos de https:\/\/littlebigdolls.com. LITTLEBIGDOLLS declina toda responsabilidad en caso de que el contenido de estos sitios sea contrario a las disposiciones legales y reglamentarias vigentes. Asimismo, LITTLEBIGDOLLS no se hace responsable de los posibles fallos de funcionamiento de la red de Internet.<\/p>\r\n<p>&nbsp;<\/p>\r\n<ol start=\"12\">\r\n<li>\r\n<h2><strong>Propiedad intelectual<\/strong><\/h2>\r\n<\/li>\r\n<\/ol>\r\n<p>Todos los textos, comentarios, obras, ilustraciones e im\u00e1genes reproducidas en el sitio littlebigdolls.com est\u00e1n reservados bajo el derecho de autor as\u00ed como el t\u00edtulo de la propiedad intelectual y para todo el mundo. Como tal y de acuerdo con las disposiciones del c\u00f3digo de la propiedad intelectual, s\u00f3lo se permite el uso para uso privado sujeto a diferentes disposiciones a\u00fan m\u00e1s restrictivas del c\u00f3digo de la propiedad intelectual. Cualquier otro uso constituir\u00eda una falsificaci\u00f3n y ser\u00eda sancionado por la ley de propiedad intelectual, salvo autorizaci\u00f3n previa de LITTLEBIGDOLLS. Cualquier reproducci\u00f3n total o parcial del cat\u00e1logo de LITTLEBIGDOLLS est\u00e1 estrictamente prohibida.<\/p>\r\n<p>&nbsp;<\/p>\r\n<ol start=\"13\">\r\n<li>\r\n<h2><strong>Informaci\u00f3n nominativa<\/strong><\/h2>\r\n<\/li>\r\n<\/ol>\r\n<p>LITTLEBIGDOLLS se compromete a no divulgar a terceros la informaci\u00f3n que usted le comunique. Esta informaci\u00f3n es confidencial y s\u00f3lo ser\u00e1 utilizada por los servicios internos de LITTLEBIGDOLLS para el tratamiento de los pedidos y para reforzar y personalizar la comunicaci\u00f3n y las ofertas de productos reservadas a los clientes de LITTLEBIGDOLLS. Los datos bancarios del cliente (n\u00famero de tarjeta de cr\u00e9dito y fecha de validez) son encriptados por el sistema SSL. Son inaccesibles para un tercero y nunca se conservar\u00e1n en la base de datos de LITTLEBIGDOLLS. Salvo indicaci\u00f3n contraria por su parte, conservaremos sus datos de contacto para enviarle eventualmente informaci\u00f3n sobre nuestros productos. Tiene derecho a acceder, rectificar o eliminar sus datos personales.<\/p>\r\n<p>&nbsp;<\/p>\r\n\r\n","protected":false},"excerpt":{"rendered":"<p>T\u00e9rminos y Condiciones Generales LITTLEBIGDOLLS\u00ae Estas condiciones rigen la venta de los productos LITTLEBIGDOLLS presentados en este sitio. Estas condiciones se aplican con exclusi\u00f3n de cualquier otra condici\u00f3n que aparezca en cualquier otro documento. Son aplicables en todo el mundo. LITTLEBIGDOLLS se reserva el derecho de modificar sus condiciones generales de venta. Cualquier nueva versi\u00f3n [&hellip;]<\/p>\n","protected":false},"author":8,"featured_media":1138,"parent":0,"menu_order":0,"comment_status":"closed","ping_status":"closed","template":"page-builder.php","meta":{"inline_featured_image":false,"_genesis_hide_title":false,"_genesis_hide_breadcrumbs":false,"_genesis_hide_singular_image":false,"_genesis_hide_footer_widgets":false,"_genesis_custom_body_class":"","_genesis_custom_post_class":"","_genesis_layout":""},"folder":[32],"yoast_head":"<!-- This site is optimized with the Yoast SEO plugin v20.6 - https:\/\/yoast.com\/wordpress\/plugins\/seo\/ -->\n<title>Terms &amp; Conditions | LittleBigDolls<\/title>\n<meta name=\"description\" content=\"Colecci\u00f3n de mu\u00f1ecas de trapo - LittleBigDolls - Terms and Conditions\" \/>\n<meta name=\"robots\" content=\"index, follow, max-snippet:-1, max-image-preview:large, max-video-preview:-1\" \/>\n<link rel=\"canonical\" href=\"https:\/\/littlebigdolls.com\/es\/terms-and-conditions\/\" \/>\n<meta property=\"og:locale\" content=\"es_ES\" \/>\n<meta property=\"og:type\" content=\"article\" \/>\n<meta property=\"og:title\" content=\"Terms &amp; Conditions | LittleBigDolls\" \/>\n<meta property=\"og:description\" content=\"Colecci\u00f3n de mu\u00f1ecas de trapo - LittleBigDolls - Terms and Conditions\" \/>\n<meta property=\"og:url\" content=\"https:\/\/littlebigdolls.com\/es\/terms-and-conditions\/\" \/>\n<meta property=\"og:site_name\" content=\"LittleBigDolls | Art Toys with a Soul\" \/>\n<meta property=\"article:modified_time\" content=\"2021-03-03T16:21:16+00:00\" \/>\n<meta property=\"og:image\" content=\"https:\/\/littlebigdolls.com\/wp-content\/uploads\/2020\/01\/LittleBigDolls_logo.png\" \/>\n\t<meta property=\"og:image:width\" content=\"3298\" \/>\n\t<meta property=\"og:image:height\" content=\"695\" \/>\n\t<meta property=\"og:image:type\" content=\"image\/png\" \/>\n<meta name=\"twitter:card\" content=\"summary_large_image\" \/>\n<meta name=\"twitter:label1\" content=\"Tiempo de lectura\" \/>\n\t<meta name=\"twitter:data1\" content=\"12 minutos\" \/>\n<script type=\"application\/ld+json\" class=\"yoast-schema-graph\">{\"@context\":\"https:\/\/schema.org\",\"@graph\":[{\"@type\":\"WebPage\",\"@id\":\"https:\/\/littlebigdolls.com\/es\/terms-and-conditions\/\",\"url\":\"https:\/\/littlebigdolls.com\/es\/terms-and-conditions\/\",\"name\":\"Terms & Conditions | LittleBigDolls\",\"isPartOf\":{\"@id\":\"https:\/\/littlebigdolls.com\/fr\/#website\"},\"datePublished\":\"2021-03-03T10:37:35+00:00\",\"dateModified\":\"2021-03-03T16:21:16+00:00\",\"description\":\"Colecci\u00f3n de mu\u00f1ecas de trapo - LittleBigDolls - Terms and Conditions\",\"breadcrumb\":{\"@id\":\"https:\/\/littlebigdolls.com\/es\/terms-and-conditions\/#breadcrumb\"},\"inLanguage\":\"es\",\"potentialAction\":[{\"@type\":\"ReadAction\",\"target\":[\"https:\/\/littlebigdolls.com\/es\/terms-and-conditions\/\"]}]},{\"@type\":\"BreadcrumbList\",\"@id\":\"https:\/\/littlebigdolls.com\/es\/terms-and-conditions\/#breadcrumb\",\"itemListElement\":[{\"@type\":\"ListItem\",\"position\":1,\"name\":\"Home\",\"item\":\"https:\/\/littlebigdolls.com\/es\/\"},{\"@type\":\"ListItem\",\"position\":2,\"name\":\"Terms and Conditions\"}]},{\"@type\":\"WebSite\",\"@id\":\"https:\/\/littlebigdolls.com\/fr\/#website\",\"url\":\"https:\/\/littlebigdolls.com\/fr\/\",\"name\":\"LittleBigDolls | Art Toys with a Soul\",\"description\":\"Collecci\u00f3n de mu\u00f1ecas de trapo y peluche que representan figuras ic\u00f3nicas y  hist\u00f3ricas. Regalos originales - Dise\u00f1ador y fabricante de juguetes\",\"potentialAction\":[{\"@type\":\"SearchAction\",\"target\":{\"@type\":\"EntryPoint\",\"urlTemplate\":\"https:\/\/littlebigdolls.com\/fr\/?s={search_term_string}\"},\"query-input\":\"required name=search_term_string\"}],\"inLanguage\":\"es\"}]}<\/script>\n<!-- \/ Yoast SEO plugin. -->","yoast_head_json":{"title":"Terms & Conditions | LittleBigDolls","description":"Colecci\u00f3n de mu\u00f1ecas de trapo - LittleBigDolls - Terms and Conditions","robots":{"index":"index","follow":"follow","max-snippet":"max-snippet:-1","max-image-preview":"max-image-preview:large","max-video-preview":"max-video-preview:-1"},"canonical":"https:\/\/littlebigdolls.com\/es\/terms-and-conditions\/","og_locale":"es_ES","og_type":"article","og_title":"Terms & Conditions | LittleBigDolls","og_description":"Colecci\u00f3n de mu\u00f1ecas de trapo - LittleBigDolls - Terms and Conditions","og_url":"https:\/\/littlebigdolls.com\/es\/terms-and-conditions\/","og_site_name":"LittleBigDolls | Art Toys with a Soul","article_modified_time":"2021-03-03T16:21:16+00:00","og_image":[{"width":3298,"height":695,"url":"https:\/\/littlebigdolls.com\/wp-content\/uploads\/2020\/01\/LittleBigDolls_logo.png","type":"image\/png"}],"twitter_card":"summary_large_image","twitter_misc":{"Tiempo de lectura":"12 minutos"},"schema":{"@context":"https:\/\/schema.org","@graph":[{"@type":"WebPage","@id":"https:\/\/littlebigdolls.com\/es\/terms-and-conditions\/","url":"https:\/\/littlebigdolls.com\/es\/terms-and-conditions\/","name":"Terms & Conditions | LittleBigDolls","isPartOf":{"@id":"https:\/\/littlebigdolls.com\/fr\/#website"},"datePublished":"2021-03-03T10:37:35+00:00","dateModified":"2021-03-03T16:21:16+00:00","description":"Colecci\u00f3n de mu\u00f1ecas de trapo - LittleBigDolls - Terms and Conditions","breadcrumb":{"@id":"https:\/\/littlebigdolls.com\/es\/terms-and-conditions\/#breadcrumb"},"inLanguage":"es","potentialAction":[{"@type":"ReadAction","target":["https:\/\/littlebigdolls.com\/es\/terms-and-conditions\/"]}]},{"@type":"BreadcrumbList","@id":"https:\/\/littlebigdolls.com\/es\/terms-and-conditions\/#breadcrumb","itemListElement":[{"@type":"ListItem","position":1,"name":"Home","item":"https:\/\/littlebigdolls.com\/es\/"},{"@type":"ListItem","position":2,"name":"Terms and Conditions"}]},{"@type":"WebSite","@id":"https:\/\/littlebigdolls.com\/fr\/#website","url":"https:\/\/littlebigdolls.com\/fr\/","name":"LittleBigDolls | Art Toys with a Soul","description":"Collecci\u00f3n de mu\u00f1ecas de trapo y peluche que representan figuras ic\u00f3nicas y  hist\u00f3ricas. Regalos originales - Dise\u00f1ador y fabricante de juguetes","potentialAction":[{"@type":"SearchAction","target":{"@type":"EntryPoint","urlTemplate":"https:\/\/littlebigdolls.com\/fr\/?s={search_term_string}"},"query-input":"required name=search_term_string"}],"inLanguage":"es"}]}},"_links":{"self":[{"href":"https:\/\/littlebigdolls.com\/es\/wp-json\/wp\/v2\/pages\/40533"}],"collection":[{"href":"https:\/\/littlebigdolls.com\/es\/wp-json\/wp\/v2\/pages"}],"about":[{"href":"https:\/\/littlebigdolls.com\/es\/wp-json\/wp\/v2\/types\/page"}],"author":[{"embeddable":true,"href":"https:\/\/littlebigdolls.com\/es\/wp-json\/wp\/v2\/users\/8"}],"replies":[{"embeddable":true,"href":"https:\/\/littlebigdolls.com\/es\/wp-json\/wp\/v2\/comments?post=40533"}],"version-history":[{"count":4,"href":"https:\/\/littlebigdolls.com\/es\/wp-json\/wp\/v2\/pages\/40533\/revisions"}],"predecessor-version":[{"id":40569,"href":"https:\/\/littlebigdolls.com\/es\/wp-json\/wp\/v2\/pages\/40533\/revisions\/40569"}],"wp:featuredmedia":[{"embeddable":true,"href":"https:\/\/littlebigdolls.com\/es\/wp-json\/wp\/v2\/media\/1138"}],"wp:attachment":[{"href":"https:\/\/littlebigdolls.com\/es\/wp-json\/wp\/v2\/media?parent=40533"}],"wp:term":[{"taxonomy":"folder","embeddable":true,"href":"https:\/\/littlebigdolls.com\/es\/wp-json\/wp\/v2\/folder?post=40533"}],"curies":[{"name":"wp","href":"https:\/\/api.w.org\/{rel}","templated":true}]}}