{"id":41684,"date":"2021-03-12T15:51:04","date_gmt":"2021-03-12T15:51:04","guid":{"rendered":"https:\/\/littlebigdolls.com\/home-pro\/"},"modified":"2021-05-20T17:26:07","modified_gmt":"2021-05-20T17:26:07","slug":"munecas-creador-juguettos-merchandising","status":"publish","type":"page","link":"https:\/\/littlebigdolls.com\/es\/munecas-creador-juguettos-merchandising\/","title":{"rendered":"Munecas creador juguettos merchandising"},"content":{"rendered":"\r\n\r\n\t\t\t\t<img loading=\"lazy\" src=\"https:\/\/littlebigdolls.com\/wp-content\/uploads\/michel-polnareff-rag-doll.jpg\" alt=\"michel polnareff rag doll\" itemprop=\"image\" height=\"1080\" width=\"1920\" title=\"michel polnareff rag doll\" onerror=\"this.style.display='none'\"  \/>\r\n\t<h1>DISE\u00d1ADOR DE  MU\u00d1ECAS QUE REPRESENTAN LOS M\u00c1S GRANDES ICONOS Y ARTISTAS DE NUESTRO PATRIMONIO CULTURAL&#8230;<\/h1>\r\n\t\t\t\t<img src=\"https:\/\/littlebigdolls.com\/wp-content\/uploads\/gift-idea-red-g.png\" alt=\"gift idea red g\" title=\"gift-idea-red-g\" itemprop=\"image\"\/>\r\n\t<h2>IDEA DE REGALO ORIGINAL&#8230;<\/h2>\r\n\t\t\t\t<img src=\"https:\/\/littlebigdolls.com\/wp-content\/uploads\/gift-idea-red-g.png\" alt=\"gift idea red g\" title=\"gift-idea-red-g\" itemprop=\"image\"\/>\r\n\t<h2>UN  PRODUCTO DERIVADO IMPRESCINDIBLE PARA<br \/>\r\nTODOS LOS AFICIONADOS&#8230;<\/h2>\r\n\t\t\t\t<img src=\"https:\/\/littlebigdolls.com\/wp-content\/uploads\/fans-red-d.png\" alt=\"fans red d\" title=\"fans-red-d\" itemprop=\"image\"\/>\r\n\t\t\t\t<img src=\"https:\/\/littlebigdolls.com\/wp-content\/uploads\/fans-red-d.png\" alt=\"fans red d\" title=\"fans-red-d\" itemprop=\"image\"\/>\r\n\t\t\t\t<img src=\"https:\/\/littlebigdolls.com\/wp-content\/uploads\/kids2-g.png\" alt=\"kids g\" title=\"kids2-g\" itemprop=\"image\"\/>\r\n\t<h2>UN COMPA\u00d1ERO  LLENO DE  HISTORIA PARA  TODOS  LOS  NI\u00d1OS DE 0 A 112 A\u00d1OS&#8230;<\/h2>\r\n\t\t\t\t<img src=\"https:\/\/littlebigdolls.com\/wp-content\/uploads\/kids2-g.png\" alt=\"kids g\" title=\"kids2-g\" itemprop=\"image\"\/>\r\n\t<h2>HECHOS A MANO Y<br \/>\r\n100% ECO-FRIENDLY&#8230;<\/h2>\r\n\t\t\t\t<a href=\"\/handmade-eco-friendly-rag-dolls-collection\/\" target=\"_self\" itemprop=\"url\" rel=\"noopener noreferrer\">\r\n\t\t\t\t<img loading=\"lazy\" src=\"https:\/\/littlebigdolls.com\/wp-content\/uploads\/2020\/11\/quality.png\" alt=\"quality\" itemprop=\"image\" height=\"100\" width=\"305\" title=\"quality\" onerror=\"this.style.display='none'\"  \/>\r\n\t\t\t\t<\/a>\r\n\t\t\t\t<a href=\"\/handmade-eco-friendly-rag-dolls-collection\/\" target=\"_blank\" rel=\"noopener noreferrer\" itemprop=\"url\">\r\n\t\t\t\t<img loading=\"lazy\" src=\"https:\/\/littlebigdolls.com\/wp-content\/uploads\/2020\/11\/quality.png\" alt=\"quality\" itemprop=\"image\" height=\"100\" width=\"305\" title=\"quality\" onerror=\"this.style.display='none'\"  \/>\r\n\t\t\t\t<\/a>\r\n\t<h2>PROYECTOS DE COBRANZA&#8230;<\/h2>\r\n\t\t\t\t<a href=\"https:\/\/littlebigdolls.com\/es\/munecas-co-branding-juguettos-merchandising\/\" target=\"_blank\" rel=\"noopener noreferrer\" itemprop=\"url\">\r\n\t\t\t\t<img loading=\"lazy\" src=\"https:\/\/littlebigdolls.com\/wp-content\/uploads\/munecas-co-branding-juguettos-merchandising.jpg\" alt=\"munecas co branding juguettos merchandising\" itemprop=\"image\" height=\"596\" width=\"1100\" title=\"munecas-co-branding-juguettos-merchandising\" onerror=\"this.style.display='none'\"  \/>\r\n\t\t\t\t<\/a>\r\n\t\t\t\t<a href=\"https:\/\/littlebigdolls.com\/es\/munecas-co-branding-juguettos-merchandising\/\" target=\"_self\" itemprop=\"url\" rel=\"noopener noreferrer\">\r\n\t\t\t\t<img loading=\"lazy\" src=\"https:\/\/littlebigdolls.com\/wp-content\/uploads\/descubra-los-proyectos.png\" alt=\"descubra-los-proyectos\" itemprop=\"image\" height=\"115\" width=\"860\" title=\"descubra-los-proyectos\" onerror=\"this.style.display='none'\"  \/>\r\n\t\t\t\t<\/a>\r\n\t<h2>PROYECTOS DE CELEBRITADES&#8230;<\/h2>\r\n\t\t\t\t<a href=\"https:\/\/littlebigdolls.com\/es\/munecas-personas-famosas-creador-juguettos-merchandising\/\" target=\"_blank\" rel=\"noopener noreferrer\" itemprop=\"url\">\r\n\t\t\t\t<img loading=\"lazy\" src=\"https:\/\/littlebigdolls.com\/wp-content\/uploads\/munecas-personas-famosas-creador-juguettos-merchandising.jpg\" alt=\"munecas personas famosas creador juguettos merchandising\" itemprop=\"image\" height=\"857\" width=\"1100\" title=\"munecas-personas-famosas-creador-juguettos-merchandising\" onerror=\"this.style.display='none'\"  \/>\r\n\t\t\t\t<\/a>\r\n\t\t\t\t<a href=\"https:\/\/littlebigdolls.com\/es\/munecas-personas-famosas-creador-juguettos-merchandising\/\" target=\"_self\" itemprop=\"url\" rel=\"noopener noreferrer\">\r\n\t\t\t\t<img loading=\"lazy\" src=\"https:\/\/littlebigdolls.com\/wp-content\/uploads\/descubra-los-modelos.png\" alt=\"descubra-los-modelos\" itemprop=\"image\" height=\"115\" width=\"860\" title=\"descubra-los-modelos\" onerror=\"this.style.display='none'\"  \/>\r\n\t\t\t\t<\/a>\r\n\t\t\t\t<a href=\"\/contact\/\" target=\"_self\" itemprop=\"url\" rel=\"noopener noreferrer\">\r\n\t\t\t\t<img loading=\"lazy\" src=\"https:\/\/littlebigdolls.com\/wp-content\/uploads\/contact-r-g.png\" alt=\"contact r g\" itemprop=\"image\" height=\"100\" width=\"305\" title=\"contact r g\" onerror=\"this.style.display='none'\"  \/>\r\n\t\t\t\t<\/a>\r\n\t<h2>ALGUNA PREGUNTA ?<br \/>\r\nPOR AH\u00cd !<\/h2>\r\n\t\t\t\t<a href=\"\/contact\/\" target=\"_self\" itemprop=\"url\" rel=\"noopener noreferrer\">\r\n\t\t\t\t<img loading=\"lazy\" src=\"https:\/\/littlebigdolls.com\/wp-content\/uploads\/contact-r-g.png\" alt=\"contact r g\" itemprop=\"image\" height=\"100\" width=\"305\" title=\"contact r g\" onerror=\"this.style.display='none'\"  \/>\r\n\t\t\t\t<\/a>\r\n\r\n","protected":false},"excerpt":{"rendered":"<p>DISE\u00d1ADOR DE MU\u00d1ECAS QUE REPRESENTAN LOS M\u00c1S GRANDES ICONOS Y ARTISTAS DE NUESTRO PATRIMONIO CULTURAL&#8230; IDEA DE REGALO ORIGINAL&#8230; UN PRODUCTO DERIVADO IMPRESCINDIBLE PARA TODOS LOS AFICIONADOS&#8230; UN COMPA\u00d1ERO LLENO DE HISTORIA PARA TODOS LOS NI\u00d1OS DE 0 A 112 A\u00d1OS&#8230; HECHOS A MANO Y 100% ECO-FRIENDLY&#8230; PROYECTOS DE COBRANZA&#8230; PROYECTOS DE CELEBRITADES&#8230; ALGUNA PREGUNTA [&hellip;]<\/p>\n","protected":false},"author":8,"featured_media":1138,"parent":0,"menu_order":0,"comment_status":"closed","ping_status":"closed","template":"page-builder.php","meta":{"inline_featured_image":false,"_genesis_hide_title":false,"_genesis_hide_breadcrumbs":false,"_genesis_hide_singular_image":false,"_genesis_hide_footer_widgets":false,"_genesis_custom_body_class":"","_genesis_custom_post_class":"","_genesis_layout":""},"folder":[214],"yoast_head":"<!-- This site is optimized with the Yoast SEO plugin v20.6 - https:\/\/yoast.com\/wordpress\/plugins\/seo\/ -->\n<title>Mu\u00f1ecas | Peluches gigantes | Juguettos | MERCHANDISING<\/title>\n<meta name=\"description\" content=\"Mu\u00f1ecas y mu\u00f1ecas de trapo hecha a medida para su merchandising... Cantantes, Actores, Deportistas, Artistas, Museos. Mu\u00f1ecos de dise\u00f1o para todos los aficionados...\" \/>\n<meta name=\"robots\" content=\"index, follow, max-snippet:-1, max-image-preview:large, max-video-preview:-1\" \/>\n<link rel=\"canonical\" href=\"https:\/\/littlebigdolls.com\/es\/munecas-creador-juguettos-merchandising\/\" \/>\n<meta property=\"og:locale\" content=\"es_ES\" \/>\n<meta property=\"og:type\" content=\"article\" \/>\n<meta property=\"og:title\" content=\"Mu\u00f1ecas | Peluches gigantes | Juguettos | MERCHANDISING\" \/>\n<meta property=\"og:description\" content=\"Mu\u00f1ecas y mu\u00f1ecas de trapo hecha a medida para su merchandising... Cantantes, Actores, Deportistas, Artistas, Museos. Mu\u00f1ecos de dise\u00f1o para todos los aficionados...\" \/>\n<meta property=\"og:url\" content=\"https:\/\/littlebigdolls.com\/es\/munecas-creador-juguettos-merchandising\/\" \/>\n<meta property=\"og:site_name\" content=\"LittleBigDolls | Art Toys with a Soul\" \/>\n<meta property=\"article:modified_time\" content=\"2021-05-20T17:26:07+00:00\" \/>\n<meta property=\"og:image\" content=\"https:\/\/littlebigdolls.com\/wp-content\/uploads\/2020\/01\/LittleBigDolls_logo.png\" \/>\n\t<meta property=\"og:image:width\" content=\"3298\" \/>\n\t<meta property=\"og:image:height\" content=\"695\" \/>\n\t<meta property=\"og:image:type\" content=\"image\/png\" \/>\n<meta name=\"twitter:card\" content=\"summary_large_image\" \/>\n<script type=\"application\/ld+json\" class=\"yoast-schema-graph\">{\"@context\":\"https:\/\/schema.org\",\"@graph\":[{\"@type\":\"WebPage\",\"@id\":\"https:\/\/littlebigdolls.com\/es\/munecas-creador-juguettos-merchandising\/\",\"url\":\"https:\/\/littlebigdolls.com\/es\/munecas-creador-juguettos-merchandising\/\",\"name\":\"Mu\u00f1ecas | Peluches gigantes | Juguettos | MERCHANDISING\",\"isPartOf\":{\"@id\":\"https:\/\/littlebigdolls.com\/fr\/#website\"},\"datePublished\":\"2021-03-12T15:51:04+00:00\",\"dateModified\":\"2021-05-20T17:26:07+00:00\",\"description\":\"Mu\u00f1ecas y mu\u00f1ecas de trapo hecha a medida para su merchandising... Cantantes, Actores, Deportistas, Artistas, Museos. Mu\u00f1ecos de dise\u00f1o para todos los aficionados...\",\"breadcrumb\":{\"@id\":\"https:\/\/littlebigdolls.com\/es\/munecas-creador-juguettos-merchandising\/#breadcrumb\"},\"inLanguage\":\"es\",\"potentialAction\":[{\"@type\":\"ReadAction\",\"target\":[\"https:\/\/littlebigdolls.com\/es\/munecas-creador-juguettos-merchandising\/\"]}]},{\"@type\":\"BreadcrumbList\",\"@id\":\"https:\/\/littlebigdolls.com\/es\/munecas-creador-juguettos-merchandising\/#breadcrumb\",\"itemListElement\":[{\"@type\":\"ListItem\",\"position\":1,\"name\":\"Home\",\"item\":\"https:\/\/littlebigdolls.com\/es\/\"},{\"@type\":\"ListItem\",\"position\":2,\"name\":\"Munecas creador juguettos merchandising\"}]},{\"@type\":\"WebSite\",\"@id\":\"https:\/\/littlebigdolls.com\/fr\/#website\",\"url\":\"https:\/\/littlebigdolls.com\/fr\/\",\"name\":\"LittleBigDolls | Art Toys with a Soul\",\"description\":\"Collecci\u00f3n de mu\u00f1ecas de trapo y peluche que representan figuras ic\u00f3nicas y  hist\u00f3ricas. Regalos originales - Dise\u00f1ador y fabricante de juguetes\",\"potentialAction\":[{\"@type\":\"SearchAction\",\"target\":{\"@type\":\"EntryPoint\",\"urlTemplate\":\"https:\/\/littlebigdolls.com\/fr\/?s={search_term_string}\"},\"query-input\":\"required name=search_term_string\"}],\"inLanguage\":\"es\"}]}<\/script>\n<!-- \/ Yoast SEO plugin. -->","yoast_head_json":{"title":"Mu\u00f1ecas | Peluches gigantes | Juguettos | MERCHANDISING","description":"Mu\u00f1ecas y mu\u00f1ecas de trapo hecha a medida para su merchandising... Cantantes, Actores, Deportistas, Artistas, Museos. Mu\u00f1ecos de dise\u00f1o para todos los aficionados...","robots":{"index":"index","follow":"follow","max-snippet":"max-snippet:-1","max-image-preview":"max-image-preview:large","max-video-preview":"max-video-preview:-1"},"canonical":"https:\/\/littlebigdolls.com\/es\/munecas-creador-juguettos-merchandising\/","og_locale":"es_ES","og_type":"article","og_title":"Mu\u00f1ecas | Peluches gigantes | Juguettos | MERCHANDISING","og_description":"Mu\u00f1ecas y mu\u00f1ecas de trapo hecha a medida para su merchandising... Cantantes, Actores, Deportistas, Artistas, Museos. Mu\u00f1ecos de dise\u00f1o para todos los aficionados...","og_url":"https:\/\/littlebigdolls.com\/es\/munecas-creador-juguettos-merchandising\/","og_site_name":"LittleBigDolls | Art Toys with a Soul","article_modified_time":"2021-05-20T17:26:07+00:00","og_image":[{"width":3298,"height":695,"url":"https:\/\/littlebigdolls.com\/wp-content\/uploads\/2020\/01\/LittleBigDolls_logo.png","type":"image\/png"}],"twitter_card":"summary_large_image","schema":{"@context":"https:\/\/schema.org","@graph":[{"@type":"WebPage","@id":"https:\/\/littlebigdolls.com\/es\/munecas-creador-juguettos-merchandising\/","url":"https:\/\/littlebigdolls.com\/es\/munecas-creador-juguettos-merchandising\/","name":"Mu\u00f1ecas | Peluches gigantes | Juguettos | MERCHANDISING","isPartOf":{"@id":"https:\/\/littlebigdolls.com\/fr\/#website"},"datePublished":"2021-03-12T15:51:04+00:00","dateModified":"2021-05-20T17:26:07+00:00","description":"Mu\u00f1ecas y mu\u00f1ecas de trapo hecha a medida para su merchandising... Cantantes, Actores, Deportistas, Artistas, Museos. Mu\u00f1ecos de dise\u00f1o para todos los aficionados...","breadcrumb":{"@id":"https:\/\/littlebigdolls.com\/es\/munecas-creador-juguettos-merchandising\/#breadcrumb"},"inLanguage":"es","potentialAction":[{"@type":"ReadAction","target":["https:\/\/littlebigdolls.com\/es\/munecas-creador-juguettos-merchandising\/"]}]},{"@type":"BreadcrumbList","@id":"https:\/\/littlebigdolls.com\/es\/munecas-creador-juguettos-merchandising\/#breadcrumb","itemListElement":[{"@type":"ListItem","position":1,"name":"Home","item":"https:\/\/littlebigdolls.com\/es\/"},{"@type":"ListItem","position":2,"name":"Munecas creador juguettos merchandising"}]},{"@type":"WebSite","@id":"https:\/\/littlebigdolls.com\/fr\/#website","url":"https:\/\/littlebigdolls.com\/fr\/","name":"LittleBigDolls | Art Toys with a Soul","description":"Collecci\u00f3n de mu\u00f1ecas de trapo y peluche que representan figuras ic\u00f3nicas y  hist\u00f3ricas. Regalos originales - Dise\u00f1ador y fabricante de juguetes","potentialAction":[{"@type":"SearchAction","target":{"@type":"EntryPoint","urlTemplate":"https:\/\/littlebigdolls.com\/fr\/?s={search_term_string}"},"query-input":"required name=search_term_string"}],"inLanguage":"es"}]}},"_links":{"self":[{"href":"https:\/\/littlebigdolls.com\/es\/wp-json\/wp\/v2\/pages\/41684"}],"collection":[{"href":"https:\/\/littlebigdolls.com\/es\/wp-json\/wp\/v2\/pages"}],"about":[{"href":"https:\/\/littlebigdolls.com\/es\/wp-json\/wp\/v2\/types\/page"}],"author":[{"embeddable":true,"href":"https:\/\/littlebigdolls.com\/es\/wp-json\/wp\/v2\/users\/8"}],"replies":[{"embeddable":true,"href":"https:\/\/littlebigdolls.com\/es\/wp-json\/wp\/v2\/comments?post=41684"}],"version-history":[{"count":15,"href":"https:\/\/littlebigdolls.com\/es\/wp-json\/wp\/v2\/pages\/41684\/revisions"}],"predecessor-version":[{"id":44861,"href":"https:\/\/littlebigdolls.com\/es\/wp-json\/wp\/v2\/pages\/41684\/revisions\/44861"}],"wp:featuredmedia":[{"embeddable":true,"href":"https:\/\/littlebigdolls.com\/es\/wp-json\/wp\/v2\/media\/1138"}],"wp:attachment":[{"href":"https:\/\/littlebigdolls.com\/es\/wp-json\/wp\/v2\/media?parent=41684"}],"wp:term":[{"taxonomy":"folder","embeddable":true,"href":"https:\/\/littlebigdolls.com\/es\/wp-json\/wp\/v2\/folder?post=41684"}],"curies":[{"name":"wp","href":"https:\/\/api.w.org\/{rel}","templated":true}]}}