{"id":42696,"date":"2021-04-29T10:12:13","date_gmt":"2021-04-29T10:12:13","guid":{"rendered":"https:\/\/littlebigdolls.com\/design-doll-maker-rag-dolls-projects\/"},"modified":"2021-05-20T12:59:11","modified_gmt":"2021-05-20T12:59:11","slug":"munecas-co-branding-juguettos-merchandising","status":"publish","type":"page","link":"https:\/\/littlebigdolls.com\/es\/munecas-co-branding-juguettos-merchandising\/","title":{"rendered":"Munecas co branding juguettos merchandising"},"content":{"rendered":"\n\n\t<h1>DESCUBRE NUESTROS  PROYECTOS  DE CO-BRANDING&#8230;<\/h1>\n\t\t\t\t<a href=\"https:\/\/littlebigdolls.com\/es\/muneca-de-trapo\/frida-kahlo-muneca-de-trapo-peluche\/\" target=\"_self\" itemprop=\"url\" rel=\"noopener noreferrer\">\n\t\t\t\t<img loading=\"lazy\" src=\"https:\/\/littlebigdolls.com\/wp-content\/uploads\/frida-kahlo-corporation.jpg\" alt=\"frida-kahlo-corporation\" itemprop=\"image\" height=\"283\" width=\"400\" title=\"frida-kahlo-corporation\" onerror=\"this.style.display='none'\"  \/>\n\t\t\t\t<\/a>\n\t<h2>FRIDA KAHLO&#8230;<\/h2>\n\t\t\t\t<a href=\"https:\/\/littlebigdolls.com\/es\/muneca-de-trapo\/frida-kahlo-muneca-de-trapo-peluche\/\" target=\"_self\" itemprop=\"url\" rel=\"noopener noreferrer\">\n\t\t\t\t<img loading=\"lazy\" src=\"https:\/\/littlebigdolls.com\/wp-content\/uploads\/frida-kahlo-corporation.jpg\" alt=\"frida-kahlo-corporation\" itemprop=\"image\" height=\"283\" width=\"400\" title=\"frida-kahlo-corporation\" onerror=\"this.style.display='none'\"  \/>\n\t\t\t\t<\/a>\n\t<h2>BARACK OBAMA Y HILLARY CLINTON POR LOS ELECCIONES PRESIDENCIALES&#8230;<\/h2>\n\t\t\t\t<a href=\"https:\/\/littlebigdolls.com\/es\/obama-clinton-munecas-peluche-gigantes-co-branding-merchandising\/\" target=\"_self\" itemprop=\"url\" rel=\"noopener noreferrer\">\n\t\t\t\t<img loading=\"lazy\" src=\"https:\/\/littlebigdolls.com\/wp-content\/uploads\/us-campaign.jpg\" alt=\"us-campaign\" itemprop=\"image\" height=\"283\" width=\"400\" title=\"us-campaign\" onerror=\"this.style.display='none'\"  \/>\n\t\t\t\t<\/a>\n\t\t\t\t<a href=\"https:\/\/littlebigdolls.com\/es\/obama-clinton-munecas-peluche-gigantes-co-branding-merchandising\/\" target=\"_self\" itemprop=\"url\" rel=\"noopener noreferrer\">\n\t\t\t\t<img loading=\"lazy\" src=\"https:\/\/littlebigdolls.com\/wp-content\/uploads\/us-campaign.jpg\" alt=\"us-campaign\" itemprop=\"image\" height=\"283\" width=\"400\" title=\"us-campaign\" onerror=\"this.style.display='none'\"  \/>\n\t\t\t\t<\/a>\n\t\t\t\t<a href=\"https:\/\/littlebigdolls.com\/es\/munecas-museo-del-desembarco-utah-beach-merchandising\/\" target=\"_self\" itemprop=\"url\" rel=\"noopener noreferrer\">\n\t\t\t\t<img loading=\"lazy\" src=\"https:\/\/littlebigdolls.com\/wp-content\/uploads\/utah-beach.jpg\" alt=\"utah-beach\" itemprop=\"image\" height=\"283\" width=\"400\" title=\"utah-beach\" onerror=\"this.style.display='none'\"  \/>\n\t\t\t\t<\/a>\n\t<h2>UN PARACAIDISTA ESTADOUNIDENSE Y UNA ENFERMERA DE LA CRUZ ROJA PARA EL MUSEO UTAH BEACH&#8230;<\/h2>\n\t\t\t\t<a href=\"https:\/\/littlebigdolls.com\/es\/munecas-museo-del-desembarco-utah-beach-merchandising\/\" target=\"_self\" itemprop=\"url\" rel=\"noopener noreferrer\">\n\t\t\t\t<img loading=\"lazy\" src=\"https:\/\/littlebigdolls.com\/wp-content\/uploads\/utah-beach.jpg\" alt=\"utah-beach\" itemprop=\"image\" height=\"283\" width=\"400\" title=\"utah-beach\" onerror=\"this.style.display='none'\"  \/>\n\t\t\t\t<\/a>\n\t<h2> PIERRE DE COUBERTIN Y MUHAMMAD ALI PARA EL MUSEO OL\u00cdMPICO&#8230;<\/h2>\n\t\t\t\t<a href=\"\/es\/atletas-olimpicos-munecas-peluche-gigantes-co-branding-merchandising\/\" target=\"_self\" itemprop=\"url\" rel=\"noopener noreferrer\">\n\t\t\t\t<img loading=\"lazy\" src=\"https:\/\/littlebigdolls.com\/wp-content\/uploads\/olympic-games.jpg\" alt=\"olympic-games\" itemprop=\"image\" height=\"283\" width=\"400\" title=\"olympic-games\" onerror=\"this.style.display='none'\"  \/>\n\t\t\t\t<\/a>\n\t\t\t\t<a href=\"\/es\/atletas-olimpicos-munecas-peluche-gigantes-co-branding-merchandising\/\" target=\"_self\" itemprop=\"url\" rel=\"noopener noreferrer\">\n\t\t\t\t<img loading=\"lazy\" src=\"https:\/\/littlebigdolls.com\/wp-content\/uploads\/olympic-games.jpg\" alt=\"olympic-games\" itemprop=\"image\" height=\"283\" width=\"400\" title=\"olympic-games\" onerror=\"this.style.display='none'\"  \/>\n\t\t\t\t<\/a>\n\t\t\t\t<a href=\"https:\/\/littlebigdolls.com\/es\/muneca-de-trapo\/jean-baptiste-poquelin-moliere-muneca-de-trapo-peluche\/\" target=\"_self\" itemprop=\"url\" rel=\"noopener noreferrer\">\n\t\t\t\t<img loading=\"lazy\" src=\"https:\/\/littlebigdolls.com\/wp-content\/uploads\/comedie-francaise.jpg\" alt=\"com\u00e9die-fran\u00e7aise\" itemprop=\"image\" height=\"283\" width=\"400\" title=\"com\u00e9die-fran\u00e7aise\" onerror=\"this.style.display='none'\"  \/>\n\t\t\t\t<\/a>\n\t<h2>MOLIERE PARA LA COMEDIA FRANCESA&#8230;<\/h2>\n\t\t\t\t<a href=\"https:\/\/littlebigdolls.com\/es\/muneca-de-trapo\/jean-baptiste-poquelin-moliere-muneca-de-trapo-peluche\/\" target=\"_self\" itemprop=\"url\" rel=\"noopener noreferrer\">\n\t\t\t\t<img loading=\"lazy\" src=\"https:\/\/littlebigdolls.com\/wp-content\/uploads\/comedie-francaise.jpg\" alt=\"com\u00e9die-fran\u00e7aise\" itemprop=\"image\" height=\"283\" width=\"400\" title=\"com\u00e9die-fran\u00e7aise\" onerror=\"this.style.display='none'\"  \/>\n\t\t\t\t<\/a>\n\t<h2>JOHNNY HALLYDAY&#8230;<\/h2>\n\t\t\t\t<a href=\"https:\/\/littlebigdolls.com\/es\/johnny-hallyday-munecas-peluche-gigantes-co-branding-merchandising\/\" target=\"_self\" itemprop=\"url\" rel=\"noopener noreferrer\">\n\t\t\t\t<img loading=\"lazy\" src=\"https:\/\/littlebigdolls.com\/wp-content\/uploads\/johnny-hallyday-1.jpg\" alt=\"johnny-hallyday\" itemprop=\"image\" height=\"283\" width=\"400\" title=\"johnny-hallyday\" onerror=\"this.style.display='none'\"  \/>\n\t\t\t\t<\/a>\n\t\t\t\t<a href=\"https:\/\/littlebigdolls.com\/es\/johnny-hallyday-munecas-peluche-gigantes-co-branding-merchandising\/\" target=\"_self\" itemprop=\"url\" rel=\"noopener noreferrer\">\n\t\t\t\t<img loading=\"lazy\" src=\"https:\/\/littlebigdolls.com\/wp-content\/uploads\/johnny-hallyday-1.jpg\" alt=\"johnny-hallyday\" itemprop=\"image\" height=\"283\" width=\"400\" title=\"johnny-hallyday\" onerror=\"this.style.display='none'\"  \/>\n\t\t\t\t<\/a>\n\t\t\t\t<a href=\"https:\/\/littlebigdolls.com\/es\/muneca-de-trapo\/michel-polnareff-muneca-de-trapo-peluche\/\" target=\"_self\" itemprop=\"url\" rel=\"noopener noreferrer\">\n\t\t\t\t<img loading=\"lazy\" src=\"https:\/\/littlebigdolls.com\/wp-content\/uploads\/michel-polnareff-olympia.jpg\" alt=\"michel-polnareff-olympia\" itemprop=\"image\" height=\"283\" width=\"400\" title=\"michel-polnareff-olympia\" onerror=\"this.style.display='none'\"  \/>\n\t\t\t\t<\/a>\n\t<h2>MICHEL POLNAREFF&#8230;<\/h2>\n\t\t\t\t<a href=\"https:\/\/littlebigdolls.com\/es\/muneca-de-trapo\/michel-polnareff-muneca-de-trapo-peluche\/\" target=\"_self\" itemprop=\"url\" rel=\"noopener noreferrer\">\n\t\t\t\t<img loading=\"lazy\" src=\"https:\/\/littlebigdolls.com\/wp-content\/uploads\/michel-polnareff-olympia.jpg\" alt=\"michel-polnareff-olympia\" itemprop=\"image\" height=\"283\" width=\"400\" title=\"michel-polnareff-olympia\" onerror=\"this.style.display='none'\"  \/>\n\t\t\t\t<\/a>\n\t<h2>JEAN-PAUL GAULTIER POR EL FASHION FREAK SHOW&#8230;<\/h2>\n\t\t\t\t<a href=\"https:\/\/littlebigdolls.com\/es\/muneca-de-trapo\/jean-paul-gaultier-muneca-de-trapo-peluche\/\" target=\"_self\" itemprop=\"url\" rel=\"noopener noreferrer\">\n\t\t\t\t<img loading=\"lazy\" src=\"https:\/\/littlebigdolls.com\/wp-content\/uploads\/jean-paul-gaultier-fashion-freak-show.jpg\" alt=\"jean-paul-gaultier-fashion-freak-show\" itemprop=\"image\" height=\"283\" width=\"400\" title=\"jean-paul-gaultier-fashion-freak-show\" onerror=\"this.style.display='none'\"  \/>\n\t\t\t\t<\/a>\n\t\t\t\t<a href=\"https:\/\/littlebigdolls.com\/es\/muneca-de-trapo\/jean-paul-gaultier-muneca-de-trapo-peluche\/\" target=\"_self\" itemprop=\"url\" rel=\"noopener noreferrer\">\n\t\t\t\t<img loading=\"lazy\" src=\"https:\/\/littlebigdolls.com\/wp-content\/uploads\/jean-paul-gaultier-fashion-freak-show.jpg\" alt=\"jean-paul-gaultier-fashion-freak-show\" itemprop=\"image\" height=\"283\" width=\"400\" title=\"jean-paul-gaultier-fashion-freak-show\" onerror=\"this.style.display='none'\"  \/>\n\t\t\t\t<\/a>\n\n","protected":false},"excerpt":{"rendered":"<p>DESCUBRE NUESTROS PROYECTOS DE CO-BRANDING&#8230; FRIDA KAHLO&#8230; BARACK OBAMA Y HILLARY CLINTON POR LOS ELECCIONES PRESIDENCIALES&#8230; UN PARACAIDISTA ESTADOUNIDENSE Y UNA ENFERMERA DE LA CRUZ ROJA PARA EL MUSEO UTAH BEACH&#8230; PIERRE DE COUBERTIN Y MUHAMMAD ALI PARA EL MUSEO OL\u00cdMPICO&#8230; MOLIERE PARA LA COMEDIA FRANCESA&#8230; JOHNNY HALLYDAY&#8230; MICHEL POLNAREFF&#8230; JEAN-PAUL GAULTIER POR EL FASHION [&hellip;]<\/p>\n","protected":false},"author":8,"featured_media":1138,"parent":0,"menu_order":0,"comment_status":"closed","ping_status":"closed","template":"page-builder.php","meta":{"inline_featured_image":false,"_genesis_hide_title":false,"_genesis_hide_breadcrumbs":false,"_genesis_hide_singular_image":false,"_genesis_hide_footer_widgets":false,"_genesis_custom_body_class":"","_genesis_custom_post_class":"","_genesis_layout":""},"folder":[214],"yoast_head":"<!-- This site is optimized with the Yoast SEO plugin v20.6 - https:\/\/yoast.com\/wordpress\/plugins\/seo\/ -->\n<title>Mu\u00f1ecas | Juguettos | CO-BRANDING MERCHANDISING<\/title>\n<meta name=\"description\" content=\"Mu\u00f1ecas y juguettos hecha a medida para su Co-branding merchandising... Cantantes, Actores, Deportistas, Artistas, Museos. Mu\u00f1ecos de dise\u00f1o para todos los aficionados...\" \/>\n<meta name=\"robots\" content=\"index, follow, max-snippet:-1, max-image-preview:large, max-video-preview:-1\" \/>\n<link rel=\"canonical\" href=\"https:\/\/littlebigdolls.com\/es\/munecas-co-branding-juguettos-merchandising\/\" \/>\n<meta property=\"og:locale\" content=\"es_ES\" \/>\n<meta property=\"og:type\" content=\"article\" \/>\n<meta property=\"og:title\" content=\"Mu\u00f1ecas | Juguettos | CO-BRANDING MERCHANDISING\" \/>\n<meta property=\"og:description\" content=\"Mu\u00f1ecas y juguettos hecha a medida para su Co-branding merchandising... Cantantes, Actores, Deportistas, Artistas, Museos. Mu\u00f1ecos de dise\u00f1o para todos los aficionados...\" \/>\n<meta property=\"og:url\" content=\"https:\/\/littlebigdolls.com\/es\/munecas-co-branding-juguettos-merchandising\/\" \/>\n<meta property=\"og:site_name\" content=\"LittleBigDolls | Art Toys with a Soul\" \/>\n<meta property=\"article:modified_time\" content=\"2021-05-20T12:59:11+00:00\" \/>\n<meta property=\"og:image\" content=\"https:\/\/littlebigdolls.com\/wp-content\/uploads\/2020\/01\/LittleBigDolls_logo.png\" \/>\n\t<meta property=\"og:image:width\" content=\"3298\" \/>\n\t<meta property=\"og:image:height\" content=\"695\" \/>\n\t<meta property=\"og:image:type\" content=\"image\/png\" \/>\n<meta name=\"twitter:card\" content=\"summary_large_image\" \/>\n<script type=\"application\/ld+json\" class=\"yoast-schema-graph\">{\"@context\":\"https:\/\/schema.org\",\"@graph\":[{\"@type\":\"WebPage\",\"@id\":\"https:\/\/littlebigdolls.com\/es\/munecas-co-branding-juguettos-merchandising\/\",\"url\":\"https:\/\/littlebigdolls.com\/es\/munecas-co-branding-juguettos-merchandising\/\",\"name\":\"Mu\u00f1ecas | Juguettos | CO-BRANDING MERCHANDISING\",\"isPartOf\":{\"@id\":\"https:\/\/littlebigdolls.com\/fr\/#website\"},\"datePublished\":\"2021-04-29T10:12:13+00:00\",\"dateModified\":\"2021-05-20T12:59:11+00:00\",\"description\":\"Mu\u00f1ecas y juguettos hecha a medida para su Co-branding merchandising... Cantantes, Actores, Deportistas, Artistas, Museos. Mu\u00f1ecos de dise\u00f1o para todos los aficionados...\",\"breadcrumb\":{\"@id\":\"https:\/\/littlebigdolls.com\/es\/munecas-co-branding-juguettos-merchandising\/#breadcrumb\"},\"inLanguage\":\"es\",\"potentialAction\":[{\"@type\":\"ReadAction\",\"target\":[\"https:\/\/littlebigdolls.com\/es\/munecas-co-branding-juguettos-merchandising\/\"]}]},{\"@type\":\"BreadcrumbList\",\"@id\":\"https:\/\/littlebigdolls.com\/es\/munecas-co-branding-juguettos-merchandising\/#breadcrumb\",\"itemListElement\":[{\"@type\":\"ListItem\",\"position\":1,\"name\":\"Home\",\"item\":\"https:\/\/littlebigdolls.com\/es\/\"},{\"@type\":\"ListItem\",\"position\":2,\"name\":\"Munecas co branding juguettos merchandising\"}]},{\"@type\":\"WebSite\",\"@id\":\"https:\/\/littlebigdolls.com\/fr\/#website\",\"url\":\"https:\/\/littlebigdolls.com\/fr\/\",\"name\":\"LittleBigDolls | Art Toys with a Soul\",\"description\":\"Collecci\u00f3n de mu\u00f1ecas de trapo y peluche que representan figuras ic\u00f3nicas y  hist\u00f3ricas. Regalos originales - Dise\u00f1ador y fabricante de juguetes\",\"potentialAction\":[{\"@type\":\"SearchAction\",\"target\":{\"@type\":\"EntryPoint\",\"urlTemplate\":\"https:\/\/littlebigdolls.com\/fr\/?s={search_term_string}\"},\"query-input\":\"required name=search_term_string\"}],\"inLanguage\":\"es\"}]}<\/script>\n<!-- \/ Yoast SEO plugin. -->","yoast_head_json":{"title":"Mu\u00f1ecas | Juguettos | CO-BRANDING MERCHANDISING","description":"Mu\u00f1ecas y juguettos hecha a medida para su Co-branding merchandising... Cantantes, Actores, Deportistas, Artistas, Museos. Mu\u00f1ecos de dise\u00f1o para todos los aficionados...","robots":{"index":"index","follow":"follow","max-snippet":"max-snippet:-1","max-image-preview":"max-image-preview:large","max-video-preview":"max-video-preview:-1"},"canonical":"https:\/\/littlebigdolls.com\/es\/munecas-co-branding-juguettos-merchandising\/","og_locale":"es_ES","og_type":"article","og_title":"Mu\u00f1ecas | Juguettos | CO-BRANDING MERCHANDISING","og_description":"Mu\u00f1ecas y juguettos hecha a medida para su Co-branding merchandising... Cantantes, Actores, Deportistas, Artistas, Museos. Mu\u00f1ecos de dise\u00f1o para todos los aficionados...","og_url":"https:\/\/littlebigdolls.com\/es\/munecas-co-branding-juguettos-merchandising\/","og_site_name":"LittleBigDolls | Art Toys with a Soul","article_modified_time":"2021-05-20T12:59:11+00:00","og_image":[{"width":3298,"height":695,"url":"https:\/\/littlebigdolls.com\/wp-content\/uploads\/2020\/01\/LittleBigDolls_logo.png","type":"image\/png"}],"twitter_card":"summary_large_image","schema":{"@context":"https:\/\/schema.org","@graph":[{"@type":"WebPage","@id":"https:\/\/littlebigdolls.com\/es\/munecas-co-branding-juguettos-merchandising\/","url":"https:\/\/littlebigdolls.com\/es\/munecas-co-branding-juguettos-merchandising\/","name":"Mu\u00f1ecas | Juguettos | CO-BRANDING MERCHANDISING","isPartOf":{"@id":"https:\/\/littlebigdolls.com\/fr\/#website"},"datePublished":"2021-04-29T10:12:13+00:00","dateModified":"2021-05-20T12:59:11+00:00","description":"Mu\u00f1ecas y juguettos hecha a medida para su Co-branding merchandising... Cantantes, Actores, Deportistas, Artistas, Museos. Mu\u00f1ecos de dise\u00f1o para todos los aficionados...","breadcrumb":{"@id":"https:\/\/littlebigdolls.com\/es\/munecas-co-branding-juguettos-merchandising\/#breadcrumb"},"inLanguage":"es","potentialAction":[{"@type":"ReadAction","target":["https:\/\/littlebigdolls.com\/es\/munecas-co-branding-juguettos-merchandising\/"]}]},{"@type":"BreadcrumbList","@id":"https:\/\/littlebigdolls.com\/es\/munecas-co-branding-juguettos-merchandising\/#breadcrumb","itemListElement":[{"@type":"ListItem","position":1,"name":"Home","item":"https:\/\/littlebigdolls.com\/es\/"},{"@type":"ListItem","position":2,"name":"Munecas co branding juguettos merchandising"}]},{"@type":"WebSite","@id":"https:\/\/littlebigdolls.com\/fr\/#website","url":"https:\/\/littlebigdolls.com\/fr\/","name":"LittleBigDolls | Art Toys with a Soul","description":"Collecci\u00f3n de mu\u00f1ecas de trapo y peluche que representan figuras ic\u00f3nicas y  hist\u00f3ricas. Regalos originales - Dise\u00f1ador y fabricante de juguetes","potentialAction":[{"@type":"SearchAction","target":{"@type":"EntryPoint","urlTemplate":"https:\/\/littlebigdolls.com\/fr\/?s={search_term_string}"},"query-input":"required name=search_term_string"}],"inLanguage":"es"}]}},"_links":{"self":[{"href":"https:\/\/littlebigdolls.com\/es\/wp-json\/wp\/v2\/pages\/42696"}],"collection":[{"href":"https:\/\/littlebigdolls.com\/es\/wp-json\/wp\/v2\/pages"}],"about":[{"href":"https:\/\/littlebigdolls.com\/es\/wp-json\/wp\/v2\/types\/page"}],"author":[{"embeddable":true,"href":"https:\/\/littlebigdolls.com\/es\/wp-json\/wp\/v2\/users\/8"}],"replies":[{"embeddable":true,"href":"https:\/\/littlebigdolls.com\/es\/wp-json\/wp\/v2\/comments?post=42696"}],"version-history":[{"count":14,"href":"https:\/\/littlebigdolls.com\/es\/wp-json\/wp\/v2\/pages\/42696\/revisions"}],"predecessor-version":[{"id":45524,"href":"https:\/\/littlebigdolls.com\/es\/wp-json\/wp\/v2\/pages\/42696\/revisions\/45524"}],"wp:featuredmedia":[{"embeddable":true,"href":"https:\/\/littlebigdolls.com\/es\/wp-json\/wp\/v2\/media\/1138"}],"wp:attachment":[{"href":"https:\/\/littlebigdolls.com\/es\/wp-json\/wp\/v2\/media?parent=42696"}],"wp:term":[{"taxonomy":"folder","embeddable":true,"href":"https:\/\/littlebigdolls.com\/es\/wp-json\/wp\/v2\/folder?post=42696"}],"curies":[{"name":"wp","href":"https:\/\/api.w.org\/{rel}","templated":true}]}}