{"id":44715,"date":"2021-05-15T10:19:27","date_gmt":"2021-05-15T10:19:27","guid":{"rendered":"https:\/\/littlebigdolls.com\/?page_id=44715"},"modified":"2021-05-15T10:45:29","modified_gmt":"2021-05-15T10:45:29","slug":"munecas-museo-del-desembarco-utah-beach-merchandising","status":"publish","type":"page","link":"https:\/\/littlebigdolls.com\/es\/munecas-museo-del-desembarco-utah-beach-merchandising\/","title":{"rendered":"UTAH BEACH Mu\u00f1ecos, mu\u00f1ecas, juguettos y peluche gigantes co branding merchandising"},"content":{"rendered":"\n\n\t<h1>DESCUBRA EL PARACAIDISTA Y LA  ENFERMERA DE LA CRUZ ROJA REALIZADOS PARA UN PROYECTO DE CO-BRANDING CON EL MUSEO UTAH BEACH&#8230;<\/h1>\n\t\t\t\t<img loading=\"lazy\" src=\"https:\/\/littlebigdolls.com\/wp-content\/uploads\/paracaidista-airborne-101-div-1.jpg\" alt=\"paracaidista-airborne-101-div\" itemprop=\"image\" height=\"350\" width=\"300\" title=\"paracaidista-airborne-101-div\" onerror=\"this.style.display='none'\"  \/>\n\t<h2>PARACAIDISTA 101 DIV<\/h2>\n\t<p>PARACAIDISTAS DE LA 101 DIVISI\u00d3N AEROTRANSPORTADA, APROXIMADAMENTE 6 500 HOMBRES FUERON ENVIADOS DE NOCHE, SU MISI\u00d3N ERA TOMAR EL CONTROL DE LAS CARRETERAS Y LOS PUENTES. MUCHOS SE AHOGARON EN PANTANOS. SU PAPEL FUE FUNDAMENTAL PARA EL \u00c9XITO DEL DESEMBARCO EN \u00abUTAH BEACH\u00bb.<\/p>\n\t<p>\u00ab RENDEZ VOUS CON EL DESTINO \u00bb<\/p>\n\t\t\t\t<a href=\"https:\/\/littlebigdolls.com\/es\/muneca-de-trapo\/paracaidista-us-airborne-muneca-de-trapo-peluche\/\" target=\"_self\" itemprop=\"url\" rel=\"noopener noreferrer\">\n\t\t\t\t<img loading=\"lazy\" src=\"https:\/\/littlebigdolls.com\/wp-content\/uploads\/ver-mas2.png\" alt=\"Descubra !\" itemprop=\"image\" height=\"115\" width=\"417\" title=\"Descubra !\" onerror=\"this.style.display='none'\"  \/>\n\t\t\t\t<\/a>\n\t\t\t\t<img loading=\"lazy\" src=\"https:\/\/littlebigdolls.com\/wp-content\/uploads\/enfermera-cruz-roja-americana-1.jpg\" alt=\"enfermera-cruz-roja-americana\" itemprop=\"image\" height=\"350\" width=\"300\" title=\"enfermera-cruz-roja-americana\" onerror=\"this.style.display='none'\"  \/>\n\t<h2> ENFERMERA CRUZ ROJA<\/h2>\n\t<p>LAS ENFERMERAS ESTADOUNIDENSES DE LA CRUZ ROJA AMERICANA TIENEN POR MISI\u00d3N DE CUIDAR F\u00cdSICAMENTE Y PSICOL\u00d3GICAMENTE LOS SOLDADOS HERIDOS. HAB\u00cdAN APROXIMADAMENTE 104 000 ENFERMERAS INVOLUCRADAS DURANTE LA SEGUNDA GUERRA MUNDIAL<\/p>\n\t<p>\u00ab EMIDST WAR, CHARITY \u00bb<\/p>\n\t\t\t\t<a href=\"https:\/\/littlebigdolls.com\/es\/muneca-de-trapo\/enfermeras-cruz-roja-muneca-de-trapo-peluche\/\" target=\"_self\" itemprop=\"url\" rel=\"noopener noreferrer\">\n\t\t\t\t<img loading=\"lazy\" src=\"https:\/\/littlebigdolls.com\/wp-content\/uploads\/ver-mas2.png\" alt=\"Descubra !\" itemprop=\"image\" height=\"115\" width=\"417\" title=\"Descubra !\" onerror=\"this.style.display='none'\"  \/>\n\t\t\t\t<\/a>\n\t<h2>ALGUNA PREGUNTA ?<br \/>\nPOR AH\u00cd !<\/h2>\n\t\t\t\t<a href=\"\/es\/contact\/\" target=\"_self\" itemprop=\"url\" rel=\"noopener noreferrer\">\n\t\t\t\t<img loading=\"lazy\" src=\"https:\/\/littlebigdolls.com\/wp-content\/uploads\/2020\/11\/contact-r.png\" alt=\"contact-r\" itemprop=\"image\" height=\"100\" width=\"305\" title=\"contact-r\" onerror=\"this.style.display='none'\"  \/>\n\t\t\t\t<\/a>\n\t\t\t\t<a href=\"\/es\/contact\/\" target=\"_blank\" rel=\"noopener noreferrer\" itemprop=\"url\">\n\t\t\t\t<img loading=\"lazy\" src=\"https:\/\/littlebigdolls.com\/wp-content\/uploads\/2020\/11\/contact-r.png\" alt=\"contact-r\" itemprop=\"image\" height=\"100\" width=\"305\" title=\"contact-r\" onerror=\"this.style.display='none'\"  \/>\n\t\t\t\t<\/a>\n\n","protected":false},"excerpt":{"rendered":"<p>DESCUBRA EL PARACAIDISTA Y LA ENFERMERA DE LA CRUZ ROJA REALIZADOS PARA UN PROYECTO DE CO-BRANDING CON EL MUSEO UTAH BEACH&#8230; PARACAIDISTA 101 DIV PARACAIDISTAS DE LA 101 DIVISI\u00d3N AEROTRANSPORTADA, APROXIMADAMENTE 6 500 HOMBRES FUERON ENVIADOS DE NOCHE, SU MISI\u00d3N ERA TOMAR EL CONTROL DE LAS CARRETERAS Y LOS PUENTES. MUCHOS SE AHOGARON EN PANTANOS. [&hellip;]<\/p>\n","protected":false},"author":8,"featured_media":42818,"parent":0,"menu_order":0,"comment_status":"closed","ping_status":"closed","template":"page-builder.php","meta":{"inline_featured_image":false,"_genesis_hide_title":false,"_genesis_hide_breadcrumbs":false,"_genesis_hide_singular_image":false,"_genesis_hide_footer_widgets":false,"_genesis_custom_body_class":"","_genesis_custom_post_class":"","_genesis_layout":""},"folder":[214],"yoast_head":"<!-- This site is optimized with the Yoast SEO plugin v20.6 - https:\/\/yoast.com\/wordpress\/plugins\/seo\/ -->\n<title>UTAH BEACH | Mu\u00f1ecas | Peluche Gigantes | Merchandising<\/title>\n<meta name=\"description\" content=\"Mu\u00f1ecas de un paracaidista y una enfermera. Mu\u00f1ecos, mu\u00f1ecas de trapo, mu\u00f1eco, peluches gigantes, juguettos, regalador, juguetes personalizados, merchandising...\" \/>\n<meta name=\"robots\" content=\"index, follow, max-snippet:-1, max-image-preview:large, max-video-preview:-1\" \/>\n<link rel=\"canonical\" href=\"https:\/\/littlebigdolls.com\/es\/munecas-museo-del-desembarco-utah-beach-merchandising\/\" \/>\n<meta property=\"og:locale\" content=\"es_ES\" \/>\n<meta property=\"og:type\" content=\"article\" \/>\n<meta property=\"og:title\" content=\"UTAH BEACH | Mu\u00f1ecas | Peluche Gigantes | Merchandising\" \/>\n<meta property=\"og:description\" content=\"Mu\u00f1ecas de un paracaidista y una enfermera. Mu\u00f1ecos, mu\u00f1ecas de trapo, mu\u00f1eco, peluches gigantes, juguettos, regalador, juguetes personalizados, merchandising...\" \/>\n<meta property=\"og:url\" content=\"https:\/\/littlebigdolls.com\/es\/munecas-museo-del-desembarco-utah-beach-merchandising\/\" \/>\n<meta property=\"og:site_name\" content=\"LittleBigDolls | Art Toys with a Soul\" \/>\n<meta property=\"article:modified_time\" content=\"2021-05-15T10:45:29+00:00\" \/>\n<meta property=\"og:image\" content=\"https:\/\/littlebigdolls.com\/wp-content\/uploads\/utah-beach.jpg\" \/>\n\t<meta property=\"og:image:width\" content=\"400\" \/>\n\t<meta property=\"og:image:height\" content=\"283\" \/>\n\t<meta property=\"og:image:type\" content=\"image\/jpeg\" \/>\n<meta name=\"twitter:card\" content=\"summary_large_image\" \/>\n<meta name=\"twitter:label1\" content=\"Tiempo de lectura\" \/>\n\t<meta name=\"twitter:data1\" content=\"1 minuto\" \/>\n<script type=\"application\/ld+json\" class=\"yoast-schema-graph\">{\"@context\":\"https:\/\/schema.org\",\"@graph\":[{\"@type\":\"WebPage\",\"@id\":\"https:\/\/littlebigdolls.com\/es\/munecas-museo-del-desembarco-utah-beach-merchandising\/\",\"url\":\"https:\/\/littlebigdolls.com\/es\/munecas-museo-del-desembarco-utah-beach-merchandising\/\",\"name\":\"UTAH BEACH | Mu\u00f1ecas | Peluche Gigantes | Merchandising\",\"isPartOf\":{\"@id\":\"https:\/\/littlebigdolls.com\/fr\/#website\"},\"datePublished\":\"2021-05-15T10:19:27+00:00\",\"dateModified\":\"2021-05-15T10:45:29+00:00\",\"description\":\"Mu\u00f1ecas de un paracaidista y una enfermera. Mu\u00f1ecos, mu\u00f1ecas de trapo, mu\u00f1eco, peluches gigantes, juguettos, regalador, juguetes personalizados, merchandising...\",\"breadcrumb\":{\"@id\":\"https:\/\/littlebigdolls.com\/es\/munecas-museo-del-desembarco-utah-beach-merchandising\/#breadcrumb\"},\"inLanguage\":\"es\",\"potentialAction\":[{\"@type\":\"ReadAction\",\"target\":[\"https:\/\/littlebigdolls.com\/es\/munecas-museo-del-desembarco-utah-beach-merchandising\/\"]}]},{\"@type\":\"BreadcrumbList\",\"@id\":\"https:\/\/littlebigdolls.com\/es\/munecas-museo-del-desembarco-utah-beach-merchandising\/#breadcrumb\",\"itemListElement\":[{\"@type\":\"ListItem\",\"position\":1,\"name\":\"Home\",\"item\":\"https:\/\/littlebigdolls.com\/es\/\"},{\"@type\":\"ListItem\",\"position\":2,\"name\":\"UTAH BEACH Mu\u00f1ecos, mu\u00f1ecas, juguettos y peluche gigantes co branding merchandising\"}]},{\"@type\":\"WebSite\",\"@id\":\"https:\/\/littlebigdolls.com\/fr\/#website\",\"url\":\"https:\/\/littlebigdolls.com\/fr\/\",\"name\":\"LittleBigDolls | Art Toys with a Soul\",\"description\":\"Collecci\u00f3n de mu\u00f1ecas de trapo y peluche que representan figuras ic\u00f3nicas y  hist\u00f3ricas. Regalos originales - Dise\u00f1ador y fabricante de juguetes\",\"potentialAction\":[{\"@type\":\"SearchAction\",\"target\":{\"@type\":\"EntryPoint\",\"urlTemplate\":\"https:\/\/littlebigdolls.com\/fr\/?s={search_term_string}\"},\"query-input\":\"required name=search_term_string\"}],\"inLanguage\":\"es\"}]}<\/script>\n<!-- \/ Yoast SEO plugin. -->","yoast_head_json":{"title":"UTAH BEACH | Mu\u00f1ecas | Peluche Gigantes | Merchandising","description":"Mu\u00f1ecas de un paracaidista y una enfermera. Mu\u00f1ecos, mu\u00f1ecas de trapo, mu\u00f1eco, peluches gigantes, juguettos, regalador, juguetes personalizados, merchandising...","robots":{"index":"index","follow":"follow","max-snippet":"max-snippet:-1","max-image-preview":"max-image-preview:large","max-video-preview":"max-video-preview:-1"},"canonical":"https:\/\/littlebigdolls.com\/es\/munecas-museo-del-desembarco-utah-beach-merchandising\/","og_locale":"es_ES","og_type":"article","og_title":"UTAH BEACH | Mu\u00f1ecas | Peluche Gigantes | Merchandising","og_description":"Mu\u00f1ecas de un paracaidista y una enfermera. Mu\u00f1ecos, mu\u00f1ecas de trapo, mu\u00f1eco, peluches gigantes, juguettos, regalador, juguetes personalizados, merchandising...","og_url":"https:\/\/littlebigdolls.com\/es\/munecas-museo-del-desembarco-utah-beach-merchandising\/","og_site_name":"LittleBigDolls | Art Toys with a Soul","article_modified_time":"2021-05-15T10:45:29+00:00","og_image":[{"width":400,"height":283,"url":"https:\/\/littlebigdolls.com\/wp-content\/uploads\/utah-beach.jpg","type":"image\/jpeg"}],"twitter_card":"summary_large_image","twitter_misc":{"Tiempo de lectura":"1 minuto"},"schema":{"@context":"https:\/\/schema.org","@graph":[{"@type":"WebPage","@id":"https:\/\/littlebigdolls.com\/es\/munecas-museo-del-desembarco-utah-beach-merchandising\/","url":"https:\/\/littlebigdolls.com\/es\/munecas-museo-del-desembarco-utah-beach-merchandising\/","name":"UTAH BEACH | Mu\u00f1ecas | Peluche Gigantes | Merchandising","isPartOf":{"@id":"https:\/\/littlebigdolls.com\/fr\/#website"},"datePublished":"2021-05-15T10:19:27+00:00","dateModified":"2021-05-15T10:45:29+00:00","description":"Mu\u00f1ecas de un paracaidista y una enfermera. Mu\u00f1ecos, mu\u00f1ecas de trapo, mu\u00f1eco, peluches gigantes, juguettos, regalador, juguetes personalizados, merchandising...","breadcrumb":{"@id":"https:\/\/littlebigdolls.com\/es\/munecas-museo-del-desembarco-utah-beach-merchandising\/#breadcrumb"},"inLanguage":"es","potentialAction":[{"@type":"ReadAction","target":["https:\/\/littlebigdolls.com\/es\/munecas-museo-del-desembarco-utah-beach-merchandising\/"]}]},{"@type":"BreadcrumbList","@id":"https:\/\/littlebigdolls.com\/es\/munecas-museo-del-desembarco-utah-beach-merchandising\/#breadcrumb","itemListElement":[{"@type":"ListItem","position":1,"name":"Home","item":"https:\/\/littlebigdolls.com\/es\/"},{"@type":"ListItem","position":2,"name":"UTAH BEACH Mu\u00f1ecos, mu\u00f1ecas, juguettos y peluche gigantes co branding merchandising"}]},{"@type":"WebSite","@id":"https:\/\/littlebigdolls.com\/fr\/#website","url":"https:\/\/littlebigdolls.com\/fr\/","name":"LittleBigDolls | Art Toys with a Soul","description":"Collecci\u00f3n de mu\u00f1ecas de trapo y peluche que representan figuras ic\u00f3nicas y  hist\u00f3ricas. Regalos originales - Dise\u00f1ador y fabricante de juguetes","potentialAction":[{"@type":"SearchAction","target":{"@type":"EntryPoint","urlTemplate":"https:\/\/littlebigdolls.com\/fr\/?s={search_term_string}"},"query-input":"required name=search_term_string"}],"inLanguage":"es"}]}},"_links":{"self":[{"href":"https:\/\/littlebigdolls.com\/es\/wp-json\/wp\/v2\/pages\/44715"}],"collection":[{"href":"https:\/\/littlebigdolls.com\/es\/wp-json\/wp\/v2\/pages"}],"about":[{"href":"https:\/\/littlebigdolls.com\/es\/wp-json\/wp\/v2\/types\/page"}],"author":[{"embeddable":true,"href":"https:\/\/littlebigdolls.com\/es\/wp-json\/wp\/v2\/users\/8"}],"replies":[{"embeddable":true,"href":"https:\/\/littlebigdolls.com\/es\/wp-json\/wp\/v2\/comments?post=44715"}],"version-history":[{"count":2,"href":"https:\/\/littlebigdolls.com\/es\/wp-json\/wp\/v2\/pages\/44715\/revisions"}],"predecessor-version":[{"id":44723,"href":"https:\/\/littlebigdolls.com\/es\/wp-json\/wp\/v2\/pages\/44715\/revisions\/44723"}],"wp:featuredmedia":[{"embeddable":true,"href":"https:\/\/littlebigdolls.com\/es\/wp-json\/wp\/v2\/media\/42818"}],"wp:attachment":[{"href":"https:\/\/littlebigdolls.com\/es\/wp-json\/wp\/v2\/media?parent=44715"}],"wp:term":[{"taxonomy":"folder","embeddable":true,"href":"https:\/\/littlebigdolls.com\/es\/wp-json\/wp\/v2\/folder?post=44715"}],"curies":[{"name":"wp","href":"https:\/\/api.w.org\/{rel}","templated":true}]}}