{"id":45034,"date":"2021-05-18T16:43:48","date_gmt":"2021-05-18T16:43:48","guid":{"rendered":"https:\/\/littlebigdolls.com\/?page_id=45034"},"modified":"2021-05-19T17:20:06","modified_gmt":"2021-05-19T17:20:06","slug":"munecos-actors-personajes-peliculas-merchandising","status":"publish","type":"page","link":"https:\/\/littlebigdolls.com\/es\/munecos-actors-personajes-peliculas-merchandising\/","title":{"rendered":"ACTORES Y PERSONAJES DE PEL\u00cdCULAS Mu\u00f1ecos, mu\u00f1ecas, juguettos y peluche gigantes merchandising"},"content":{"rendered":"\r\n\r\n\t<h1>MERCHANDISING DE\u00a0ACTORES Y PERSONAJES DE PEL\u00cdCULAS&#8230;<\/h1>\r\n\t\t\t\t<img loading=\"lazy\" src=\"https:\/\/littlebigdolls.com\/wp-content\/uploads\/gandalf-senor-de-los-Anillos.jpg\" alt=\"gandalf senor de los Anillos\" itemprop=\"image\" height=\"350\" width=\"300\" title=\"gandalf-se\u00f1or-de-los-Anillos\" onerror=\"this.style.display='none'\"  \/>\r\n\t<h2>GANDALF EL GRIS<\/h2>\r\n\t<p>PERSONAJE FICTICIO DE LA TRILOG\u00cdA DEL SE\u00d1OR DE LOS ANILLOS DEL LEGENDARIO ESCRITOR BRIT\u00c1NICO J. R. R. TOLKIEN, INTERPRETADO POR EL ACTOR IAN MCKELLEN<\/p>\r\n\t<p>\u00ab SOY UN SERVIDOR DEL FUEGO SECRETO, POSEEDOR DE LA LLAMA DE ANOR \u00bb<\/p>\r\n\t\t\t\t<a href=\"https:\/\/littlebigdolls.com\/es\/gandalf-el-gris-muneca-de-trapo-juguettos-merchandising\/\" target=\"_self\" itemprop=\"url\" rel=\"noopener noreferrer\">\r\n\t\t\t\t<img loading=\"lazy\" src=\"https:\/\/littlebigdolls.com\/wp-content\/uploads\/ver-mas2.png\" alt=\"Descubra !\" itemprop=\"image\" height=\"115\" width=\"417\" title=\"Descubra !\" onerror=\"this.style.display='none'\"  \/>\r\n\t\t\t\t<\/a>\r\n\t\t\t\t<img loading=\"lazy\" src=\"https:\/\/littlebigdolls.com\/wp-content\/uploads\/harry-harry-potter.jpg\" alt=\"harry-harry-potter\" itemprop=\"image\" height=\"350\" width=\"300\" title=\"harry-harry-potter\" onerror=\"this.style.display='none'\"  \/>\r\n\t<h2>HARRY POTTER<\/h2>\r\n\t<p>PERSONAJE PRINCIPAL DE LA SERIE DE FANTAS\u00cdA BASADA EN LAS NOVELAS DEL MISMO NOMBRE DE J. K. ROWLING INTERPRETADO POR EL ACTOR DANIEL RADCLIFFE<\/p>\r\n\t<p>\u00ab EL MIEDO A UN NOMBRE S\u00d3LO AUMENTA EL MIEDO A LA COSA MISMA \u00bb<\/p>\r\n\t\t\t\t<a href=\"https:\/\/littlebigdolls.com\/es\/harry-potter-muneca-de-trapo-juguettos-merchandising\/\" target=\"_self\" itemprop=\"url\" rel=\"noopener noreferrer\">\r\n\t\t\t\t<img loading=\"lazy\" src=\"https:\/\/littlebigdolls.com\/wp-content\/uploads\/ver-mas2.png\" alt=\"Descubra !\" itemprop=\"image\" height=\"115\" width=\"417\" title=\"Descubra !\" onerror=\"this.style.display='none'\"  \/>\r\n\t\t\t\t<\/a>\r\n\t\t\t\t<img loading=\"lazy\" src=\"https:\/\/littlebigdolls.com\/wp-content\/uploads\/edward-cullen-twilight.jpg\" alt=\"edward-cullen-twilight\" itemprop=\"image\" height=\"350\" width=\"300\" title=\"edward-cullen-twilight\" onerror=\"this.style.display='none'\"  \/>\r\n\t<h2>EDWARD CULLEN  (TWILIGHT)<\/h2>\r\n\t<p>PERSONAJE FICTICIO DE LA SAGA TWILIGHT NACIDO EN 1901 EN CHICAGO INTERPRETADO POR EL ACTOR ROBERT PATTINSON<\/p>\r\n\t<p>\u00ab ERES MI \u00daNICA RAZ\u00d3N PARA SEGUIR VIVO \u00bb<\/p>\r\n\t\t\t\t<a href=\"https:\/\/littlebigdolls.com\/es\/edward-cullen-twilight-muneca-de-trapo-juguettos-merchandising\/\" target=\"_self\" itemprop=\"url\" rel=\"noopener noreferrer\">\r\n\t\t\t\t<img loading=\"lazy\" src=\"https:\/\/littlebigdolls.com\/wp-content\/uploads\/ver-mas2.png\" alt=\"Descubra !\" itemprop=\"image\" height=\"115\" width=\"417\" title=\"Descubra !\" onerror=\"this.style.display='none'\"  \/>\r\n\t\t\t\t<\/a>\r\n\t\t\t\t<img loading=\"lazy\" src=\"https:\/\/littlebigdolls.com\/wp-content\/uploads\/brad-pitt.jpg\" alt=\"brad-pitt\" itemprop=\"image\" height=\"350\" width=\"300\" title=\"brad-pitt\" onerror=\"this.style.display='none'\"  \/>\r\n\t<h2>BRAD PITT<\/h2>\r\n\t<p>ACTOR Y PRODUCTOR DE CINE ESTADOUNIDENSE, NACIDO EN 1963 EN SHAWNEE, OKLAHOMA<\/p>\r\n\t<p>\u00ab PRIMERO HAY QUE PERDERLO TODO PARA GANARLO TODO \u00bb<\/p>\r\n\t\t\t\t<a href=\"https:\/\/littlebigdolls.com\/es\/brad-pitt-muneca-de-trapo-juguettos-merchandising\/\" target=\"_self\" itemprop=\"url\" rel=\"noopener noreferrer\">\r\n\t\t\t\t<img loading=\"lazy\" src=\"https:\/\/littlebigdolls.com\/wp-content\/uploads\/ver-mas2.png\" alt=\"Descubra !\" itemprop=\"image\" height=\"115\" width=\"417\" title=\"Descubra !\" onerror=\"this.style.display='none'\"  \/>\r\n\t\t\t\t<\/a>\r\n\t\t\t\t<img loading=\"lazy\" src=\"https:\/\/littlebigdolls.com\/wp-content\/uploads\/will-smith.jpg\" alt=\"will-smith\" itemprop=\"image\" height=\"350\" width=\"300\" title=\"will-smith\" onerror=\"this.style.display='none'\"  \/>\r\n\t<h2>WILL  SMITH <\/h2>\r\n\t<p>ACTOR, CANTANTE Y PRODUCTOR DE CINE ESTADOUNIDENSE, NACIDO EN 1968 EN FILADELFIA, PENNSYLVANIA<\/p>\r\n\t<p>\u00ab EL DINERO Y EL \u00c9XITO NO CAMBIAN A LAS PERSONAS. S\u00d3LO AMPL\u00cdAN LO QUE YA ERAN <\/p>\r\n\t\t\t\t<a href=\"https:\/\/littlebigdolls.com\/es\/will-smith-muneca-de-trapo-juguettos-merchandising\/\" target=\"_self\" itemprop=\"url\" rel=\"noopener noreferrer\">\r\n\t\t\t\t<img loading=\"lazy\" src=\"https:\/\/littlebigdolls.com\/wp-content\/uploads\/ver-mas2.png\" alt=\"Descubra !\" itemprop=\"image\" height=\"115\" width=\"417\" title=\"Descubra !\" onerror=\"this.style.display='none'\"  \/>\r\n\t\t\t\t<\/a>\r\n\t<h2>ALGUNA PREGUNTA ?<br \/>\r\nPOR AH\u00cd !<\/h2>\r\n\t\t\t\t<a href=\"\/es\/contact\/\" target=\"_self\" itemprop=\"url\" rel=\"noopener noreferrer\">\r\n\t\t\t\t<img loading=\"lazy\" src=\"https:\/\/littlebigdolls.com\/wp-content\/uploads\/2020\/11\/contact-r.png\" alt=\"contact-r\" itemprop=\"image\" height=\"100\" width=\"305\" title=\"contact-r\" onerror=\"this.style.display='none'\"  \/>\r\n\t\t\t\t<\/a>\r\n\t\t\t\t<a href=\"\/es\/contact\/\" target=\"_blank\" rel=\"noopener noreferrer\" itemprop=\"url\">\r\n\t\t\t\t<img loading=\"lazy\" src=\"https:\/\/littlebigdolls.com\/wp-content\/uploads\/2020\/11\/contact-r.png\" alt=\"contact-r\" itemprop=\"image\" height=\"100\" width=\"305\" title=\"contact-r\" onerror=\"this.style.display='none'\"  \/>\r\n\t\t\t\t<\/a>\r\n\r\n","protected":false},"excerpt":{"rendered":"<p>MERCHANDISING DE\u00a0ACTORES Y PERSONAJES DE PEL\u00cdCULAS&#8230; GANDALF EL GRIS PERSONAJE FICTICIO DE LA TRILOG\u00cdA DEL SE\u00d1OR DE LOS ANILLOS DEL LEGENDARIO ESCRITOR BRIT\u00c1NICO J. R. R. TOLKIEN, INTERPRETADO POR EL ACTOR IAN MCKELLEN \u00ab SOY UN SERVIDOR DEL FUEGO SECRETO, POSEEDOR DE LA LLAMA DE ANOR \u00bb HARRY POTTER PERSONAJE PRINCIPAL DE LA SERIE DE [&hellip;]<\/p>\n","protected":false},"author":8,"featured_media":1138,"parent":0,"menu_order":0,"comment_status":"closed","ping_status":"closed","template":"page-builder.php","meta":{"inline_featured_image":false,"_genesis_hide_title":false,"_genesis_hide_breadcrumbs":false,"_genesis_hide_singular_image":false,"_genesis_hide_footer_widgets":false,"_genesis_custom_body_class":"","_genesis_custom_post_class":"","_genesis_layout":""},"folder":[214],"yoast_head":"<!-- This site is optimized with the Yoast SEO plugin v20.6 - https:\/\/yoast.com\/wordpress\/plugins\/seo\/ -->\n<title>ACTORES PEL\u00cdCULAS | Mu\u00f1ecas | Peluche Gigantes | Merchandising<\/title>\n<meta name=\"description\" content=\"Mu\u00f1ecas de actores y personajes de pel\u00edculas. Mu\u00f1ecos, mu\u00f1ecas de trapo, mu\u00f1eco, peluches gigantes, juguettos, regalador, juguetes personalizados, merchandising...\" \/>\n<meta name=\"robots\" content=\"index, follow, max-snippet:-1, max-image-preview:large, max-video-preview:-1\" \/>\n<link rel=\"canonical\" href=\"https:\/\/littlebigdolls.com\/es\/munecos-actors-personajes-peliculas-merchandising\/\" \/>\n<meta property=\"og:locale\" content=\"es_ES\" \/>\n<meta property=\"og:type\" content=\"article\" \/>\n<meta property=\"og:title\" content=\"ACTORES PEL\u00cdCULAS | Mu\u00f1ecas | Peluche Gigantes | Merchandising\" \/>\n<meta property=\"og:description\" content=\"Mu\u00f1ecas de actores y personajes de pel\u00edculas. Mu\u00f1ecos, mu\u00f1ecas de trapo, mu\u00f1eco, peluches gigantes, juguettos, regalador, juguetes personalizados, merchandising...\" \/>\n<meta property=\"og:url\" content=\"https:\/\/littlebigdolls.com\/es\/munecos-actors-personajes-peliculas-merchandising\/\" \/>\n<meta property=\"og:site_name\" content=\"LittleBigDolls | Art Toys with a Soul\" \/>\n<meta property=\"article:modified_time\" content=\"2021-05-19T17:20:06+00:00\" \/>\n<meta property=\"og:image\" content=\"https:\/\/littlebigdolls.com\/wp-content\/uploads\/2020\/01\/LittleBigDolls_logo.png\" \/>\n\t<meta property=\"og:image:width\" content=\"3298\" \/>\n\t<meta property=\"og:image:height\" content=\"695\" \/>\n\t<meta property=\"og:image:type\" content=\"image\/png\" \/>\n<meta name=\"twitter:card\" content=\"summary_large_image\" \/>\n<meta name=\"twitter:label1\" content=\"Tiempo de lectura\" \/>\n\t<meta name=\"twitter:data1\" content=\"1 minuto\" \/>\n<script type=\"application\/ld+json\" class=\"yoast-schema-graph\">{\"@context\":\"https:\/\/schema.org\",\"@graph\":[{\"@type\":\"WebPage\",\"@id\":\"https:\/\/littlebigdolls.com\/es\/munecos-actors-personajes-peliculas-merchandising\/\",\"url\":\"https:\/\/littlebigdolls.com\/es\/munecos-actors-personajes-peliculas-merchandising\/\",\"name\":\"ACTORES PEL\u00cdCULAS | Mu\u00f1ecas | Peluche Gigantes | Merchandising\",\"isPartOf\":{\"@id\":\"https:\/\/littlebigdolls.com\/fr\/#website\"},\"datePublished\":\"2021-05-18T16:43:48+00:00\",\"dateModified\":\"2021-05-19T17:20:06+00:00\",\"description\":\"Mu\u00f1ecas de actores y personajes de pel\u00edculas. Mu\u00f1ecos, mu\u00f1ecas de trapo, mu\u00f1eco, peluches gigantes, juguettos, regalador, juguetes personalizados, merchandising...\",\"breadcrumb\":{\"@id\":\"https:\/\/littlebigdolls.com\/es\/munecos-actors-personajes-peliculas-merchandising\/#breadcrumb\"},\"inLanguage\":\"es\",\"potentialAction\":[{\"@type\":\"ReadAction\",\"target\":[\"https:\/\/littlebigdolls.com\/es\/munecos-actors-personajes-peliculas-merchandising\/\"]}]},{\"@type\":\"BreadcrumbList\",\"@id\":\"https:\/\/littlebigdolls.com\/es\/munecos-actors-personajes-peliculas-merchandising\/#breadcrumb\",\"itemListElement\":[{\"@type\":\"ListItem\",\"position\":1,\"name\":\"Home\",\"item\":\"https:\/\/littlebigdolls.com\/es\/\"},{\"@type\":\"ListItem\",\"position\":2,\"name\":\"ACTORES Y PERSONAJES DE PEL\u00cdCULAS Mu\u00f1ecos, mu\u00f1ecas, juguettos y peluche gigantes merchandising\"}]},{\"@type\":\"WebSite\",\"@id\":\"https:\/\/littlebigdolls.com\/fr\/#website\",\"url\":\"https:\/\/littlebigdolls.com\/fr\/\",\"name\":\"LittleBigDolls | Art Toys with a Soul\",\"description\":\"Collecci\u00f3n de mu\u00f1ecas de trapo y peluche que representan figuras ic\u00f3nicas y  hist\u00f3ricas. Regalos originales - Dise\u00f1ador y fabricante de juguetes\",\"potentialAction\":[{\"@type\":\"SearchAction\",\"target\":{\"@type\":\"EntryPoint\",\"urlTemplate\":\"https:\/\/littlebigdolls.com\/fr\/?s={search_term_string}\"},\"query-input\":\"required name=search_term_string\"}],\"inLanguage\":\"es\"}]}<\/script>\n<!-- \/ Yoast SEO plugin. -->","yoast_head_json":{"title":"ACTORES PEL\u00cdCULAS | Mu\u00f1ecas | Peluche Gigantes | Merchandising","description":"Mu\u00f1ecas de actores y personajes de pel\u00edculas. Mu\u00f1ecos, mu\u00f1ecas de trapo, mu\u00f1eco, peluches gigantes, juguettos, regalador, juguetes personalizados, merchandising...","robots":{"index":"index","follow":"follow","max-snippet":"max-snippet:-1","max-image-preview":"max-image-preview:large","max-video-preview":"max-video-preview:-1"},"canonical":"https:\/\/littlebigdolls.com\/es\/munecos-actors-personajes-peliculas-merchandising\/","og_locale":"es_ES","og_type":"article","og_title":"ACTORES PEL\u00cdCULAS | Mu\u00f1ecas | Peluche Gigantes | Merchandising","og_description":"Mu\u00f1ecas de actores y personajes de pel\u00edculas. Mu\u00f1ecos, mu\u00f1ecas de trapo, mu\u00f1eco, peluches gigantes, juguettos, regalador, juguetes personalizados, merchandising...","og_url":"https:\/\/littlebigdolls.com\/es\/munecos-actors-personajes-peliculas-merchandising\/","og_site_name":"LittleBigDolls | Art Toys with a Soul","article_modified_time":"2021-05-19T17:20:06+00:00","og_image":[{"width":3298,"height":695,"url":"https:\/\/littlebigdolls.com\/wp-content\/uploads\/2020\/01\/LittleBigDolls_logo.png","type":"image\/png"}],"twitter_card":"summary_large_image","twitter_misc":{"Tiempo de lectura":"1 minuto"},"schema":{"@context":"https:\/\/schema.org","@graph":[{"@type":"WebPage","@id":"https:\/\/littlebigdolls.com\/es\/munecos-actors-personajes-peliculas-merchandising\/","url":"https:\/\/littlebigdolls.com\/es\/munecos-actors-personajes-peliculas-merchandising\/","name":"ACTORES PEL\u00cdCULAS | Mu\u00f1ecas | Peluche Gigantes | Merchandising","isPartOf":{"@id":"https:\/\/littlebigdolls.com\/fr\/#website"},"datePublished":"2021-05-18T16:43:48+00:00","dateModified":"2021-05-19T17:20:06+00:00","description":"Mu\u00f1ecas de actores y personajes de pel\u00edculas. Mu\u00f1ecos, mu\u00f1ecas de trapo, mu\u00f1eco, peluches gigantes, juguettos, regalador, juguetes personalizados, merchandising...","breadcrumb":{"@id":"https:\/\/littlebigdolls.com\/es\/munecos-actors-personajes-peliculas-merchandising\/#breadcrumb"},"inLanguage":"es","potentialAction":[{"@type":"ReadAction","target":["https:\/\/littlebigdolls.com\/es\/munecos-actors-personajes-peliculas-merchandising\/"]}]},{"@type":"BreadcrumbList","@id":"https:\/\/littlebigdolls.com\/es\/munecos-actors-personajes-peliculas-merchandising\/#breadcrumb","itemListElement":[{"@type":"ListItem","position":1,"name":"Home","item":"https:\/\/littlebigdolls.com\/es\/"},{"@type":"ListItem","position":2,"name":"ACTORES Y PERSONAJES DE PEL\u00cdCULAS Mu\u00f1ecos, mu\u00f1ecas, juguettos y peluche gigantes merchandising"}]},{"@type":"WebSite","@id":"https:\/\/littlebigdolls.com\/fr\/#website","url":"https:\/\/littlebigdolls.com\/fr\/","name":"LittleBigDolls | Art Toys with a Soul","description":"Collecci\u00f3n de mu\u00f1ecas de trapo y peluche que representan figuras ic\u00f3nicas y  hist\u00f3ricas. Regalos originales - Dise\u00f1ador y fabricante de juguetes","potentialAction":[{"@type":"SearchAction","target":{"@type":"EntryPoint","urlTemplate":"https:\/\/littlebigdolls.com\/fr\/?s={search_term_string}"},"query-input":"required name=search_term_string"}],"inLanguage":"es"}]}},"_links":{"self":[{"href":"https:\/\/littlebigdolls.com\/es\/wp-json\/wp\/v2\/pages\/45034"}],"collection":[{"href":"https:\/\/littlebigdolls.com\/es\/wp-json\/wp\/v2\/pages"}],"about":[{"href":"https:\/\/littlebigdolls.com\/es\/wp-json\/wp\/v2\/types\/page"}],"author":[{"embeddable":true,"href":"https:\/\/littlebigdolls.com\/es\/wp-json\/wp\/v2\/users\/8"}],"replies":[{"embeddable":true,"href":"https:\/\/littlebigdolls.com\/es\/wp-json\/wp\/v2\/comments?post=45034"}],"version-history":[{"count":3,"href":"https:\/\/littlebigdolls.com\/es\/wp-json\/wp\/v2\/pages\/45034\/revisions"}],"predecessor-version":[{"id":45104,"href":"https:\/\/littlebigdolls.com\/es\/wp-json\/wp\/v2\/pages\/45034\/revisions\/45104"}],"wp:featuredmedia":[{"embeddable":true,"href":"https:\/\/littlebigdolls.com\/es\/wp-json\/wp\/v2\/media\/1138"}],"wp:attachment":[{"href":"https:\/\/littlebigdolls.com\/es\/wp-json\/wp\/v2\/media?parent=45034"}],"wp:term":[{"taxonomy":"folder","embeddable":true,"href":"https:\/\/littlebigdolls.com\/es\/wp-json\/wp\/v2\/folder?post=45034"}],"curies":[{"name":"wp","href":"https:\/\/api.w.org\/{rel}","templated":true}]}}