{"id":45166,"date":"2021-05-19T13:24:12","date_gmt":"2021-05-19T13:24:12","guid":{"rendered":"https:\/\/littlebigdolls.com\/?page_id=45166"},"modified":"2021-05-19T17:07:07","modified_gmt":"2021-05-19T17:07:07","slug":"munecos-figuras-historicos-famosos-merchandising","status":"publish","type":"page","link":"https:\/\/littlebigdolls.com\/es\/munecos-figuras-historicos-famosos-merchandising\/","title":{"rendered":"PERSONAJES HIST\u00d3RICOS FAMOSOS Mu\u00f1ecos, mu\u00f1ecas, juguettos y peluche gigantes merchandising"},"content":{"rendered":"\n\n\t<h1>MERCHANDISING DE\u00a0FIGURAS HIST\u00d3RICAS&#8230;<\/h1>\n\t\t\t\t<img loading=\"lazy\" src=\"https:\/\/littlebigdolls.com\/wp-content\/uploads\/thomas-edison.jpg\" alt=\"thomas-edison\" itemprop=\"image\" height=\"350\" width=\"300\" title=\"thomas-edison\" onerror=\"this.style.display='none'\"  \/>\n\t<h2>THOMAS EDISON<\/h2>\n\t<p>INVENTOR, CIENT\u00cdFICO E INDUSTRIAL ESTADOUNIDENSE FUNDADOR DE GENERAL ELECTRIC NACIDO EN 1847 EN MIL\u00c1N, OHIO<\/p>\n\t<p>\u00ab NO ME DESANIMO PORQUE CADA NUEVO FRACASO ES UN PASO M\u00c1S HACIA LA VICTORIA \u00bb<\/p>\n\t\t\t\t<a href=\"https:\/\/littlebigdolls.com\/es\/thomas-muneca-de-trapo-juguettos-merchandising\/\" target=\"_self\" itemprop=\"url\" rel=\"noopener noreferrer\">\n\t\t\t\t<img loading=\"lazy\" src=\"https:\/\/littlebigdolls.com\/wp-content\/uploads\/ver-mas2.png\" alt=\"Descubra !\" itemprop=\"image\" height=\"115\" width=\"417\" title=\"Descubra !\" onerror=\"this.style.display='none'\"  \/>\n\t\t\t\t<\/a>\n\t\t\t\t<img loading=\"lazy\" src=\"https:\/\/littlebigdolls.com\/wp-content\/uploads\/neil-amstrong.jpg\" alt=\"neil-amstrong\" itemprop=\"image\" height=\"350\" width=\"300\" title=\"neil-amstrong\" onerror=\"this.style.display='none'\"  \/>\n\t<h2>NEIL ARMSTRONG<\/h2>\n\t<p>ASTRONAUTA ESTADOUNIDENSE Y AVIADOR DE LA MARINA DE LOS ESTADOS UNIDOS NACIDO EN 1930 EN WAPAKONETA, OHIO, ESTADOS UNIDOS<\/p>\n\t<p>\u00ab ES UN PEQUE\u00d1O PASO PARA EL HOMBRE, UN GRAN SALTO PARA LA HUMANIDAD \u00bb<\/p>\n\t\t\t\t<a href=\"https:\/\/littlebigdolls.com\/es\/neil-armstrong-muneca-de-trapo-juguettos-merchandising\/\" target=\"_self\" itemprop=\"url\" rel=\"noopener noreferrer\">\n\t\t\t\t<img loading=\"lazy\" src=\"https:\/\/littlebigdolls.com\/wp-content\/uploads\/ver-mas2.png\" alt=\"Descubra !\" itemprop=\"image\" height=\"115\" width=\"417\" title=\"Descubra !\" onerror=\"this.style.display='none'\"  \/>\n\t\t\t\t<\/a>\n\t\t\t\t<img loading=\"lazy\" src=\"https:\/\/littlebigdolls.com\/wp-content\/uploads\/julio-cesar.jpg\" alt=\"julio cesar\" itemprop=\"image\" height=\"350\" width=\"300\" title=\"julio-cesar\" onerror=\"this.style.display='none'\"  \/>\n\t<h2>JULES C\u00c9SAR<\/h2>\n\t<p>GENERAL ROMANO, ESTADISTA Y ESCRITOR NACIDO EN EL A\u00d1O 100 A.C. B.C. EN ROMA, ITALIA<\/p>\n\t<p>\u00ab HE VENIDO, HE VISTO, HE VENCIDO \u00bb<\/p>\n\t\t\t\t<a href=\"https:\/\/littlebigdolls.com\/es\/julio-cesar-muneca-de-trapo-juguettos-merchandising\/\" target=\"_self\" itemprop=\"url\" rel=\"noopener noreferrer\">\n\t\t\t\t<img loading=\"lazy\" src=\"https:\/\/littlebigdolls.com\/wp-content\/uploads\/ver-mas2.png\" alt=\"Descubra !\" itemprop=\"image\" height=\"115\" width=\"417\" title=\"Descubra !\" onerror=\"this.style.display='none'\"  \/>\n\t\t\t\t<\/a>\n\t\t\t\t<img loading=\"lazy\" src=\"https:\/\/littlebigdolls.com\/wp-content\/uploads\/papa-juan-pablo-II.jpg\" alt=\"papa juan pablo II\" itemprop=\"image\" height=\"350\" width=\"300\" title=\"papa-juan-pablo-II\" onerror=\"this.style.display='none'\"  \/>\n\t<h2>PAPA JEAN-PAUL II<\/h2>\n\t<p>264\u1d49 OBISPO DE ROMA Y PAPA DE LA IGLESIA CAT\u00d3LICA NACIDO EN 1920 EN WADOWICE, POLONIA<\/p>\n\t<p>\u00abTODA LA EXISTENCIA DERIVA SU VALOR DE LA CALIDAD DEL AMOR \u00bb<\/p>\n\t\t\t\t<a href=\"https:\/\/littlebigdolls.com\/es\/papa-juan-pablo-ii-muneca-de-trapo-juguettos-merchandising\/\" target=\"_self\" itemprop=\"url\" rel=\"noopener noreferrer\">\n\t\t\t\t<img loading=\"lazy\" src=\"https:\/\/littlebigdolls.com\/wp-content\/uploads\/ver-mas2.png\" alt=\"Descubra !\" itemprop=\"image\" height=\"115\" width=\"417\" title=\"Descubra !\" onerror=\"this.style.display='none'\"  \/>\n\t\t\t\t<\/a>\n\t\t\t\t<img loading=\"lazy\" src=\"https:\/\/littlebigdolls.com\/wp-content\/uploads\/galilee.jpg\" alt=\"galilee\" itemprop=\"image\" height=\"350\" width=\"300\" title=\"galilee\" onerror=\"this.style.display='none'\"  \/>\n\t<h2> GALILEE<\/h2>\n\t<p>MATEM\u00c1TICO, GE\u00d3METRA, F\u00cdSICO Y ASTR\u00d3NOMO ITALIANO DEL SIGLO XVII\u1d49 NACIDO EN PISA EN 1564, ITALIA<\/p>\n\t<p>\u00ab ES CIERTAMENTE PERJUDICIAL PARA LAS ALMAS CONVERTIR EN HEREJ\u00cdA EL CREER EN LO QUE EST\u00c1 PROBADO \u00bb<\/p>\n\t\t\t\t<a href=\"https:\/\/littlebigdolls.com\/es\/galilee-muneca-de-trapo-juguettos-merchandising\/\" target=\"_self\" itemprop=\"url\" rel=\"noopener noreferrer\">\n\t\t\t\t<img loading=\"lazy\" src=\"https:\/\/littlebigdolls.com\/wp-content\/uploads\/ver-mas2.png\" alt=\"Descubra !\" itemprop=\"image\" height=\"115\" width=\"417\" title=\"Descubra !\" onerror=\"this.style.display='none'\"  \/>\n\t\t\t\t<\/a>\n\t\t\t\t<img loading=\"lazy\" src=\"https:\/\/littlebigdolls.com\/wp-content\/uploads\/thomas-jefferson.jpg\" alt=\"thomas-jefferson\" itemprop=\"image\" height=\"350\" width=\"300\" title=\"thomas-jefferson\" onerror=\"this.style.display='none'\"  \/>\n\t<h2>THOMAS  JEFFERSON<\/h2>\n\t<p>PRIMER SECRETARIO DE ESTADO DE LOS ESTADOS UNIDOS Y TERCER PRESIDENTE DE LOS ESTADOS UNIDOS, NACIDO EN 1743 EN SHADWELL, VIRGINIA<\/p>\n\t<p>\u00ab EL HOMBRE QUE NO TEME LA VERDAD NO TIENE NADA QUE TEMER DE LA MENTIRA \u00bb<\/p>\n\t\t\t\t<a href=\"https:\/\/littlebigdolls.com\/es\/thomas-jefferson-muneca-de-trapo-juguettos-merchandising\/\" target=\"_self\" itemprop=\"url\" rel=\"noopener noreferrer\">\n\t\t\t\t<img loading=\"lazy\" src=\"https:\/\/littlebigdolls.com\/wp-content\/uploads\/ver-mas2.png\" alt=\"Descubra !\" itemprop=\"image\" height=\"115\" width=\"417\" title=\"Descubra !\" onerror=\"this.style.display='none'\"  \/>\n\t\t\t\t<\/a>\n\t\t\t\t<img loading=\"lazy\" src=\"https:\/\/littlebigdolls.com\/wp-content\/uploads\/Mao-tse-toung.jpg\" alt=\"Mao-tse-toung\" itemprop=\"image\" height=\"350\" width=\"300\" title=\"Mao-tse-toung\" onerror=\"this.style.display='none'\"  \/>\n\t<h2>MAO  TS\u00c9-TOUNG<\/h2>\n\t<p>FAMOSO ESTADISTA Y L\u00cdDER MILITAR CHINO NACIDO EN 1893 EN SHAOSHAN, CHINA<\/p>\n\t<p>\u00ab LA EXISTENCIA SOCIAL DE LOS HOMBRES DETERMINA SU PENSAMIENTO \u00bb<\/p>\n\t\t\t\t<a href=\"https:\/\/littlebigdolls.com\/es\/mao-tse-toung-muneca-de-trapo-juguettos-merchandising\/\" target=\"_self\" itemprop=\"url\" rel=\"noopener noreferrer\">\n\t\t\t\t<img loading=\"lazy\" src=\"https:\/\/littlebigdolls.com\/wp-content\/uploads\/ver-mas2.png\" alt=\"Descubra !\" itemprop=\"image\" height=\"115\" width=\"417\" title=\"Descubra !\" onerror=\"this.style.display='none'\"  \/>\n\t\t\t\t<\/a>\n\t\t\t\t<img loading=\"lazy\" src=\"https:\/\/littlebigdolls.com\/wp-content\/uploads\/emiliano-zapata.jpg\" alt=\"emiliano-zapata\" itemprop=\"image\" height=\"350\" width=\"300\" title=\"emiliano-zapata\" onerror=\"this.style.display='none'\"  \/>\n\t<h2>EMILIANO ZAPATA<\/h2>\n\t<p>FAMOSO POL\u00cdTICO Y REVOLUCIONARIO MEXICANO NACIDO EL 8 DE AGOSTO DE 1879 EN ANENECUILCO, M\u00c9XICO.<\/p>\n\t<p>\u00ab  ES MEJOR MORIR DE PIE QUE VIVIR DE RODILLAS \u00bb<\/p>\n\t\t\t\t<a href=\"https:\/\/littlebigdolls.com\/es\/emiliano-zapata-muneca-de-trapo-juguettos-merchandising\/\" target=\"_self\" itemprop=\"url\" rel=\"noopener noreferrer\">\n\t\t\t\t<img loading=\"lazy\" src=\"https:\/\/littlebigdolls.com\/wp-content\/uploads\/ver-mas2.png\" alt=\"Descubra !\" itemprop=\"image\" height=\"115\" width=\"417\" title=\"Descubra !\" onerror=\"this.style.display='none'\"  \/>\n\t\t\t\t<\/a>\n\t<h2>ALGUNA PREGUNTA ?<br \/>\nPOR AH\u00cd !<\/h2>\n\t\t\t\t<a href=\"\/es\/contact\/\" target=\"_self\" itemprop=\"url\" rel=\"noopener noreferrer\">\n\t\t\t\t<img loading=\"lazy\" src=\"https:\/\/littlebigdolls.com\/wp-content\/uploads\/2020\/11\/contact-r.png\" alt=\"contact-r\" itemprop=\"image\" height=\"100\" width=\"305\" title=\"contact-r\" onerror=\"this.style.display='none'\"  \/>\n\t\t\t\t<\/a>\n\t\t\t\t<a href=\"\/es\/contact\/\" target=\"_blank\" rel=\"noopener noreferrer\" itemprop=\"url\">\n\t\t\t\t<img loading=\"lazy\" src=\"https:\/\/littlebigdolls.com\/wp-content\/uploads\/2020\/11\/contact-r.png\" alt=\"contact-r\" itemprop=\"image\" height=\"100\" width=\"305\" title=\"contact-r\" onerror=\"this.style.display='none'\"  \/>\n\t\t\t\t<\/a>\n\n","protected":false},"excerpt":{"rendered":"<p>MERCHANDISING DE\u00a0FIGURAS HIST\u00d3RICAS&#8230; THOMAS EDISON INVENTOR, CIENT\u00cdFICO E INDUSTRIAL ESTADOUNIDENSE FUNDADOR DE GENERAL ELECTRIC NACIDO EN 1847 EN MIL\u00c1N, OHIO \u00ab NO ME DESANIMO PORQUE CADA NUEVO FRACASO ES UN PASO M\u00c1S HACIA LA VICTORIA \u00bb NEIL ARMSTRONG ASTRONAUTA ESTADOUNIDENSE Y AVIADOR DE LA MARINA DE LOS ESTADOS UNIDOS NACIDO EN 1930 EN WAPAKONETA, OHIO, [&hellip;]<\/p>\n","protected":false},"author":8,"featured_media":1138,"parent":0,"menu_order":0,"comment_status":"closed","ping_status":"closed","template":"page-builder.php","meta":{"inline_featured_image":false,"_genesis_hide_title":false,"_genesis_hide_breadcrumbs":false,"_genesis_hide_singular_image":false,"_genesis_hide_footer_widgets":false,"_genesis_custom_body_class":"","_genesis_custom_post_class":"","_genesis_layout":""},"folder":[214],"yoast_head":"<!-- This site is optimized with the Yoast SEO plugin v20.6 - https:\/\/yoast.com\/wordpress\/plugins\/seo\/ -->\n<title>FIGURAS HIST\u00d3RICOS | Mu\u00f1ecas | Peluche Gigantes | Merchandising<\/title>\n<meta name=\"description\" content=\"Mu\u00f1ecas de figuras historicos famosos. Mu\u00f1ecos, mu\u00f1ecas de trapo, mu\u00f1eco, peluches gigantes, juguettos, regalador, juguetes personalizados, merchandising...\" \/>\n<meta name=\"robots\" content=\"index, follow, max-snippet:-1, max-image-preview:large, max-video-preview:-1\" \/>\n<link rel=\"canonical\" href=\"https:\/\/littlebigdolls.com\/es\/munecos-figuras-historicos-famosos-merchandising\/\" \/>\n<meta property=\"og:locale\" content=\"es_ES\" \/>\n<meta property=\"og:type\" content=\"article\" \/>\n<meta property=\"og:title\" content=\"FIGURAS HIST\u00d3RICOS | Mu\u00f1ecas | Peluche Gigantes | Merchandising\" \/>\n<meta property=\"og:description\" content=\"Mu\u00f1ecas de figuras historicos famosos. Mu\u00f1ecos, mu\u00f1ecas de trapo, mu\u00f1eco, peluches gigantes, juguettos, regalador, juguetes personalizados, merchandising...\" \/>\n<meta property=\"og:url\" content=\"https:\/\/littlebigdolls.com\/es\/munecos-figuras-historicos-famosos-merchandising\/\" \/>\n<meta property=\"og:site_name\" content=\"LittleBigDolls | Art Toys with a Soul\" \/>\n<meta property=\"article:modified_time\" content=\"2021-05-19T17:07:07+00:00\" \/>\n<meta property=\"og:image\" content=\"https:\/\/littlebigdolls.com\/wp-content\/uploads\/2020\/01\/LittleBigDolls_logo.png\" \/>\n\t<meta property=\"og:image:width\" content=\"3298\" \/>\n\t<meta property=\"og:image:height\" content=\"695\" \/>\n\t<meta property=\"og:image:type\" content=\"image\/png\" \/>\n<meta name=\"twitter:card\" content=\"summary_large_image\" \/>\n<meta name=\"twitter:label1\" content=\"Tiempo de lectura\" \/>\n\t<meta name=\"twitter:data1\" content=\"1 minuto\" \/>\n<script type=\"application\/ld+json\" class=\"yoast-schema-graph\">{\"@context\":\"https:\/\/schema.org\",\"@graph\":[{\"@type\":\"WebPage\",\"@id\":\"https:\/\/littlebigdolls.com\/es\/munecos-figuras-historicos-famosos-merchandising\/\",\"url\":\"https:\/\/littlebigdolls.com\/es\/munecos-figuras-historicos-famosos-merchandising\/\",\"name\":\"FIGURAS HIST\u00d3RICOS | Mu\u00f1ecas | Peluche Gigantes | Merchandising\",\"isPartOf\":{\"@id\":\"https:\/\/littlebigdolls.com\/fr\/#website\"},\"datePublished\":\"2021-05-19T13:24:12+00:00\",\"dateModified\":\"2021-05-19T17:07:07+00:00\",\"description\":\"Mu\u00f1ecas de figuras historicos famosos. Mu\u00f1ecos, mu\u00f1ecas de trapo, mu\u00f1eco, peluches gigantes, juguettos, regalador, juguetes personalizados, merchandising...\",\"breadcrumb\":{\"@id\":\"https:\/\/littlebigdolls.com\/es\/munecos-figuras-historicos-famosos-merchandising\/#breadcrumb\"},\"inLanguage\":\"es\",\"potentialAction\":[{\"@type\":\"ReadAction\",\"target\":[\"https:\/\/littlebigdolls.com\/es\/munecos-figuras-historicos-famosos-merchandising\/\"]}]},{\"@type\":\"BreadcrumbList\",\"@id\":\"https:\/\/littlebigdolls.com\/es\/munecos-figuras-historicos-famosos-merchandising\/#breadcrumb\",\"itemListElement\":[{\"@type\":\"ListItem\",\"position\":1,\"name\":\"Home\",\"item\":\"https:\/\/littlebigdolls.com\/es\/\"},{\"@type\":\"ListItem\",\"position\":2,\"name\":\"PERSONAJES HIST\u00d3RICOS FAMOSOS Mu\u00f1ecos, mu\u00f1ecas, juguettos y peluche gigantes merchandising\"}]},{\"@type\":\"WebSite\",\"@id\":\"https:\/\/littlebigdolls.com\/fr\/#website\",\"url\":\"https:\/\/littlebigdolls.com\/fr\/\",\"name\":\"LittleBigDolls | Art Toys with a Soul\",\"description\":\"Collecci\u00f3n de mu\u00f1ecas de trapo y peluche que representan figuras ic\u00f3nicas y  hist\u00f3ricas. Regalos originales - Dise\u00f1ador y fabricante de juguetes\",\"potentialAction\":[{\"@type\":\"SearchAction\",\"target\":{\"@type\":\"EntryPoint\",\"urlTemplate\":\"https:\/\/littlebigdolls.com\/fr\/?s={search_term_string}\"},\"query-input\":\"required name=search_term_string\"}],\"inLanguage\":\"es\"}]}<\/script>\n<!-- \/ Yoast SEO plugin. -->","yoast_head_json":{"title":"FIGURAS HIST\u00d3RICOS | Mu\u00f1ecas | Peluche Gigantes | Merchandising","description":"Mu\u00f1ecas de figuras historicos famosos. Mu\u00f1ecos, mu\u00f1ecas de trapo, mu\u00f1eco, peluches gigantes, juguettos, regalador, juguetes personalizados, merchandising...","robots":{"index":"index","follow":"follow","max-snippet":"max-snippet:-1","max-image-preview":"max-image-preview:large","max-video-preview":"max-video-preview:-1"},"canonical":"https:\/\/littlebigdolls.com\/es\/munecos-figuras-historicos-famosos-merchandising\/","og_locale":"es_ES","og_type":"article","og_title":"FIGURAS HIST\u00d3RICOS | Mu\u00f1ecas | Peluche Gigantes | Merchandising","og_description":"Mu\u00f1ecas de figuras historicos famosos. Mu\u00f1ecos, mu\u00f1ecas de trapo, mu\u00f1eco, peluches gigantes, juguettos, regalador, juguetes personalizados, merchandising...","og_url":"https:\/\/littlebigdolls.com\/es\/munecos-figuras-historicos-famosos-merchandising\/","og_site_name":"LittleBigDolls | Art Toys with a Soul","article_modified_time":"2021-05-19T17:07:07+00:00","og_image":[{"width":3298,"height":695,"url":"https:\/\/littlebigdolls.com\/wp-content\/uploads\/2020\/01\/LittleBigDolls_logo.png","type":"image\/png"}],"twitter_card":"summary_large_image","twitter_misc":{"Tiempo de lectura":"1 minuto"},"schema":{"@context":"https:\/\/schema.org","@graph":[{"@type":"WebPage","@id":"https:\/\/littlebigdolls.com\/es\/munecos-figuras-historicos-famosos-merchandising\/","url":"https:\/\/littlebigdolls.com\/es\/munecos-figuras-historicos-famosos-merchandising\/","name":"FIGURAS HIST\u00d3RICOS | Mu\u00f1ecas | Peluche Gigantes | Merchandising","isPartOf":{"@id":"https:\/\/littlebigdolls.com\/fr\/#website"},"datePublished":"2021-05-19T13:24:12+00:00","dateModified":"2021-05-19T17:07:07+00:00","description":"Mu\u00f1ecas de figuras historicos famosos. Mu\u00f1ecos, mu\u00f1ecas de trapo, mu\u00f1eco, peluches gigantes, juguettos, regalador, juguetes personalizados, merchandising...","breadcrumb":{"@id":"https:\/\/littlebigdolls.com\/es\/munecos-figuras-historicos-famosos-merchandising\/#breadcrumb"},"inLanguage":"es","potentialAction":[{"@type":"ReadAction","target":["https:\/\/littlebigdolls.com\/es\/munecos-figuras-historicos-famosos-merchandising\/"]}]},{"@type":"BreadcrumbList","@id":"https:\/\/littlebigdolls.com\/es\/munecos-figuras-historicos-famosos-merchandising\/#breadcrumb","itemListElement":[{"@type":"ListItem","position":1,"name":"Home","item":"https:\/\/littlebigdolls.com\/es\/"},{"@type":"ListItem","position":2,"name":"PERSONAJES HIST\u00d3RICOS FAMOSOS Mu\u00f1ecos, mu\u00f1ecas, juguettos y peluche gigantes merchandising"}]},{"@type":"WebSite","@id":"https:\/\/littlebigdolls.com\/fr\/#website","url":"https:\/\/littlebigdolls.com\/fr\/","name":"LittleBigDolls | Art Toys with a Soul","description":"Collecci\u00f3n de mu\u00f1ecas de trapo y peluche que representan figuras ic\u00f3nicas y  hist\u00f3ricas. Regalos originales - Dise\u00f1ador y fabricante de juguetes","potentialAction":[{"@type":"SearchAction","target":{"@type":"EntryPoint","urlTemplate":"https:\/\/littlebigdolls.com\/fr\/?s={search_term_string}"},"query-input":"required name=search_term_string"}],"inLanguage":"es"}]}},"_links":{"self":[{"href":"https:\/\/littlebigdolls.com\/es\/wp-json\/wp\/v2\/pages\/45166"}],"collection":[{"href":"https:\/\/littlebigdolls.com\/es\/wp-json\/wp\/v2\/pages"}],"about":[{"href":"https:\/\/littlebigdolls.com\/es\/wp-json\/wp\/v2\/types\/page"}],"author":[{"embeddable":true,"href":"https:\/\/littlebigdolls.com\/es\/wp-json\/wp\/v2\/users\/8"}],"replies":[{"embeddable":true,"href":"https:\/\/littlebigdolls.com\/es\/wp-json\/wp\/v2\/comments?post=45166"}],"version-history":[{"count":4,"href":"https:\/\/littlebigdolls.com\/es\/wp-json\/wp\/v2\/pages\/45166\/revisions"}],"predecessor-version":[{"id":45259,"href":"https:\/\/littlebigdolls.com\/es\/wp-json\/wp\/v2\/pages\/45166\/revisions\/45259"}],"wp:featuredmedia":[{"embeddable":true,"href":"https:\/\/littlebigdolls.com\/es\/wp-json\/wp\/v2\/media\/1138"}],"wp:attachment":[{"href":"https:\/\/littlebigdolls.com\/es\/wp-json\/wp\/v2\/media?parent=45166"}],"wp:term":[{"taxonomy":"folder","embeddable":true,"href":"https:\/\/littlebigdolls.com\/es\/wp-json\/wp\/v2\/folder?post=45166"}],"curies":[{"name":"wp","href":"https:\/\/api.w.org\/{rel}","templated":true}]}}