{"id":45549,"date":"2021-05-21T14:20:11","date_gmt":"2021-05-21T14:20:11","guid":{"rendered":"https:\/\/littlebigdolls.com\/?page_id=45549"},"modified":"2021-05-21T14:23:36","modified_gmt":"2021-05-21T14:23:36","slug":"direccion-equivocada","status":"publish","type":"page","link":"https:\/\/littlebigdolls.com\/es\/direccion-equivocada\/","title":{"rendered":"404"},"content":{"rendered":"\n\n\t<h1>ORPS&#8230; DIRECCI\u00d3N EQUIVOCADA&#8230;<\/h1>\n\t\t\t\t<img src=\"https:\/\/littlebigdolls.com\/wp-content\/uploads\/salvador-dali-errores-sagrado-404.jpg\" alt=\"salvador-dali-errores-sagrado-404\" title=\"salvador-dali-errores-sagrado-404\" itemprop=\"image\"  \/>\n\n","protected":false},"excerpt":{"rendered":"<p>ORPS&#8230; DIRECCI\u00d3N EQUIVOCADA&#8230;<\/p>\n","protected":false},"author":8,"featured_media":1138,"parent":0,"menu_order":0,"comment_status":"closed","ping_status":"closed","template":"page-builder.php","meta":{"inline_featured_image":false,"_genesis_hide_title":false,"_genesis_hide_breadcrumbs":false,"_genesis_hide_singular_image":false,"_genesis_hide_footer_widgets":false,"_genesis_custom_body_class":"","_genesis_custom_post_class":"","_genesis_layout":""},"folder":[32],"yoast_head":"<!-- This site is optimized with the Yoast SEO plugin v20.6 - https:\/\/yoast.com\/wordpress\/plugins\/seo\/ -->\n<title>LittleBigDolls | Art Toys With a Soul !<\/title>\n<meta name=\"description\" content=\"ORPS... direcci\u00f3n equivocada... ir a la p\u00e1gina de inicio para volver a la pista\" \/>\n<meta name=\"robots\" content=\"index, follow, max-snippet:-1, max-image-preview:large, max-video-preview:-1\" \/>\n<link rel=\"canonical\" href=\"https:\/\/littlebigdolls.com\/es\/direccion-equivocada\/\" \/>\n<meta property=\"og:locale\" content=\"es_ES\" \/>\n<meta property=\"og:type\" content=\"article\" \/>\n<meta property=\"og:title\" content=\"LittleBigDolls | Art Toys With a Soul !\" \/>\n<meta property=\"og:description\" content=\"ORPS... direcci\u00f3n equivocada... ir a la p\u00e1gina de inicio para volver a la pista\" \/>\n<meta property=\"og:url\" content=\"https:\/\/littlebigdolls.com\/es\/direccion-equivocada\/\" \/>\n<meta property=\"og:site_name\" content=\"LittleBigDolls | Art Toys with a Soul\" \/>\n<meta property=\"article:modified_time\" content=\"2021-05-21T14:23:36+00:00\" \/>\n<meta property=\"og:image\" content=\"https:\/\/littlebigdolls.com\/wp-content\/uploads\/2020\/01\/LittleBigDolls_logo.png\" \/>\n\t<meta property=\"og:image:width\" content=\"3298\" \/>\n\t<meta property=\"og:image:height\" content=\"695\" \/>\n\t<meta property=\"og:image:type\" content=\"image\/png\" \/>\n<meta name=\"twitter:card\" content=\"summary_large_image\" \/>\n<script type=\"application\/ld+json\" class=\"yoast-schema-graph\">{\"@context\":\"https:\/\/schema.org\",\"@graph\":[{\"@type\":\"WebPage\",\"@id\":\"https:\/\/littlebigdolls.com\/es\/direccion-equivocada\/\",\"url\":\"https:\/\/littlebigdolls.com\/es\/direccion-equivocada\/\",\"name\":\"LittleBigDolls | Art Toys With a Soul !\",\"isPartOf\":{\"@id\":\"https:\/\/littlebigdolls.com\/fr\/#website\"},\"datePublished\":\"2021-05-21T14:20:11+00:00\",\"dateModified\":\"2021-05-21T14:23:36+00:00\",\"description\":\"ORPS... direcci\u00f3n equivocada... ir a la p\u00e1gina de inicio para volver a la pista\",\"breadcrumb\":{\"@id\":\"https:\/\/littlebigdolls.com\/es\/direccion-equivocada\/#breadcrumb\"},\"inLanguage\":\"es\",\"potentialAction\":[{\"@type\":\"ReadAction\",\"target\":[\"https:\/\/littlebigdolls.com\/es\/direccion-equivocada\/\"]}]},{\"@type\":\"BreadcrumbList\",\"@id\":\"https:\/\/littlebigdolls.com\/es\/direccion-equivocada\/#breadcrumb\",\"itemListElement\":[{\"@type\":\"ListItem\",\"position\":1,\"name\":\"Home\",\"item\":\"https:\/\/littlebigdolls.com\/es\/\"},{\"@type\":\"ListItem\",\"position\":2,\"name\":\"404\"}]},{\"@type\":\"WebSite\",\"@id\":\"https:\/\/littlebigdolls.com\/fr\/#website\",\"url\":\"https:\/\/littlebigdolls.com\/fr\/\",\"name\":\"LittleBigDolls | Art Toys with a Soul\",\"description\":\"Collecci\u00f3n de mu\u00f1ecas de trapo y peluche que representan figuras ic\u00f3nicas y  hist\u00f3ricas. Regalos originales - Dise\u00f1ador y fabricante de juguetes\",\"potentialAction\":[{\"@type\":\"SearchAction\",\"target\":{\"@type\":\"EntryPoint\",\"urlTemplate\":\"https:\/\/littlebigdolls.com\/fr\/?s={search_term_string}\"},\"query-input\":\"required name=search_term_string\"}],\"inLanguage\":\"es\"}]}<\/script>\n<!-- \/ Yoast SEO plugin. -->","yoast_head_json":{"title":"LittleBigDolls | Art Toys With a Soul !","description":"ORPS... direcci\u00f3n equivocada... ir a la p\u00e1gina de inicio para volver a la pista","robots":{"index":"index","follow":"follow","max-snippet":"max-snippet:-1","max-image-preview":"max-image-preview:large","max-video-preview":"max-video-preview:-1"},"canonical":"https:\/\/littlebigdolls.com\/es\/direccion-equivocada\/","og_locale":"es_ES","og_type":"article","og_title":"LittleBigDolls | Art Toys With a Soul !","og_description":"ORPS... direcci\u00f3n equivocada... ir a la p\u00e1gina de inicio para volver a la pista","og_url":"https:\/\/littlebigdolls.com\/es\/direccion-equivocada\/","og_site_name":"LittleBigDolls | Art Toys with a Soul","article_modified_time":"2021-05-21T14:23:36+00:00","og_image":[{"width":3298,"height":695,"url":"https:\/\/littlebigdolls.com\/wp-content\/uploads\/2020\/01\/LittleBigDolls_logo.png","type":"image\/png"}],"twitter_card":"summary_large_image","schema":{"@context":"https:\/\/schema.org","@graph":[{"@type":"WebPage","@id":"https:\/\/littlebigdolls.com\/es\/direccion-equivocada\/","url":"https:\/\/littlebigdolls.com\/es\/direccion-equivocada\/","name":"LittleBigDolls | Art Toys With a Soul !","isPartOf":{"@id":"https:\/\/littlebigdolls.com\/fr\/#website"},"datePublished":"2021-05-21T14:20:11+00:00","dateModified":"2021-05-21T14:23:36+00:00","description":"ORPS... direcci\u00f3n equivocada... ir a la p\u00e1gina de inicio para volver a la pista","breadcrumb":{"@id":"https:\/\/littlebigdolls.com\/es\/direccion-equivocada\/#breadcrumb"},"inLanguage":"es","potentialAction":[{"@type":"ReadAction","target":["https:\/\/littlebigdolls.com\/es\/direccion-equivocada\/"]}]},{"@type":"BreadcrumbList","@id":"https:\/\/littlebigdolls.com\/es\/direccion-equivocada\/#breadcrumb","itemListElement":[{"@type":"ListItem","position":1,"name":"Home","item":"https:\/\/littlebigdolls.com\/es\/"},{"@type":"ListItem","position":2,"name":"404"}]},{"@type":"WebSite","@id":"https:\/\/littlebigdolls.com\/fr\/#website","url":"https:\/\/littlebigdolls.com\/fr\/","name":"LittleBigDolls | Art Toys with a Soul","description":"Collecci\u00f3n de mu\u00f1ecas de trapo y peluche que representan figuras ic\u00f3nicas y  hist\u00f3ricas. Regalos originales - Dise\u00f1ador y fabricante de juguetes","potentialAction":[{"@type":"SearchAction","target":{"@type":"EntryPoint","urlTemplate":"https:\/\/littlebigdolls.com\/fr\/?s={search_term_string}"},"query-input":"required name=search_term_string"}],"inLanguage":"es"}]}},"_links":{"self":[{"href":"https:\/\/littlebigdolls.com\/es\/wp-json\/wp\/v2\/pages\/45549"}],"collection":[{"href":"https:\/\/littlebigdolls.com\/es\/wp-json\/wp\/v2\/pages"}],"about":[{"href":"https:\/\/littlebigdolls.com\/es\/wp-json\/wp\/v2\/types\/page"}],"author":[{"embeddable":true,"href":"https:\/\/littlebigdolls.com\/es\/wp-json\/wp\/v2\/users\/8"}],"replies":[{"embeddable":true,"href":"https:\/\/littlebigdolls.com\/es\/wp-json\/wp\/v2\/comments?post=45549"}],"version-history":[{"count":4,"href":"https:\/\/littlebigdolls.com\/es\/wp-json\/wp\/v2\/pages\/45549\/revisions"}],"predecessor-version":[{"id":45567,"href":"https:\/\/littlebigdolls.com\/es\/wp-json\/wp\/v2\/pages\/45549\/revisions\/45567"}],"wp:featuredmedia":[{"embeddable":true,"href":"https:\/\/littlebigdolls.com\/es\/wp-json\/wp\/v2\/media\/1138"}],"wp:attachment":[{"href":"https:\/\/littlebigdolls.com\/es\/wp-json\/wp\/v2\/media?parent=45549"}],"wp:term":[{"taxonomy":"folder","embeddable":true,"href":"https:\/\/littlebigdolls.com\/es\/wp-json\/wp\/v2\/folder?post=45549"}],"curies":[{"name":"wp","href":"https:\/\/api.w.org\/{rel}","templated":true}]}}