{"id":14469,"date":"2020-12-11T17:20:02","date_gmt":"2020-12-16T11:29:33","guid":{"rendered":"https:\/\/littlebigdolls.com\/?post_type=product&#038;p=14469"},"modified":"2021-02-16T17:41:49","modified_gmt":"2021-02-16T17:41:49","slug":"frida-kahlo-muneca-de-trapo-peluche","status":"publish","type":"product","link":"https:\/\/littlebigdolls.com\/es\/juguetos\/frida-kahlo-muneca-de-trapo-peluche\/","title":{"rendered":"Frida Kahlo"},"content":{"rendered":"<p>FAMOSA PINTORA, FIGURA EMBLEM\u00c1TICA DE LA CULTURA MEXICANA, ICONO DEL FEMINISMO, NACIDA EN 1907 EN COYOAC\u00c1N, UN BARRIO DE LA CIUDAD DE M\u00c9XICO.<\/p>\n","protected":false},"excerpt":{"rendered":"<p>\u00ab PIES, PARA QUE LOS QUIERO SI TENGO ALAS PARA VOLAR \u00bb<\/p>\n","protected":false},"featured_media":17878,"template":"","meta":{"inline_featured_image":false,"_genesis_hide_title":false,"_genesis_hide_breadcrumbs":false,"_genesis_hide_singular_image":false,"_genesis_hide_footer_widgets":false,"_genesis_custom_body_class":"","_genesis_custom_post_class":"","_genesis_layout":""},"product_cat":[52],"product_tag":[],"yoast_head":"<!-- This site is optimized with the Yoast SEO plugin v20.6 - https:\/\/yoast.com\/wordpress\/plugins\/seo\/ -->\n<title>Frida KAHLO | Mu\u00f1eca de trapo &amp; Peluche | Idea del regalo<\/title>\n<meta name=\"description\" content=\"Mu\u00f1eca de trapo y peluche que representa al famosa pintora Mexicana, Frida Kahlo. Un deber para todos los fans de Frida..\" \/>\n<meta name=\"robots\" content=\"index, follow, max-snippet:-1, max-image-preview:large, max-video-preview:-1\" \/>\n<link rel=\"canonical\" href=\"https:\/\/littlebigdolls.com\/es\/juguetos\/frida-kahlo-muneca-de-trapo-peluche\/\" \/>\n<meta property=\"og:locale\" content=\"es_ES\" \/>\n<meta property=\"og:type\" content=\"article\" \/>\n<meta property=\"og:title\" content=\"Frida KAHLO | Mu\u00f1eca de trapo &amp; Peluche | Idea del regalo\" \/>\n<meta property=\"og:description\" content=\"Mu\u00f1eca de trapo y peluche que representa al famosa pintora Mexicana, Frida Kahlo. Un deber para todos los fans de Frida..\" \/>\n<meta property=\"og:url\" content=\"https:\/\/littlebigdolls.com\/es\/juguetos\/frida-kahlo-muneca-de-trapo-peluche\/\" \/>\n<meta property=\"og:site_name\" content=\"LittleBigDolls | Art Toys with a Soul\" \/>\n<meta property=\"article:modified_time\" content=\"2021-02-16T17:41:49+00:00\" \/>\n<meta property=\"og:image\" content=\"https:\/\/littlebigdolls.com\/wp-content\/uploads\/frida-khalo.jpg\" \/>\n\t<meta property=\"og:image:width\" content=\"300\" \/>\n\t<meta property=\"og:image:height\" content=\"350\" \/>\n\t<meta property=\"og:image:type\" content=\"image\/jpeg\" \/>\n<meta name=\"twitter:card\" content=\"summary_large_image\" \/>\n<script type=\"application\/ld+json\" class=\"yoast-schema-graph\">{\"@context\":\"https:\/\/schema.org\",\"@graph\":[{\"@type\":\"WebPage\",\"@id\":\"https:\/\/littlebigdolls.com\/es\/juguetos\/frida-kahlo-muneca-de-trapo-peluche\/\",\"url\":\"https:\/\/littlebigdolls.com\/es\/juguetos\/frida-kahlo-muneca-de-trapo-peluche\/\",\"name\":\"Frida KAHLO | Mu\u00f1eca de trapo & Peluche | Idea del regalo\",\"isPartOf\":{\"@id\":\"https:\/\/littlebigdolls.com\/fr\/#website\"},\"datePublished\":\"2020-12-16T11:29:33+00:00\",\"dateModified\":\"2021-02-16T17:41:49+00:00\",\"description\":\"Mu\u00f1eca de trapo y peluche que representa al famosa pintora Mexicana, Frida Kahlo. Un deber para todos los fans de Frida..\",\"breadcrumb\":{\"@id\":\"https:\/\/littlebigdolls.com\/es\/juguetos\/frida-kahlo-muneca-de-trapo-peluche\/#breadcrumb\"},\"inLanguage\":\"es\",\"potentialAction\":[{\"@type\":\"ReadAction\",\"target\":[\"https:\/\/littlebigdolls.com\/es\/juguetos\/frida-kahlo-muneca-de-trapo-peluche\/\"]}]},{\"@type\":\"BreadcrumbList\",\"@id\":\"https:\/\/littlebigdolls.com\/es\/juguetos\/frida-kahlo-muneca-de-trapo-peluche\/#breadcrumb\",\"itemListElement\":[{\"@type\":\"ListItem\",\"position\":1,\"name\":\"Home\",\"item\":\"https:\/\/littlebigdolls.com\/es\/\"},{\"@type\":\"ListItem\",\"position\":2,\"name\":\"Shop\",\"item\":\"https:\/\/littlebigdolls.com\/shop\/\"},{\"@type\":\"ListItem\",\"position\":3,\"name\":\"Frida Kahlo\"}]},{\"@type\":\"WebSite\",\"@id\":\"https:\/\/littlebigdolls.com\/fr\/#website\",\"url\":\"https:\/\/littlebigdolls.com\/fr\/\",\"name\":\"LittleBigDolls | Art Toys with a Soul\",\"description\":\"Collecci\u00f3n de mu\u00f1ecas de trapo y peluche que representan figuras ic\u00f3nicas y  hist\u00f3ricas. Regalos originales - Dise\u00f1ador y fabricante de juguetes\",\"potentialAction\":[{\"@type\":\"SearchAction\",\"target\":{\"@type\":\"EntryPoint\",\"urlTemplate\":\"https:\/\/littlebigdolls.com\/fr\/?s={search_term_string}\"},\"query-input\":\"required name=search_term_string\"}],\"inLanguage\":\"es\"}]}<\/script>\n<!-- \/ Yoast SEO plugin. -->","yoast_head_json":{"title":"Frida KAHLO | Mu\u00f1eca de trapo & Peluche | Idea del regalo","description":"Mu\u00f1eca de trapo y peluche que representa al famosa pintora Mexicana, Frida Kahlo. Un deber para todos los fans de Frida..","robots":{"index":"index","follow":"follow","max-snippet":"max-snippet:-1","max-image-preview":"max-image-preview:large","max-video-preview":"max-video-preview:-1"},"canonical":"https:\/\/littlebigdolls.com\/es\/juguetos\/frida-kahlo-muneca-de-trapo-peluche\/","og_locale":"es_ES","og_type":"article","og_title":"Frida KAHLO | Mu\u00f1eca de trapo & Peluche | Idea del regalo","og_description":"Mu\u00f1eca de trapo y peluche que representa al famosa pintora Mexicana, Frida Kahlo. Un deber para todos los fans de Frida..","og_url":"https:\/\/littlebigdolls.com\/es\/juguetos\/frida-kahlo-muneca-de-trapo-peluche\/","og_site_name":"LittleBigDolls | Art Toys with a Soul","article_modified_time":"2021-02-16T17:41:49+00:00","og_image":[{"width":300,"height":350,"url":"https:\/\/littlebigdolls.com\/wp-content\/uploads\/frida-khalo.jpg","type":"image\/jpeg"}],"twitter_card":"summary_large_image","schema":{"@context":"https:\/\/schema.org","@graph":[{"@type":"WebPage","@id":"https:\/\/littlebigdolls.com\/es\/juguetos\/frida-kahlo-muneca-de-trapo-peluche\/","url":"https:\/\/littlebigdolls.com\/es\/juguetos\/frida-kahlo-muneca-de-trapo-peluche\/","name":"Frida KAHLO | Mu\u00f1eca de trapo & Peluche | Idea del regalo","isPartOf":{"@id":"https:\/\/littlebigdolls.com\/fr\/#website"},"datePublished":"2020-12-16T11:29:33+00:00","dateModified":"2021-02-16T17:41:49+00:00","description":"Mu\u00f1eca de trapo y peluche que representa al famosa pintora Mexicana, Frida Kahlo. Un deber para todos los fans de Frida..","breadcrumb":{"@id":"https:\/\/littlebigdolls.com\/es\/juguetos\/frida-kahlo-muneca-de-trapo-peluche\/#breadcrumb"},"inLanguage":"es","potentialAction":[{"@type":"ReadAction","target":["https:\/\/littlebigdolls.com\/es\/juguetos\/frida-kahlo-muneca-de-trapo-peluche\/"]}]},{"@type":"BreadcrumbList","@id":"https:\/\/littlebigdolls.com\/es\/juguetos\/frida-kahlo-muneca-de-trapo-peluche\/#breadcrumb","itemListElement":[{"@type":"ListItem","position":1,"name":"Home","item":"https:\/\/littlebigdolls.com\/es\/"},{"@type":"ListItem","position":2,"name":"Shop","item":"https:\/\/littlebigdolls.com\/shop\/"},{"@type":"ListItem","position":3,"name":"Frida Kahlo"}]},{"@type":"WebSite","@id":"https:\/\/littlebigdolls.com\/fr\/#website","url":"https:\/\/littlebigdolls.com\/fr\/","name":"LittleBigDolls | Art Toys with a Soul","description":"Collecci\u00f3n de mu\u00f1ecas de trapo y peluche que representan figuras ic\u00f3nicas y  hist\u00f3ricas. Regalos originales - Dise\u00f1ador y fabricante de juguetes","potentialAction":[{"@type":"SearchAction","target":{"@type":"EntryPoint","urlTemplate":"https:\/\/littlebigdolls.com\/fr\/?s={search_term_string}"},"query-input":"required name=search_term_string"}],"inLanguage":"es"}]}},"_links":{"self":[{"href":"https:\/\/littlebigdolls.com\/es\/wp-json\/wp\/v2\/product\/14469"}],"collection":[{"href":"https:\/\/littlebigdolls.com\/es\/wp-json\/wp\/v2\/product"}],"about":[{"href":"https:\/\/littlebigdolls.com\/es\/wp-json\/wp\/v2\/types\/product"}],"wp:featuredmedia":[{"embeddable":true,"href":"https:\/\/littlebigdolls.com\/es\/wp-json\/wp\/v2\/media\/17878"}],"wp:attachment":[{"href":"https:\/\/littlebigdolls.com\/es\/wp-json\/wp\/v2\/media?parent=14469"}],"wp:term":[{"taxonomy":"product_cat","embeddable":true,"href":"https:\/\/littlebigdolls.com\/es\/wp-json\/wp\/v2\/product_cat?post=14469"},{"taxonomy":"product_tag","embeddable":true,"href":"https:\/\/littlebigdolls.com\/es\/wp-json\/wp\/v2\/product_tag?post=14469"}],"curies":[{"name":"wp","href":"https:\/\/api.w.org\/{rel}","templated":true}]}}