{"id":18144,"date":"2020-12-27T16:37:59","date_gmt":"2020-12-27T16:37:59","guid":{"rendered":"https:\/\/littlebigdolls.com\/?page_id=18144"},"modified":"2021-03-03T11:52:41","modified_gmt":"2021-03-03T11:52:41","slug":"journal-tf1-collection-littlebigdolls","status":"publish","type":"page","link":"https:\/\/littlebigdolls.com\/fr\/journal-tf1-collection-littlebigdolls\/","title":{"rendered":"Video Page"},"content":{"rendered":"\r\n\r\n\t<h1>LES LITTLEBIGDOLLS S&rsquo;INVITENT AU<br \/>\r\nJOURNAL DU 13H&#8230;<\/h1>\r\n\t<p>Le Journal de 13h de TF1 met en avant la collection LittleBigDolls pour la p\u00e9riode de No\u00ebl.<\/p>\r\n<p>&nbsp;<\/p>\r\n<p>El\u00e9ment de d\u00e9coration d\u00e9cal\u00e9 ou compagnon de jeux charg\u00e9 d&rsquo;Histoire&#8230;<\/p>\r\n<p>&nbsp;<\/p>\r\n<p>Pour grand fan ou  petit curieux&#8230; Partagez votre quotidien avec les plus grandes ic\u00f4nes de notre patrimoine culturel !<\/p>\r\n\t<meta itemprop=\"url\" content=\"https:\/\/littlebigdolls.com\/wp-content\/uploads\/2020\/11\/collection-ittlebigdolls-journal-tf1.mp4\" \/><div style=\"width: 640px;\" class=\"wp-video\"><!--[if lt IE 9]><script>document.createElement('video');<\/script><![endif]-->\n<video class=\"wp-video-shortcode\" id=\"video-18144-1\" width=\"640\" height=\"360\" poster=\"https:\/\/littlebigdolls.com\/wp-content\/uploads\/poupee-chiffon-littlebigdolls-journal-tf1.jpg\" preload=\"none\" controls=\"controls\"><source type=\"video\/mp4\" src=\"https:\/\/littlebigdolls.com\/wp-content\/uploads\/2020\/11\/collection-ittlebigdolls-journal-tf1.mp4?_=1\" \/><source type=\"video\/webm\" src=\"https:\/\/littlebigdolls.com\/wp-content\/uploads\/2020\/11\/poupee-chiffon-littlebigdolls-journal-tf1.webm?_=1\" \/><a href=\"https:\/\/littlebigdolls.com\/wp-content\/uploads\/2020\/11\/collection-ittlebigdolls-journal-tf1.mp4\">https:\/\/littlebigdolls.com\/wp-content\/uploads\/2020\/11\/collection-ittlebigdolls-journal-tf1.mp4<\/a><\/video><\/div>\r\n\r\n","protected":false},"excerpt":{"rendered":"<p>LES LITTLEBIGDOLLS S&rsquo;INVITENT AU JOURNAL DU 13H&#8230; Le Journal de 13h de TF1 met en avant la collection LittleBigDolls pour la p\u00e9riode de No\u00ebl. &nbsp; El\u00e9ment de d\u00e9coration d\u00e9cal\u00e9 ou compagnon de jeux charg\u00e9 d&rsquo;Histoire&#8230; &nbsp; Pour grand fan ou petit curieux&#8230; Partagez votre quotidien avec les plus grandes ic\u00f4nes de notre patrimoine culturel !<\/p>\n","protected":false},"author":1,"featured_media":1137,"parent":0,"menu_order":0,"comment_status":"closed","ping_status":"closed","template":"page-builder.php","meta":{"inline_featured_image":false,"_genesis_hide_title":false,"_genesis_hide_breadcrumbs":false,"_genesis_hide_singular_image":false,"_genesis_hide_footer_widgets":false,"_genesis_custom_body_class":"","_genesis_custom_post_class":"","_genesis_layout":""},"folder":[32],"yoast_head":"<!-- This site is optimized with the Yoast SEO plugin v20.6 - https:\/\/yoast.com\/wordpress\/plugins\/seo\/ -->\n<title>Journal TF1 | Collection de poup\u00e9es et Peluches | LittleBigDolls<\/title>\n<meta name=\"description\" content=\"D\u00e9couvrez les LittleBigDolls au journal t\u00e9l\u00e9vis\u00e9 pour No\u00ebl\u2026 Collection originale de poup\u00e9es de chiffon culturelles\" \/>\n<meta name=\"robots\" content=\"index, follow, max-snippet:-1, max-image-preview:large, max-video-preview:-1\" \/>\n<link rel=\"canonical\" href=\"https:\/\/littlebigdolls.com\/fr\/journal-tf1-collection-littlebigdolls\/\" \/>\n<meta property=\"og:locale\" content=\"fr_FR\" \/>\n<meta property=\"og:type\" content=\"article\" \/>\n<meta property=\"og:title\" content=\"Journal TF1 | Collection de poup\u00e9es et Peluches | LittleBigDolls\" \/>\n<meta property=\"og:description\" content=\"D\u00e9couvrez les LittleBigDolls au journal t\u00e9l\u00e9vis\u00e9 pour No\u00ebl\u2026 Collection originale de poup\u00e9es de chiffon culturelles\" \/>\n<meta property=\"og:url\" content=\"https:\/\/littlebigdolls.com\/fr\/journal-tf1-collection-littlebigdolls\/\" \/>\n<meta property=\"og:site_name\" content=\"LittleBigDolls | Art Toy with a Soul\" \/>\n<meta property=\"article:modified_time\" content=\"2021-03-03T11:52:41+00:00\" \/>\n<meta property=\"og:image\" content=\"https:\/\/littlebigdolls.com\/wp-content\/uploads\/2020\/01\/LittleBigDolls_logo.png\" \/>\n\t<meta property=\"og:image:width\" content=\"3298\" \/>\n\t<meta property=\"og:image:height\" content=\"695\" \/>\n\t<meta property=\"og:image:type\" content=\"image\/png\" \/>\n<meta name=\"twitter:card\" content=\"summary_large_image\" \/>\n<script type=\"application\/ld+json\" class=\"yoast-schema-graph\">{\"@context\":\"https:\/\/schema.org\",\"@graph\":[{\"@type\":\"WebPage\",\"@id\":\"https:\/\/littlebigdolls.com\/fr\/journal-tf1-collection-littlebigdolls\/\",\"url\":\"https:\/\/littlebigdolls.com\/fr\/journal-tf1-collection-littlebigdolls\/\",\"name\":\"Journal TF1 | Collection de poup\u00e9es et Peluches | LittleBigDolls\",\"isPartOf\":{\"@id\":\"https:\/\/littlebigdolls.com\/fr\/#website\"},\"datePublished\":\"2020-12-27T16:37:59+00:00\",\"dateModified\":\"2021-03-03T11:52:41+00:00\",\"description\":\"D\u00e9couvrez les LittleBigDolls au journal t\u00e9l\u00e9vis\u00e9 pour No\u00ebl\u2026 Collection originale de poup\u00e9es de chiffon culturelles\",\"breadcrumb\":{\"@id\":\"https:\/\/littlebigdolls.com\/fr\/journal-tf1-collection-littlebigdolls\/#breadcrumb\"},\"inLanguage\":\"fr-FR\",\"potentialAction\":[{\"@type\":\"ReadAction\",\"target\":[\"https:\/\/littlebigdolls.com\/fr\/journal-tf1-collection-littlebigdolls\/\"]}]},{\"@type\":\"BreadcrumbList\",\"@id\":\"https:\/\/littlebigdolls.com\/fr\/journal-tf1-collection-littlebigdolls\/#breadcrumb\",\"itemListElement\":[{\"@type\":\"ListItem\",\"position\":1,\"name\":\"Home\",\"item\":\"https:\/\/littlebigdolls.com\/fr\/\"},{\"@type\":\"ListItem\",\"position\":2,\"name\":\"Video Page\"}]},{\"@type\":\"WebSite\",\"@id\":\"https:\/\/littlebigdolls.com\/fr\/#website\",\"url\":\"https:\/\/littlebigdolls.com\/fr\/\",\"name\":\"LittleBigDolls | Art Toy with a Soul\",\"description\":\"Collection de poup\u00e9es de chiffon et de peluches \u00e0 l&#039;effigie d&#039;ic\u00f4nes culturelles et de personnages historiques. Cadeau original  - Objet d\u00e9co - Produits d\u00e9riv\u00e9s\",\"potentialAction\":[{\"@type\":\"SearchAction\",\"target\":{\"@type\":\"EntryPoint\",\"urlTemplate\":\"https:\/\/littlebigdolls.com\/fr\/?s={search_term_string}\"},\"query-input\":\"required name=search_term_string\"}],\"inLanguage\":\"fr-FR\"}]}<\/script>\n<!-- \/ Yoast SEO plugin. -->","yoast_head_json":{"title":"Journal TF1 | Collection de poup\u00e9es et Peluches | LittleBigDolls","description":"D\u00e9couvrez les LittleBigDolls au journal t\u00e9l\u00e9vis\u00e9 pour No\u00ebl\u2026 Collection originale de poup\u00e9es de chiffon culturelles","robots":{"index":"index","follow":"follow","max-snippet":"max-snippet:-1","max-image-preview":"max-image-preview:large","max-video-preview":"max-video-preview:-1"},"canonical":"https:\/\/littlebigdolls.com\/fr\/journal-tf1-collection-littlebigdolls\/","og_locale":"fr_FR","og_type":"article","og_title":"Journal TF1 | Collection de poup\u00e9es et Peluches | LittleBigDolls","og_description":"D\u00e9couvrez les LittleBigDolls au journal t\u00e9l\u00e9vis\u00e9 pour No\u00ebl\u2026 Collection originale de poup\u00e9es de chiffon culturelles","og_url":"https:\/\/littlebigdolls.com\/fr\/journal-tf1-collection-littlebigdolls\/","og_site_name":"LittleBigDolls | Art Toy with a Soul","article_modified_time":"2021-03-03T11:52:41+00:00","og_image":[{"width":3298,"height":695,"url":"https:\/\/littlebigdolls.com\/wp-content\/uploads\/2020\/01\/LittleBigDolls_logo.png","type":"image\/png"}],"twitter_card":"summary_large_image","schema":{"@context":"https:\/\/schema.org","@graph":[{"@type":"WebPage","@id":"https:\/\/littlebigdolls.com\/fr\/journal-tf1-collection-littlebigdolls\/","url":"https:\/\/littlebigdolls.com\/fr\/journal-tf1-collection-littlebigdolls\/","name":"Journal TF1 | Collection de poup\u00e9es et Peluches | LittleBigDolls","isPartOf":{"@id":"https:\/\/littlebigdolls.com\/fr\/#website"},"datePublished":"2020-12-27T16:37:59+00:00","dateModified":"2021-03-03T11:52:41+00:00","description":"D\u00e9couvrez les LittleBigDolls au journal t\u00e9l\u00e9vis\u00e9 pour No\u00ebl\u2026 Collection originale de poup\u00e9es de chiffon culturelles","breadcrumb":{"@id":"https:\/\/littlebigdolls.com\/fr\/journal-tf1-collection-littlebigdolls\/#breadcrumb"},"inLanguage":"fr-FR","potentialAction":[{"@type":"ReadAction","target":["https:\/\/littlebigdolls.com\/fr\/journal-tf1-collection-littlebigdolls\/"]}]},{"@type":"BreadcrumbList","@id":"https:\/\/littlebigdolls.com\/fr\/journal-tf1-collection-littlebigdolls\/#breadcrumb","itemListElement":[{"@type":"ListItem","position":1,"name":"Home","item":"https:\/\/littlebigdolls.com\/fr\/"},{"@type":"ListItem","position":2,"name":"Video Page"}]},{"@type":"WebSite","@id":"https:\/\/littlebigdolls.com\/fr\/#website","url":"https:\/\/littlebigdolls.com\/fr\/","name":"LittleBigDolls | Art Toy with a Soul","description":"Collection de poup\u00e9es de chiffon et de peluches \u00e0 l&#039;effigie d&#039;ic\u00f4nes culturelles et de personnages historiques. Cadeau original  - Objet d\u00e9co - Produits d\u00e9riv\u00e9s","potentialAction":[{"@type":"SearchAction","target":{"@type":"EntryPoint","urlTemplate":"https:\/\/littlebigdolls.com\/fr\/?s={search_term_string}"},"query-input":"required name=search_term_string"}],"inLanguage":"fr-FR"}]}},"_links":{"self":[{"href":"https:\/\/littlebigdolls.com\/fr\/wp-json\/wp\/v2\/pages\/18144"}],"collection":[{"href":"https:\/\/littlebigdolls.com\/fr\/wp-json\/wp\/v2\/pages"}],"about":[{"href":"https:\/\/littlebigdolls.com\/fr\/wp-json\/wp\/v2\/types\/page"}],"author":[{"embeddable":true,"href":"https:\/\/littlebigdolls.com\/fr\/wp-json\/wp\/v2\/users\/1"}],"replies":[{"embeddable":true,"href":"https:\/\/littlebigdolls.com\/fr\/wp-json\/wp\/v2\/comments?post=18144"}],"version-history":[{"count":9,"href":"https:\/\/littlebigdolls.com\/fr\/wp-json\/wp\/v2\/pages\/18144\/revisions"}],"predecessor-version":[{"id":25073,"href":"https:\/\/littlebigdolls.com\/fr\/wp-json\/wp\/v2\/pages\/18144\/revisions\/25073"}],"wp:featuredmedia":[{"embeddable":true,"href":"https:\/\/littlebigdolls.com\/fr\/wp-json\/wp\/v2\/media\/1137"}],"wp:attachment":[{"href":"https:\/\/littlebigdolls.com\/fr\/wp-json\/wp\/v2\/media?parent=18144"}],"wp:term":[{"taxonomy":"folder","embeddable":true,"href":"https:\/\/littlebigdolls.com\/fr\/wp-json\/wp\/v2\/folder?post=18144"}],"curies":[{"name":"wp","href":"https:\/\/api.w.org\/{rel}","templated":true}]}}