{"id":40534,"date":"2021-03-02T19:57:53","date_gmt":"2021-03-02T19:57:53","guid":{"rendered":"https:\/\/littlebigdolls.com\/?page_id=40534"},"modified":"2021-03-03T16:22:44","modified_gmt":"2021-03-03T16:22:44","slug":"terms-and-conditions","status":"publish","type":"page","link":"https:\/\/littlebigdolls.com\/fr\/terms-and-conditions\/","title":{"rendered":"Terms and Conditions"},"content":{"rendered":"\r\n\r\n\t<h1>Conditions G\u00e9n\u00e9rales de Ventes<br \/>\r\nLITTLEBIGDOLLS\u00ae<\/h1>\r\n<p>Ces conditions r\u00e9gissent la vente des produits LITTLEBIGDOLLS pr\u00e9sent\u00e9s sur ce site. Ces conditions s&rsquo;appliquent \u00e0 l&rsquo;exclusion de toute autre condition figurant dans tout autre document. Elles sont applicables dans le monde entier. LITTLEBIGDOLLS se r\u00e9serve le droit de modifier ses conditions g\u00e9n\u00e9rales de vente. Toute nouvelle version des conditions g\u00e9n\u00e9rales de vente sera signal\u00e9e pr\u00e9alablement sur la page correspondante du site LITTLEBIGDOLLS. Les produits command\u00e9s sur le site littlebigdolls.com sont r\u00e9gis par les conditions g\u00e9n\u00e9rales de vente en ligne \u00e0 la date de la commande.<\/p>\r\n<p>&nbsp;<\/p>\r\n<p>&nbsp;<\/p>\r\n<ol>\r\n<li><strong> Commande et validit\u00e9 du contrat<\/strong><\/li>\r\n<\/ol>\r\n<p>Le contrat prend effet \u00e0 partir du moment o\u00f9 votre commande est express\u00e9ment confirm\u00e9e par nos soins si vous choisissez un paiement via Paypal (voir Article 5- Paiement et s\u00e9curisation). Il prend effet \u00e0 partir du moment o\u00f9 la marchandise command\u00e9e est exp\u00e9di\u00e9e si vous choisissez un paiement par carte bancaire. S&rsquo;il existe un litige relatif au paiement d&rsquo;une commande ant\u00e9rieure, LITTLEBIGDOLLS se r\u00e9serve le droit de bloquer votre commande. Vous pourrez alors contacter le service consommateurs de LITTLEBIGDOLLS pour r\u00e9soudre le litige concern\u00e9 et faire d\u00e9bloquer votre nouvelle commande.<\/p>\r\n<p>&nbsp;<\/p>\r\n<ol start=\"2\">\r\n<li><strong> Prix de vente<\/strong><\/li>\r\n<\/ol>\r\n<p>Les prix de nos produits sont indiqu\u00e9s en Dollars et en Euros et s&rsquo;entendent TTC hors participation aux frais de traitement et d&rsquo;exp\u00e9dition. Toutes les commandes sont payables en Dollars ou en Euros. LITTLEBIGDOLLS se r\u00e9serve le droit de modifier ses prix \u00e0 tout moment mais les produits seront factur\u00e9s sur la base des prix et tarifs lors de l&rsquo;enregistrement de la commande, sous r\u00e9serve de disponibilit\u00e9. Tous les prix sont donn\u00e9s sous r\u00e9serve d&rsquo;erreur typographique manifeste. Si une erreur manifeste devait survenir, LITTLEBIGDOLLS vous contactera pour vous avertir de l&rsquo;erreur effectu\u00e9e par ses services et vous rappellera que la commande sera factur\u00e9e aux conditions corrig\u00e9es. Cependant, en cas de refus des conditions corrig\u00e9es, vous serez libre d&rsquo;annuler la commande corrig\u00e9e sans p\u00e9nalit\u00e9.<\/p>\r\n<p>&nbsp;<\/p>\r\n<ol start=\"3\">\r\n<li><strong> Disponibilit\u00e9<\/strong><\/li>\r\n<\/ol>\r\n<p>Nos produits sont propos\u00e9s dans la limite des stocks disponibles. En cas de rupture de stock d&rsquo;un article, le produit reste disponible \u00e0 la vente mais avec un d\u00e9lai de livraison plus long. Cependant, si un produit venait \u00e0 \u00eatre retir\u00e9 pour une quelconque raison par la production, LITTLEBIGDOLLS retirera le produit de la vente dans les plus brefs d\u00e9lais. Cette action ne peut en aucun cas donner un droit de poursuite en votre faveur<\/p>\r\n<p>&nbsp;<\/p>\r\n<ol start=\"4\">\r\n<li><strong> Livraison &#8211; Transport<\/strong><\/li>\r\n<\/ol>\r\n\r\n<p>&nbsp;<\/p>\r\n<p>Sauf dispositions contraires stipul\u00e9es aux pr\u00e9sentes Conditions G\u00e9n\u00e9rales de Vente les frais de livraison sont toujours \u00e0 votre charge. Les produits sont obligatoirement livr\u00e9s \u00e0 l&rsquo;adresse que vous avez indiqu\u00e9e lors de la saisie des renseignements au cours de la commande. C&rsquo;est pourquoi nous vous conseillons de vous assurer de l&rsquo;exactitude des informations que vous avez pu fournir pour la livraison de votre commande.<\/p>\r\n<p>La livraison se fait dans le monde entier. Les frais de port ne d\u00e9pendant uniquement que du lieu de livraison de votre commande, les frais de port r\u00e9el ne sont affich\u00e9s qu&rsquo;\u00e0 partir du moment o\u00f9 vous aurez saisi une adresse de livraison.<\/p>\r\n<p>La livraison se fait par un prestataire sp\u00e9cialis\u00e9 dans le transport. Attention : une remise en main propre de votre commande est privil\u00e9gi\u00e9e. Votre pr\u00e9sence sur place peut \u00eatre donc \u00eatre n\u00e9cessaire afin de pouvoir vous livrer vos produits normalement. Le d\u00e9lai moyen habituel de livraison est compris entre 3 et 14 jours ouvr\u00e9s \u00e0 r\u00e9ception de la commande. Pour les commandes de produits hors stock, le d\u00e9lai de livraison est compris entre 30 et 90 jours. Si vous ne pouvez pas \u00eatre pr\u00e9sent le jour de la livraison \u00e0 l&rsquo;adresse que vous avez indiqu\u00e9e, un avis de passage sera d\u00e9pos\u00e9 dans votre bo\u00eete aux lettres. Il vous appartient de faire ensuite le n\u00e9cessaire aupr\u00e8s du transporteur concern\u00e9 pour aller r\u00e9cup\u00e9rer votre colis.<\/p>\r\n<p>Pass\u00e9 le d\u00e9lai d&rsquo;attente pr\u00e9vu par le transporteur, votre colis nous sera r\u00e9exp\u00e9di\u00e9. Si vous avez saisi une adresse incorrecte lors de votre commande, le transporteur sera incapable d&rsquo;effectuer la livraison et le produit nous sera automatiquement retourn\u00e9. Dans ces 2 cas : Si vous d\u00e9cidez de proc\u00e9der \u00e0 une nouvelle livraison, celle-ci est \u00e0 votre charge et doit \u00eatre acquitt\u00e9e avant la r\u00e9exp\u00e9dition en contactant le Service Consommateurs. Si vous souhaitez annuler votre commande, vous serez rembours\u00e9 via le mode de paiement que vous aurez choisi lors de votre commande. Le d\u00e9lai moyen de remboursement par LITTLEBIGDOLLS est de 30 jours au minimum \u00e0 compter de la date de r\u00e9ception du produit retourn\u00e9.<\/p>\r\n<p>&nbsp;<\/p>\r\n\r\n<p>&nbsp;<\/p>\r\n<p>Vous devenez responsable des produits d\u00e8s leur r\u00e9ception. Il est important de v\u00e9rifier vos colis en pr\u00e9sence du livreur.<\/p>\r\n<p>&nbsp;<\/p>\r\n<ol start=\"5\">\r\n<li><strong> Paiement et s\u00e9curisation<\/strong><\/li>\r\n<\/ol>\r\n<p>Vous pouvez r\u00e9gler vos achats sur internet:<\/p>\r\n&#8211; par carte bancaire internationale (Visa, Eurocard, Mastercard ou American Express).<br \/>\r\n* Nous utilisons des syst\u00e8mes de paiement s\u00e9curis\u00e9s les plus fiables sur internet : 3D secure, pour prot\u00e9ger et crypter le plus efficacement possible toutes vos informations personnelles.<br \/>\r\n&#8211; par Paypal.<br \/>\r\n* Paypal vous permet de payer en ligne sans communiquer vos informations financi\u00e8res lors de la transaction. Pour b\u00e9n\u00e9ficier de ce mode de paiement, vous devez avoir un compte aupr\u00e8s de la soci\u00e9t\u00e9 Paypal. En choisissant Paypal comme mode de paiement, vous \u00eates automatiquement dirig\u00e9 vers votre compte Paypal. Une fois votre paiement Paypal valid\u00e9, vous terminez votre commande sur le site https:\/\/littlebigdolls.com Attention, veuillez noter que le d\u00e9bit via Paypal est effectu\u00e9 d\u00e8s confirmation de votre commande par nos soins.\r\n<p>&nbsp;<\/p>\r\n\r\n<p>&nbsp;<\/p>\r\n<p>Utilisation des cartes cadeaux en ligne<\/p>\r\n<ul>\r\n<li>Les cartes cadeaux achet\u00e9es dans la Boutique en ligne LITTLEBIGDOLLS\u00ae peuvent \u00eatre utilis\u00e9es \u00e0 tout moment. Ces cartes cadeaux ne comportent pas de date limite d&rsquo;utilisation. Le cr\u00e9dit des cartes cadeaux non utilis\u00e9 sera ajout\u00e9 sur le montant disponible de votre compte, vous pouvez utiliser ce cr\u00e9dit lors d&rsquo;une prochaine commande.<br \/>\r\n\u00a7 Les cartes cadeaux, achet\u00e9es dans la Boutique en ligne LITTLEBIGDOLLS\u00ae, sont exclusivement utilisables pour l&rsquo;achat d&rsquo;articles disponibles dans la Boutique en ligne accessible \u00e0 l&rsquo;adresse internet https:\/\/littlebigdolls.com Les cartes cadeaux sont valables uniquement dans le pays o\u00f9 elles ont \u00e9t\u00e9 achet\u00e9es. Ces cartes ne sont valables ni dans les magasins ou sites revendeurs<br \/>\r\n\u00a7 Le paiement des cartes cadeaux est s\u00e9curis\u00e9 (par carte bancaire ou par PayPal) gr\u00e2ce au formulaire propos\u00e9 lors de l&rsquo;achat d&rsquo;une carte cadeau.<br \/>\r\n\u00a7 Si le montant total de votre commande exc\u00e8de le montant de votre carte cadeau, vous pouvez payer la diff\u00e9rence en choisissant l&rsquo;un des paiements s\u00e9curis\u00e9s propos\u00e9s.<br \/>\r\n\u00a7 Pour r\u00e9gler une commande, vous pouvez utiliser plusieurs cartes cadeaux. Une carte cadeau peut \u00eatre utilis\u00e9e dans diff\u00e9rentes commandes s&rsquo;il reste du cr\u00e9dit. Vous pouvez aussi offrir une carte cadeau \u00e0 la personne de votre choix.<br \/>\r\n\u00a7 Les cartes cadeaux sont envoy\u00e9es par Email 24 heure apr\u00e8s leur commande. L&rsquo;acheteur peut la visualiser ou l&rsquo;imprimer en cliquant sur le lien int\u00e9gr\u00e9 dans cet Email. Vous pouvez v\u00e9rifier le solde de votre carte cadeau dans la Boutique en ligne littlebigdolls.com en tapant le code correspondant.<br \/>\r\n\u00a7 Aucune taxe n&rsquo;est appliqu\u00e9e \u00e0 l&rsquo;achat d&rsquo;une carte cadeau. La taxe s&rsquo;applique aux articles lors de l&rsquo;achat.<\/li>\r\n<\/ul>\r\n<p>G\u00e9n\u00e9ral<\/p>\r\n\u00a7 Les conditions g\u00e9n\u00e9rales de ventes et les informations l\u00e9gales sont appliqu\u00e9es lors de l&rsquo;achat ou l&rsquo;utilisation d&rsquo;une carte cadeau du site https:\/\/littlebigdolls.com correspondant.<br \/>\r\n\u00a7 L&rsquo;achat d&rsquo;une carte cadeau n&rsquo;est valide que si tout le formulaire propos\u00e9 est enti\u00e8rement rempli, y compris la rubrique &#8211; M\u00e9thode de paiement. Une fois la commande valid\u00e9e, les informations ne peuvent \u00eatre chang\u00e9es.<br \/>\r\n\u00a7 Des informations concernant le montant r\u00e9siduel de votre carte cadeau sont disponibles sur votre compte.\r\n<p>Restrictions<\/p>\r\n\u00a7 Les cartes cadeaux ne peuvent \u00eatre utilis\u00e9es pour acheter d&rsquo;autres cartes cadeaux. Les cartes cadeaux sont uniquement valables dans la Boutique en ligne https:\/\/littlebigdolls.com propre \u00e0 chaque pays.<br \/>\r\n\u00a7 Les cartes cadeaux ou le solde des cartes cadeaux ne peuvent \u00eatre pay\u00e9s en liquide, recharg\u00e9s, utilis\u00e9s pour rembourser une dette et le montant de carte cadeau ne peut \u00eatre transf\u00e9r\u00e9 \u00e0 un autre client de la Boutique en ligne https:\/\/littlebigdolls.com<br \/>\r\n\u00a7 La valeur d&rsquo;une carte cadeau est comprise entre 5\u20ac et 150\u20ac\r\n<p>Responsabilit\u00e9 et perte<\/p>\r\n<p>\u00a7 LITTLEBIGDOLLS n&rsquo;est pas tenu responsable des erreurs de frappe dans l&rsquo;adresse e-mail du b\u00e9n\u00e9ficiaire dans le formulaire d&rsquo;achat des cartes cadeaux. De plus, LITTLEBIGDOLLS n&rsquo;est pas tenu responsable en cas de perte, de vol, d&rsquo;abus ou de d\u00e9lai d&rsquo;envoi (par exemple caus\u00e9 par des probl\u00e8mes techniques) des cartes cadeaux.<\/p>\r\n<p>Fraude<\/p>\r\n<p>\u00a7 En cas de fraude, tromperie ou d&rsquo;utilisation ill\u00e9gale de la carte cadeau LITTLEBIGDOLLS, LITTLEBIGDOLLS \u00ae se r\u00e9serve le droit de cl\u00f4turer le compte client et \/ ou demander un paiement alternatif. L&rsquo;acc\u00e8s ou le remboursement de la carte cadeau concern\u00e9e ne peut \u00eatre l\u00e9galement r\u00e9clam\u00e9.<\/p>\r\n<p>&nbsp;<\/p>\r\n<ol start=\"6\">\r\n<li><strong> Droit de r\u00e9traction et droit de retour<\/strong><\/li>\r\n<\/ol>\r\n<p>Conform\u00e9ment aux dispositions de l&rsquo;article L 121-20 du Code de la Consommation, vous disposez d&rsquo;un droit de retour dans les 7 jours qui suivent la r\u00e9ception de votre commande. Vous pouvez ainsi obtenir le droit de retourner un produit qui ne vous convient pas. Les frais de port li\u00e9 \u00e0 votre commande initial ne sous seront pas rembours\u00e9. Afin de faciliter la gestion de votre retour, pour un meilleur service et avant tout retour, nous vous demandons de nous adresser une demande de retour comportant le motif de retour et les r\u00e9f\u00e9rences concern\u00e9es sous 7 jours \u00e0 notre service consommateur par Mail (client@littlebigdolls.com).<\/p>\r\n<p>&nbsp;<\/p>\r\n<ol start=\"7\">\r\n<li><strong> Proc\u00e9dure de retour d&rsquo;un produit<\/strong><\/li>\r\n<\/ol>\r\n<p>Pour exercer votre droit de retour, vous devez imp\u00e9rativement contacter au pr\u00e9alable le Service Consommateurs en indiquant le motif de ce retour. Si le retour a pour origine une erreur de LITTLEBIGDOLLS, ou une non-conformit\u00e9 du produit, vous devez organiser l&rsquo;exp\u00e9dition de votre commande par le prestataire de votre choix. Vous b\u00e9n\u00e9ficiez alors d&rsquo;un d\u00e9lai de 30 jours pour nous retourner le produit. Le prix du ou des produits command\u00e9s et retourn\u00e9s vous sera rembours\u00e9. Les frais de port pour la r\u00e9exp\u00e9dition de la marchandise resteront \u00e0 votre charge. Le ou les produits doivent imp\u00e9rativement \u00eatre retourn\u00e9s \u00e0 LITTLEBIGDOLLS dans un \u00e9tat propre \u00e0 la revente c&rsquo;est-\u00e0-dire respectant les conditions de retour \u00e9nonc\u00e9es ci dessous :<\/p>\r\n<ul>\r\n<li>dans son \u00e9tat exact d&rsquo;origine.<br \/>\r\n\u00a7 \u00e0 l&rsquo;int\u00e9rieur de son emballage qui doit \u00eatre intact.<br \/>\r\n\u00a7 avec tous les accessoires qui y \u00e9taient joints.<br \/>\r\n\u00a7 en parfait \u00e9tat.<br \/>\r\n\u00a7 ne portant aucune trace d&rsquo;une utilisation.<br \/>\r\n<strong>\u26a0<\/strong> Les articles incomplets, ab\u00eem\u00e9s, salis ou d\u00e9t\u00e9rior\u00e9s par le client ne seront pas repris.<\/li>\r\n<\/ul>\r\n<ol start=\"8\">\r\n<li><strong> Service consommateurs<\/strong><\/li>\r\n<\/ol>\r\n<p>Nous sommes \u00e0 votre disposition du lundi au vendredi de 14h \u00e0 17h00 pour toute r\u00e9clamation, information ou question \u00e0 l&rsquo;adresse mail contact[a]ittlebigdolls.com.<\/p>\r\n<p>&nbsp;<\/p>\r\n<ol start=\"9\">\r\n<li><strong> Garanties<\/strong><\/li>\r\n<\/ol>\r\n9.1 &#8211; Vous devez v\u00e9rifier les produits lors de la livraison<br \/>\r\nSi les produits livr\u00e9s : qualit\u00e9, quantit\u00e9s et conformit\u00e9 des marchandises, ne correspondent pas \u00e0 votre commande, nous vous invitons \u00e0 contacter le support \u00e0 l&rsquo;adresse email contact[a]ittlebigdolls.com en nous communiquant l&rsquo;ensemble des informations li\u00e9es \u00e0 votre commande.\r\n<p>9.2 &#8211; Le produit ne doit \u00eatre utilis\u00e9 que pour les usages correspondant \u00e0 la nature d\u00e9corative du produit. En cas d&rsquo;utilisation contraire ou de mauvaise utilisation, aucune garantie ne sera due. LITTLEBIGDOLLS ne pourra \u00eatre tenue responsable des d\u00e9g\u00e2ts ou accidents provoqu\u00e9s par les produits distribu\u00e9s.<\/p>\r\n<p>&nbsp;<\/p>\r\n<ol start=\"10\">\r\n<li><strong> Produits<\/strong><\/li>\r\n<\/ol>\r\n<p>Anim\u00e9s par le souci permanent de vous proposer un produit de qualit\u00e9, nous nous r\u00e9servons le droit de faire \u00e9voluer les caract\u00e9ristiques de nos produits afin de pouvoir toujours vous apporter la meilleure prestation.<\/p>\r\n<p>&nbsp;<\/p>\r\n<ol start=\"11\">\r\n<li><strong> Responsabilit\u00e9<\/strong><\/li>\r\n<\/ol>\r\n<p>Les produits propos\u00e9s par LITTLEBIGDOLLS ne sont pas consid\u00e9rer comme des jouets et ne n\u00e9cessite pas de marquage CE pour \u00eatre distribu\u00e9 en zone Europe. LITTLEBIGDOLLS ne sera pas tenu pour responsable de l&rsquo;inex\u00e9cution du contrat conclu en cas de rupture de stock ou d&rsquo;indisponibilit\u00e9 du produit, de force majeure, de perturbation et notamment des moyens de transport et\/ou communications, en cas d&rsquo;inondation ou d&rsquo;incendie. Des liens hypertextes peuvent renvoyer vers d&rsquo;autres sites que le site https:\/\/littlebigdolls.com. LITTLEBIGDOLLS d\u00e9gage toute responsabilit\u00e9 dans le cas o\u00f9 le contenu de ces sites contreviendrait aux dispositions l\u00e9gales et r\u00e9glementaires en vigueur. De m\u00eame, LITTLEBIGDOLLS n&rsquo;est pas responsable d&rsquo;\u00e9ventuels dysfonctionnements du r\u00e9seau internet.<\/p>\r\n<p>&nbsp;<\/p>\r\n<ol start=\"12\">\r\n<li><strong> Propri\u00e9t\u00e9 intellectuelle<\/strong><\/li>\r\n<\/ol>\r\n<p>Tous les textes, commentaires, ouvrages, illustrations et images reproduits sur le site littlebigdolls.com sont r\u00e9serv\u00e9s au titre du droit d&rsquo;auteur ainsi qu&rsquo;au titre de la propri\u00e9t\u00e9 intellectuelle et pour le monde entier. A ce titre et conform\u00e9ment aux dispositions du code de la propri\u00e9t\u00e9 intellectuelle, seule est autoris\u00e9e l&rsquo;utilisation pour un usage priv\u00e9 sous r\u00e9serve de dispositions diff\u00e9rentes voire plus restrictives du code de la propri\u00e9t\u00e9 intellectuelle. Toute autre utilisation serait constitutive de contrefa\u00e7on et sanctionn\u00e9e au titre de la propri\u00e9t\u00e9 intellectuelle sauf autorisation pr\u00e9alable de LITTLEBIGDOLLS. Toute reproduction totale ou partielle du catalogue LITTLEBIGDOLLS est strictement interdite.<\/p>\r\n<p>&nbsp;<\/p>\r\n<ol start=\"13\">\r\n<li><strong> Informations nominatives<\/strong><\/li>\r\n<\/ol>\r\n<p>LITTLEBIGDOLLS s&rsquo;engage \u00e0 ne pas divulguer \u00e0 des tiers les informations que vous lui communiquez. Celles-ci sont confidentielles et ne seront utilis\u00e9es par les services internes de LITTLEBIGDOLLS que pour le traitement des commandes et pour renforcer et personnaliser la communication et les offres produits r\u00e9serv\u00e9es aux clients de LITTLEBIGDOLLS. Les informations bancaires du client (n\u00b0 de carte bancaire et date de validit\u00e9) sont crypt\u00e9es par le syst\u00e8me SSL. Elles sont inaccessibles par un tiers et elles ne seront jamais conserv\u00e9es dans la base de donn\u00e9es de LITTLEBIGDOLLS. Sauf avis contraire de votre part, nous garderons vos coordonn\u00e9es afin de vous faire \u00e9ventuellement parvenir des informations sur nos produits. Vous disposez d&rsquo;un droit d&rsquo;acc\u00e8s, de rectification ou de suppression des donn\u00e9es personnelles qui vous concernent.<\/p>\r\n<p>&nbsp;<\/p>\r\n\r\n","protected":false},"excerpt":{"rendered":"<p>Conditions G\u00e9n\u00e9rales de Ventes LITTLEBIGDOLLS\u00ae Ces conditions r\u00e9gissent la vente des produits LITTLEBIGDOLLS pr\u00e9sent\u00e9s sur ce site. Ces conditions s&rsquo;appliquent \u00e0 l&rsquo;exclusion de toute autre condition figurant dans tout autre document. Elles sont applicables dans le monde entier. LITTLEBIGDOLLS se r\u00e9serve le droit de modifier ses conditions g\u00e9n\u00e9rales de vente. Toute nouvelle version des conditions [&hellip;]<\/p>\n","protected":false},"author":8,"featured_media":1137,"parent":0,"menu_order":0,"comment_status":"closed","ping_status":"closed","template":"page-builder.php","meta":{"inline_featured_image":false,"_genesis_hide_title":false,"_genesis_hide_breadcrumbs":false,"_genesis_hide_singular_image":false,"_genesis_hide_footer_widgets":false,"_genesis_custom_body_class":"","_genesis_custom_post_class":"","_genesis_layout":""},"folder":[32],"yoast_head":"<!-- This site is optimized with the Yoast SEO plugin v20.6 - https:\/\/yoast.com\/wordpress\/plugins\/seo\/ -->\n<title>Terms &amp; Conditions | LittleBigDolls<\/title>\n<meta name=\"description\" content=\"Collection de poup\u00e9es de Chiffon- LittleBigDolls - Terms &amp; Conditions\" \/>\n<meta name=\"robots\" content=\"index, follow, max-snippet:-1, max-image-preview:large, max-video-preview:-1\" \/>\n<link rel=\"canonical\" href=\"https:\/\/littlebigdolls.com\/fr\/terms-and-conditions\/\" \/>\n<meta property=\"og:locale\" content=\"fr_FR\" \/>\n<meta property=\"og:type\" content=\"article\" \/>\n<meta property=\"og:title\" content=\"Terms &amp; Conditions | LittleBigDolls\" \/>\n<meta property=\"og:description\" content=\"Collection de poup\u00e9es de Chiffon- LittleBigDolls - Terms &amp; Conditions\" \/>\n<meta property=\"og:url\" content=\"https:\/\/littlebigdolls.com\/fr\/terms-and-conditions\/\" \/>\n<meta property=\"og:site_name\" content=\"LittleBigDolls | Art Toy with a Soul\" \/>\n<meta property=\"article:modified_time\" content=\"2021-03-03T16:22:44+00:00\" \/>\n<meta property=\"og:image\" content=\"https:\/\/littlebigdolls.com\/wp-content\/uploads\/2020\/01\/LittleBigDolls_logo.png\" \/>\n\t<meta property=\"og:image:width\" content=\"3298\" \/>\n\t<meta property=\"og:image:height\" content=\"695\" \/>\n\t<meta property=\"og:image:type\" content=\"image\/png\" \/>\n<meta name=\"twitter:card\" content=\"summary_large_image\" \/>\n<meta name=\"twitter:label1\" content=\"Dur\u00e9e de lecture estim\u00e9e\" \/>\n\t<meta name=\"twitter:data1\" content=\"12 minutes\" \/>\n<script type=\"application\/ld+json\" class=\"yoast-schema-graph\">{\"@context\":\"https:\/\/schema.org\",\"@graph\":[{\"@type\":\"WebPage\",\"@id\":\"https:\/\/littlebigdolls.com\/fr\/terms-and-conditions\/\",\"url\":\"https:\/\/littlebigdolls.com\/fr\/terms-and-conditions\/\",\"name\":\"Terms & Conditions | LittleBigDolls\",\"isPartOf\":{\"@id\":\"https:\/\/littlebigdolls.com\/fr\/#website\"},\"datePublished\":\"2021-03-02T19:57:53+00:00\",\"dateModified\":\"2021-03-03T16:22:44+00:00\",\"description\":\"Collection de poup\u00e9es de Chiffon- LittleBigDolls - Terms & Conditions\",\"breadcrumb\":{\"@id\":\"https:\/\/littlebigdolls.com\/fr\/terms-and-conditions\/#breadcrumb\"},\"inLanguage\":\"fr-FR\",\"potentialAction\":[{\"@type\":\"ReadAction\",\"target\":[\"https:\/\/littlebigdolls.com\/fr\/terms-and-conditions\/\"]}]},{\"@type\":\"BreadcrumbList\",\"@id\":\"https:\/\/littlebigdolls.com\/fr\/terms-and-conditions\/#breadcrumb\",\"itemListElement\":[{\"@type\":\"ListItem\",\"position\":1,\"name\":\"Home\",\"item\":\"https:\/\/littlebigdolls.com\/fr\/\"},{\"@type\":\"ListItem\",\"position\":2,\"name\":\"Terms and Conditions\"}]},{\"@type\":\"WebSite\",\"@id\":\"https:\/\/littlebigdolls.com\/fr\/#website\",\"url\":\"https:\/\/littlebigdolls.com\/fr\/\",\"name\":\"LittleBigDolls | Art Toy with a Soul\",\"description\":\"Collection de poup\u00e9es de chiffon et de peluches \u00e0 l&#039;effigie d&#039;ic\u00f4nes culturelles et de personnages historiques. Cadeau original  - Objet d\u00e9co - Produits d\u00e9riv\u00e9s\",\"potentialAction\":[{\"@type\":\"SearchAction\",\"target\":{\"@type\":\"EntryPoint\",\"urlTemplate\":\"https:\/\/littlebigdolls.com\/fr\/?s={search_term_string}\"},\"query-input\":\"required name=search_term_string\"}],\"inLanguage\":\"fr-FR\"}]}<\/script>\n<!-- \/ Yoast SEO plugin. -->","yoast_head_json":{"title":"Terms & Conditions | LittleBigDolls","description":"Collection de poup\u00e9es de Chiffon- LittleBigDolls - Terms & Conditions","robots":{"index":"index","follow":"follow","max-snippet":"max-snippet:-1","max-image-preview":"max-image-preview:large","max-video-preview":"max-video-preview:-1"},"canonical":"https:\/\/littlebigdolls.com\/fr\/terms-and-conditions\/","og_locale":"fr_FR","og_type":"article","og_title":"Terms & Conditions | LittleBigDolls","og_description":"Collection de poup\u00e9es de Chiffon- LittleBigDolls - Terms & Conditions","og_url":"https:\/\/littlebigdolls.com\/fr\/terms-and-conditions\/","og_site_name":"LittleBigDolls | Art Toy with a Soul","article_modified_time":"2021-03-03T16:22:44+00:00","og_image":[{"width":3298,"height":695,"url":"https:\/\/littlebigdolls.com\/wp-content\/uploads\/2020\/01\/LittleBigDolls_logo.png","type":"image\/png"}],"twitter_card":"summary_large_image","twitter_misc":{"Dur\u00e9e de lecture estim\u00e9e":"12 minutes"},"schema":{"@context":"https:\/\/schema.org","@graph":[{"@type":"WebPage","@id":"https:\/\/littlebigdolls.com\/fr\/terms-and-conditions\/","url":"https:\/\/littlebigdolls.com\/fr\/terms-and-conditions\/","name":"Terms & Conditions | LittleBigDolls","isPartOf":{"@id":"https:\/\/littlebigdolls.com\/fr\/#website"},"datePublished":"2021-03-02T19:57:53+00:00","dateModified":"2021-03-03T16:22:44+00:00","description":"Collection de poup\u00e9es de Chiffon- LittleBigDolls - Terms & Conditions","breadcrumb":{"@id":"https:\/\/littlebigdolls.com\/fr\/terms-and-conditions\/#breadcrumb"},"inLanguage":"fr-FR","potentialAction":[{"@type":"ReadAction","target":["https:\/\/littlebigdolls.com\/fr\/terms-and-conditions\/"]}]},{"@type":"BreadcrumbList","@id":"https:\/\/littlebigdolls.com\/fr\/terms-and-conditions\/#breadcrumb","itemListElement":[{"@type":"ListItem","position":1,"name":"Home","item":"https:\/\/littlebigdolls.com\/fr\/"},{"@type":"ListItem","position":2,"name":"Terms and Conditions"}]},{"@type":"WebSite","@id":"https:\/\/littlebigdolls.com\/fr\/#website","url":"https:\/\/littlebigdolls.com\/fr\/","name":"LittleBigDolls | Art Toy with a Soul","description":"Collection de poup\u00e9es de chiffon et de peluches \u00e0 l&#039;effigie d&#039;ic\u00f4nes culturelles et de personnages historiques. Cadeau original  - Objet d\u00e9co - Produits d\u00e9riv\u00e9s","potentialAction":[{"@type":"SearchAction","target":{"@type":"EntryPoint","urlTemplate":"https:\/\/littlebigdolls.com\/fr\/?s={search_term_string}"},"query-input":"required name=search_term_string"}],"inLanguage":"fr-FR"}]}},"_links":{"self":[{"href":"https:\/\/littlebigdolls.com\/fr\/wp-json\/wp\/v2\/pages\/40534"}],"collection":[{"href":"https:\/\/littlebigdolls.com\/fr\/wp-json\/wp\/v2\/pages"}],"about":[{"href":"https:\/\/littlebigdolls.com\/fr\/wp-json\/wp\/v2\/types\/page"}],"author":[{"embeddable":true,"href":"https:\/\/littlebigdolls.com\/fr\/wp-json\/wp\/v2\/users\/8"}],"replies":[{"embeddable":true,"href":"https:\/\/littlebigdolls.com\/fr\/wp-json\/wp\/v2\/comments?post=40534"}],"version-history":[{"count":8,"href":"https:\/\/littlebigdolls.com\/fr\/wp-json\/wp\/v2\/pages\/40534\/revisions"}],"predecessor-version":[{"id":40571,"href":"https:\/\/littlebigdolls.com\/fr\/wp-json\/wp\/v2\/pages\/40534\/revisions\/40571"}],"wp:featuredmedia":[{"embeddable":true,"href":"https:\/\/littlebigdolls.com\/fr\/wp-json\/wp\/v2\/media\/1137"}],"wp:attachment":[{"href":"https:\/\/littlebigdolls.com\/fr\/wp-json\/wp\/v2\/media?parent=40534"}],"wp:term":[{"taxonomy":"folder","embeddable":true,"href":"https:\/\/littlebigdolls.com\/fr\/wp-json\/wp\/v2\/folder?post=40534"}],"curies":[{"name":"wp","href":"https:\/\/api.w.org\/{rel}","templated":true}]}}