{"id":40782,"date":"2021-03-27T20:19:13","date_gmt":"2021-03-27T20:19:13","guid":{"rendered":"https:\/\/littlebigdolls.com\/?page_id=40782"},"modified":"2021-05-20T17:25:33","modified_gmt":"2021-05-20T17:25:33","slug":"poupee-personnage-celebre-merchandising-designer","status":"publish","type":"page","link":"https:\/\/littlebigdolls.com\/fr\/poupee-personnage-celebre-merchandising-designer\/","title":{"rendered":"Poup\u00e9e personnage c\u00e9l\u00e8bre merchandising designer"},"content":{"rendered":"\r\n\r\n\t\t\t\t<img loading=\"lazy\" src=\"https:\/\/littlebigdolls.com\/wp-content\/uploads\/michel-polnareff-poupee-de-chiffon-5.jpg\" alt=\"michel-polnareff-poupee-de-chiffon\" itemprop=\"image\" height=\"1080\" width=\"1920\" title=\"michel-polnareff-poupee-de-chiffon\" onerror=\"this.style.display='none'\"  \/>\r\n\t<h1>CR\u00c9ATEUR DE POUP\u00c9ES DE CHIFFONS <b>\u00c0<\/b> L&rsquo;EFFIGIE D&rsquo;IC\u00d4NES ET D&rsquo;ARTISTES DE NOTRE PATRIMOINE CULTUREL&#8230;<\/h1>\r\n\t\t\t\t<img src=\"https:\/\/littlebigdolls.com\/wp-content\/uploads\/gift-idea-red-g.png\" alt=\"gift-idea-red-g\" title=\"gift-idea-red-g\" itemprop=\"image\"\/>\r\n\t<h2> CADEAU ORIGINAL <br \/>\r\nET TENDANCE&#8230;<\/h2>\r\n\t\t\t\t<img src=\"https:\/\/littlebigdolls.com\/wp-content\/uploads\/gift-idea-red-g.png\" alt=\"gift-idea-red-g\" title=\"gift-idea-red-g\" itemprop=\"image\"\/>\r\n\t<h2> PRODUIT D\u00c9RIV\u00c9<br \/>\r\nINCONTOURNABLE POUR<br \/>\r\nTOUS LES FANS&#8230;<\/h2>\r\n\t\t\t\t<img src=\"https:\/\/littlebigdolls.com\/wp-content\/uploads\/fans-red-d.png\" alt=\"fans-red-d\" title=\"fans-red-d\" itemprop=\"image\"\/>\r\n\t\t\t\t<img src=\"https:\/\/littlebigdolls.com\/wp-content\/uploads\/fans-red-d.png\" alt=\"fans-red-d\" title=\"fans-red-d\" itemprop=\"image\"\/>\r\n\t\t\t\t<img src=\"https:\/\/littlebigdolls.com\/wp-content\/uploads\/kids2-g.png\" alt=\"kids2-g\" title=\"kids2-g\" itemprop=\"image\"\/>\r\n\t<h2>UN COMPAGNON CHARG\u00c9 D&rsquo;HISTOIRE POUR TOUS LES ENFANTS DE 0 \u00c0 112 ANS&#8230;<\/h2>\r\n\t\t\t\t<img src=\"https:\/\/littlebigdolls.com\/wp-content\/uploads\/kids2-g.png\" alt=\"kids2-g\" title=\"kids2-g\" itemprop=\"image\"\/>\r\n\t<h2>FABRIQU\u00c9ES \u00c0 LA<br \/>\r\nMAIN ET 100%<br \/>\r\nECO-RESPONSABLE&#8230;<\/h2>\r\n\t\t\t\t<a href=\"\/handmade-eco-friendly-rag-dolls-collection\/\" target=\"_self\" itemprop=\"url\" rel=\"noopener noreferrer\">\r\n\t\t\t\t<img loading=\"lazy\" src=\"https:\/\/littlebigdolls.com\/wp-content\/uploads\/2020\/11\/quality.png\" alt=\"quality\" itemprop=\"image\" height=\"100\" width=\"305\" title=\"quality\" onerror=\"this.style.display='none'\"  \/>\r\n\t\t\t\t<\/a>\r\n\t\t\t\t<a href=\"\/handmade-eco-friendly-rag-dolls-collection\/\" target=\"_blank\" rel=\"noopener noreferrer\" itemprop=\"url\">\r\n\t\t\t\t<img loading=\"lazy\" src=\"https:\/\/littlebigdolls.com\/wp-content\/uploads\/2020\/11\/quality.png\" alt=\"quality\" itemprop=\"image\" height=\"100\" width=\"305\" title=\"quality\" onerror=\"this.style.display='none'\"  \/>\r\n\t\t\t\t<\/a>\r\n\t<h2>PROJETS EN CO-BRANDING&#8230;<\/h2>\r\n\t\t\t\t<a href=\"https:\/\/littlebigdolls.com\/fr\/poupee-objet-deco-co-branding-produits-derives-designer\/\" target=\"_blank\" rel=\"noopener noreferrer\" itemprop=\"url\">\r\n\t\t\t\t<img loading=\"lazy\" src=\"https:\/\/littlebigdolls.com\/wp-content\/uploads\/poupee-objet-deco-co-branding-produits-derives-designer.jpg\" alt=\"poupee objet deco co branding produits derives designer\" itemprop=\"image\" height=\"596\" width=\"1100\" title=\"poupee-objet-deco-co-branding-produits-derives-designer\" onerror=\"this.style.display='none'\"  \/>\r\n\t\t\t\t<\/a>\r\n\t\t\t\t<a href=\"https:\/\/littlebigdolls.com\/fr\/poupee-objet-deco-co-branding-produits-derives-designer\/\" target=\"_self\" itemprop=\"url\" rel=\"noopener noreferrer\">\r\n\t\t\t\t<img loading=\"lazy\" src=\"https:\/\/littlebigdolls.com\/wp-content\/uploads\/decouvrez-les-projets.png\" alt=\"decouvrez-les-projets\" itemprop=\"image\" height=\"115\" width=\"860\" title=\"decouvrez-les-projets\" onerror=\"this.style.display='none'\"  \/>\r\n\t\t\t\t<\/a>\r\n\t<h2>PROJETS DE CELEBRITES&#8230;<\/h2>\r\n\t\t\t\t<a href=\"https:\/\/littlebigdolls.com\/fr\/poupee-peluche-produits-derives-personnage-celebre\/\" target=\"_blank\" rel=\"noopener noreferrer\" itemprop=\"url\">\r\n\t\t\t\t<img loading=\"lazy\" src=\"https:\/\/littlebigdolls.com\/wp-content\/uploads\/poupee-peluche-produits-derives-personnage-celebre.jpg\" alt=\"poupee peluche produits derives personnage celebre\" itemprop=\"image\" height=\"857\" width=\"1100\" title=\"poupee-peluche-produits-derives-personnage-celebre\" onerror=\"this.style.display='none'\"  \/>\r\n\t\t\t\t<\/a>\r\n\t\t\t\t<a href=\"https:\/\/littlebigdolls.com\/fr\/poupee-peluche-produits-derives-personnage-celebre\/\" target=\"_self\" itemprop=\"url\" rel=\"noopener noreferrer\">\r\n\t\t\t\t<img loading=\"lazy\" src=\"https:\/\/littlebigdolls.com\/wp-content\/uploads\/decouvrez-les-modeles.png\" alt=\"decouvrez-les-modeles\" itemprop=\"image\" height=\"115\" width=\"860\" title=\"decouvrez-les-modeles\" onerror=\"this.style.display='none'\"  \/>\r\n\t\t\t\t<\/a>\r\n\t\t\t\t<a href=\"https:\/\/littlebigdolls.com\/fr\/contact\/\" target=\"_self\" itemprop=\"url\" rel=\"noopener noreferrer\">\r\n\t\t\t\t<img loading=\"lazy\" src=\"https:\/\/littlebigdolls.com\/wp-content\/uploads\/contact-r-g.png\" alt=\"contact r g\" itemprop=\"image\" height=\"100\" width=\"305\" title=\"contact r g\" onerror=\"this.style.display='none'\"  \/>\r\n\t\t\t\t<\/a>\r\n\t<h2>DES QUESTIONS ?<br \/>\r\nC&rsquo;EST PAR L\u00c0 !<\/h2>\r\n\t\t\t\t<a href=\"https:\/\/littlebigdolls.com\/fr\/contact\/\" target=\"_self\" itemprop=\"url\" rel=\"noopener noreferrer\">\r\n\t\t\t\t<img loading=\"lazy\" src=\"https:\/\/littlebigdolls.com\/wp-content\/uploads\/contact-r-g.png\" alt=\"contact r g\" itemprop=\"image\" height=\"100\" width=\"305\" title=\"contact r g\" onerror=\"this.style.display='none'\"  \/>\r\n\t\t\t\t<\/a>\r\n\r\n","protected":false},"excerpt":{"rendered":"<p>CR\u00c9ATEUR DE POUP\u00c9ES DE CHIFFONS \u00c0 L&rsquo;EFFIGIE D&rsquo;IC\u00d4NES ET D&rsquo;ARTISTES DE NOTRE PATRIMOINE CULTUREL&#8230; CADEAU ORIGINAL ET TENDANCE&#8230; PRODUIT D\u00c9RIV\u00c9 INCONTOURNABLE POUR TOUS LES FANS&#8230; UN COMPAGNON CHARG\u00c9 D&rsquo;HISTOIRE POUR TOUS LES ENFANTS DE 0 \u00c0 112 ANS&#8230; FABRIQU\u00c9ES \u00c0 LA MAIN ET 100% ECO-RESPONSABLE&#8230; PROJETS EN CO-BRANDING&#8230; PROJETS DE CELEBRITES&#8230; DES QUESTIONS ? C&rsquo;EST [&hellip;]<\/p>\n","protected":false},"author":8,"featured_media":1137,"parent":0,"menu_order":0,"comment_status":"closed","ping_status":"closed","template":"page-builder.php","meta":{"inline_featured_image":false,"_genesis_hide_title":false,"_genesis_hide_breadcrumbs":false,"_genesis_hide_singular_image":false,"_genesis_hide_footer_widgets":false,"_genesis_custom_body_class":"","_genesis_custom_post_class":"","_genesis_layout":""},"folder":[214],"yoast_head":"<!-- This site is optimized with the Yoast SEO plugin v20.6 - https:\/\/yoast.com\/wordpress\/plugins\/seo\/ -->\n<title>Poup\u00e9e | Peluche | Peluche g\u00e9ante | MERCHANDISING<\/title>\n<meta name=\"description\" content=\"Poup\u00e9e et peluche sur mesure pour vos produits d\u00e9riv\u00e9s... Chanteurs, Acteurs, Sportifs, Artistes, Mus\u00e9es. Un objet d\u00e9co tendance pour tous les fans\u2026\" \/>\n<meta name=\"robots\" content=\"index, follow, max-snippet:-1, max-image-preview:large, max-video-preview:-1\" \/>\n<link rel=\"canonical\" href=\"https:\/\/littlebigdolls.com\/fr\/poupee-personnage-celebre-merchandising-designer\/\" \/>\n<meta property=\"og:locale\" content=\"fr_FR\" \/>\n<meta property=\"og:type\" content=\"article\" \/>\n<meta property=\"og:title\" content=\"Poup\u00e9e | Peluche | Peluche g\u00e9ante | MERCHANDISING\" \/>\n<meta property=\"og:description\" content=\"Poup\u00e9e et peluche sur mesure pour vos produits d\u00e9riv\u00e9s... Chanteurs, Acteurs, Sportifs, Artistes, Mus\u00e9es. Un objet d\u00e9co tendance pour tous les fans\u2026\" \/>\n<meta property=\"og:url\" content=\"https:\/\/littlebigdolls.com\/fr\/poupee-personnage-celebre-merchandising-designer\/\" \/>\n<meta property=\"og:site_name\" content=\"LittleBigDolls | Art Toy with a Soul\" \/>\n<meta property=\"article:modified_time\" content=\"2021-05-20T17:25:33+00:00\" \/>\n<meta property=\"og:image\" content=\"https:\/\/littlebigdolls.com\/wp-content\/uploads\/2020\/01\/LittleBigDolls_logo.png\" \/>\n\t<meta property=\"og:image:width\" content=\"3298\" \/>\n\t<meta property=\"og:image:height\" content=\"695\" \/>\n\t<meta property=\"og:image:type\" content=\"image\/png\" \/>\n<meta name=\"twitter:card\" content=\"summary_large_image\" \/>\n<script type=\"application\/ld+json\" class=\"yoast-schema-graph\">{\"@context\":\"https:\/\/schema.org\",\"@graph\":[{\"@type\":\"WebPage\",\"@id\":\"https:\/\/littlebigdolls.com\/fr\/poupee-personnage-celebre-merchandising-designer\/\",\"url\":\"https:\/\/littlebigdolls.com\/fr\/poupee-personnage-celebre-merchandising-designer\/\",\"name\":\"Poup\u00e9e | Peluche | Peluche g\u00e9ante | MERCHANDISING\",\"isPartOf\":{\"@id\":\"https:\/\/littlebigdolls.com\/fr\/#website\"},\"datePublished\":\"2021-03-27T20:19:13+00:00\",\"dateModified\":\"2021-05-20T17:25:33+00:00\",\"description\":\"Poup\u00e9e et peluche sur mesure pour vos produits d\u00e9riv\u00e9s... Chanteurs, Acteurs, Sportifs, Artistes, Mus\u00e9es. Un objet d\u00e9co tendance pour tous les fans\u2026\",\"breadcrumb\":{\"@id\":\"https:\/\/littlebigdolls.com\/fr\/poupee-personnage-celebre-merchandising-designer\/#breadcrumb\"},\"inLanguage\":\"fr-FR\",\"potentialAction\":[{\"@type\":\"ReadAction\",\"target\":[\"https:\/\/littlebigdolls.com\/fr\/poupee-personnage-celebre-merchandising-designer\/\"]}]},{\"@type\":\"BreadcrumbList\",\"@id\":\"https:\/\/littlebigdolls.com\/fr\/poupee-personnage-celebre-merchandising-designer\/#breadcrumb\",\"itemListElement\":[{\"@type\":\"ListItem\",\"position\":1,\"name\":\"Home\",\"item\":\"https:\/\/littlebigdolls.com\/fr\/\"},{\"@type\":\"ListItem\",\"position\":2,\"name\":\"Poup\u00e9e personnage c\u00e9l\u00e8bre merchandising designer\"}]},{\"@type\":\"WebSite\",\"@id\":\"https:\/\/littlebigdolls.com\/fr\/#website\",\"url\":\"https:\/\/littlebigdolls.com\/fr\/\",\"name\":\"LittleBigDolls | Art Toy with a Soul\",\"description\":\"Collection de poup\u00e9es de chiffon et de peluches \u00e0 l&#039;effigie d&#039;ic\u00f4nes culturelles et de personnages historiques. Cadeau original  - Objet d\u00e9co - Produits d\u00e9riv\u00e9s\",\"potentialAction\":[{\"@type\":\"SearchAction\",\"target\":{\"@type\":\"EntryPoint\",\"urlTemplate\":\"https:\/\/littlebigdolls.com\/fr\/?s={search_term_string}\"},\"query-input\":\"required name=search_term_string\"}],\"inLanguage\":\"fr-FR\"}]}<\/script>\n<!-- \/ Yoast SEO plugin. -->","yoast_head_json":{"title":"Poup\u00e9e | Peluche | Peluche g\u00e9ante | MERCHANDISING","description":"Poup\u00e9e et peluche sur mesure pour vos produits d\u00e9riv\u00e9s... Chanteurs, Acteurs, Sportifs, Artistes, Mus\u00e9es. Un objet d\u00e9co tendance pour tous les fans\u2026","robots":{"index":"index","follow":"follow","max-snippet":"max-snippet:-1","max-image-preview":"max-image-preview:large","max-video-preview":"max-video-preview:-1"},"canonical":"https:\/\/littlebigdolls.com\/fr\/poupee-personnage-celebre-merchandising-designer\/","og_locale":"fr_FR","og_type":"article","og_title":"Poup\u00e9e | Peluche | Peluche g\u00e9ante | MERCHANDISING","og_description":"Poup\u00e9e et peluche sur mesure pour vos produits d\u00e9riv\u00e9s... Chanteurs, Acteurs, Sportifs, Artistes, Mus\u00e9es. Un objet d\u00e9co tendance pour tous les fans\u2026","og_url":"https:\/\/littlebigdolls.com\/fr\/poupee-personnage-celebre-merchandising-designer\/","og_site_name":"LittleBigDolls | Art Toy with a Soul","article_modified_time":"2021-05-20T17:25:33+00:00","og_image":[{"width":3298,"height":695,"url":"https:\/\/littlebigdolls.com\/wp-content\/uploads\/2020\/01\/LittleBigDolls_logo.png","type":"image\/png"}],"twitter_card":"summary_large_image","schema":{"@context":"https:\/\/schema.org","@graph":[{"@type":"WebPage","@id":"https:\/\/littlebigdolls.com\/fr\/poupee-personnage-celebre-merchandising-designer\/","url":"https:\/\/littlebigdolls.com\/fr\/poupee-personnage-celebre-merchandising-designer\/","name":"Poup\u00e9e | Peluche | Peluche g\u00e9ante | MERCHANDISING","isPartOf":{"@id":"https:\/\/littlebigdolls.com\/fr\/#website"},"datePublished":"2021-03-27T20:19:13+00:00","dateModified":"2021-05-20T17:25:33+00:00","description":"Poup\u00e9e et peluche sur mesure pour vos produits d\u00e9riv\u00e9s... Chanteurs, Acteurs, Sportifs, Artistes, Mus\u00e9es. Un objet d\u00e9co tendance pour tous les fans\u2026","breadcrumb":{"@id":"https:\/\/littlebigdolls.com\/fr\/poupee-personnage-celebre-merchandising-designer\/#breadcrumb"},"inLanguage":"fr-FR","potentialAction":[{"@type":"ReadAction","target":["https:\/\/littlebigdolls.com\/fr\/poupee-personnage-celebre-merchandising-designer\/"]}]},{"@type":"BreadcrumbList","@id":"https:\/\/littlebigdolls.com\/fr\/poupee-personnage-celebre-merchandising-designer\/#breadcrumb","itemListElement":[{"@type":"ListItem","position":1,"name":"Home","item":"https:\/\/littlebigdolls.com\/fr\/"},{"@type":"ListItem","position":2,"name":"Poup\u00e9e personnage c\u00e9l\u00e8bre merchandising designer"}]},{"@type":"WebSite","@id":"https:\/\/littlebigdolls.com\/fr\/#website","url":"https:\/\/littlebigdolls.com\/fr\/","name":"LittleBigDolls | Art Toy with a Soul","description":"Collection de poup\u00e9es de chiffon et de peluches \u00e0 l&#039;effigie d&#039;ic\u00f4nes culturelles et de personnages historiques. Cadeau original  - Objet d\u00e9co - Produits d\u00e9riv\u00e9s","potentialAction":[{"@type":"SearchAction","target":{"@type":"EntryPoint","urlTemplate":"https:\/\/littlebigdolls.com\/fr\/?s={search_term_string}"},"query-input":"required name=search_term_string"}],"inLanguage":"fr-FR"}]}},"_links":{"self":[{"href":"https:\/\/littlebigdolls.com\/fr\/wp-json\/wp\/v2\/pages\/40782"}],"collection":[{"href":"https:\/\/littlebigdolls.com\/fr\/wp-json\/wp\/v2\/pages"}],"about":[{"href":"https:\/\/littlebigdolls.com\/fr\/wp-json\/wp\/v2\/types\/page"}],"author":[{"embeddable":true,"href":"https:\/\/littlebigdolls.com\/fr\/wp-json\/wp\/v2\/users\/8"}],"replies":[{"embeddable":true,"href":"https:\/\/littlebigdolls.com\/fr\/wp-json\/wp\/v2\/comments?post=40782"}],"version-history":[{"count":21,"href":"https:\/\/littlebigdolls.com\/fr\/wp-json\/wp\/v2\/pages\/40782\/revisions"}],"predecessor-version":[{"id":45542,"href":"https:\/\/littlebigdolls.com\/fr\/wp-json\/wp\/v2\/pages\/40782\/revisions\/45542"}],"wp:featuredmedia":[{"embeddable":true,"href":"https:\/\/littlebigdolls.com\/fr\/wp-json\/wp\/v2\/media\/1137"}],"wp:attachment":[{"href":"https:\/\/littlebigdolls.com\/fr\/wp-json\/wp\/v2\/media?parent=40782"}],"wp:term":[{"taxonomy":"folder","embeddable":true,"href":"https:\/\/littlebigdolls.com\/fr\/wp-json\/wp\/v2\/folder?post=40782"}],"curies":[{"name":"wp","href":"https:\/\/api.w.org\/{rel}","templated":true}]}}