{"id":42695,"date":"2021-04-29T10:12:13","date_gmt":"2021-04-29T10:12:13","guid":{"rendered":"https:\/\/littlebigdolls.com\/design-doll-maker-rag-dolls-projects\/"},"modified":"2021-05-20T12:57:55","modified_gmt":"2021-05-20T12:57:55","slug":"poupee-objet-deco-co-branding-produits-derives-designer","status":"publish","type":"page","link":"https:\/\/littlebigdolls.com\/fr\/poupee-objet-deco-co-branding-produits-derives-designer\/","title":{"rendered":"Poup\u00e9e objet deco co-branding produits d\u00e9rives designer"},"content":{"rendered":"\n\n\t<h1>D\u00c9COUVREZ NOS<br \/>\nPROJETS  EN CO-BRANDING&#8230;<\/h1>\n\t\t\t\t<a href=\"https:\/\/littlebigdolls.com\/fr\/poupee-de-chiffon\/frida-kahlo-poupee-de-chiffon-peluche\/\" target=\"_self\" itemprop=\"url\" rel=\"noopener noreferrer\">\n\t\t\t\t<img loading=\"lazy\" src=\"https:\/\/littlebigdolls.com\/wp-content\/uploads\/frida-kahlo-corporation.jpg\" alt=\"frida-kahlo-corporation\" itemprop=\"image\" height=\"283\" width=\"400\" title=\"frida-kahlo-corporation\" onerror=\"this.style.display='none'\"  \/>\n\t\t\t\t<\/a>\n\t<h2>FRIDA KAHLO&#8230;<\/h2>\n\t\t\t\t<a href=\"https:\/\/littlebigdolls.com\/fr\/poupee-de-chiffon\/frida-kahlo-poupee-de-chiffon-peluche\/\" target=\"_self\" itemprop=\"url\" rel=\"noopener noreferrer\">\n\t\t\t\t<img loading=\"lazy\" src=\"https:\/\/littlebigdolls.com\/wp-content\/uploads\/frida-kahlo-corporation.jpg\" alt=\"frida-kahlo-corporation\" itemprop=\"image\" height=\"283\" width=\"400\" title=\"frida-kahlo-corporation\" onerror=\"this.style.display='none'\"  \/>\n\t\t\t\t<\/a>\n\t<h2>BARACK OBAMA ET HILLARY CLINTON POUR LES PR\u00c9SIDENTIELLES  AMERICANES&#8230;<\/h2>\n\t\t\t\t<a href=\"https:\/\/littlebigdolls.com\/fr\/obama-clinton-poupee-peluche-geante-co-branding-merchandising\/\" target=\"_self\" itemprop=\"url\" rel=\"noopener noreferrer\">\n\t\t\t\t<img loading=\"lazy\" src=\"https:\/\/littlebigdolls.com\/wp-content\/uploads\/us-campaign.jpg\" alt=\"us-campaign\" itemprop=\"image\" height=\"283\" width=\"400\" title=\"us-campaign\" onerror=\"this.style.display='none'\"  \/>\n\t\t\t\t<\/a>\n\t\t\t\t<a href=\"https:\/\/littlebigdolls.com\/fr\/obama-clinton-poupee-peluche-geante-co-branding-merchandising\/\" target=\"_self\" itemprop=\"url\" rel=\"noopener noreferrer\">\n\t\t\t\t<img loading=\"lazy\" src=\"https:\/\/littlebigdolls.com\/wp-content\/uploads\/us-campaign.jpg\" alt=\"us-campaign\" itemprop=\"image\" height=\"283\" width=\"400\" title=\"us-campaign\" onerror=\"this.style.display='none'\"  \/>\n\t\t\t\t<\/a>\n\t\t\t\t<a href=\"https:\/\/littlebigdolls.com\/fr\/utah-beach-poupee-peluche-produits-derives-musee-du-debarquement\/\" target=\"_self\" itemprop=\"url\" rel=\"noopener noreferrer\">\n\t\t\t\t<img loading=\"lazy\" src=\"https:\/\/littlebigdolls.com\/wp-content\/uploads\/utah-beach.jpg\" alt=\"utah-beach\" itemprop=\"image\" height=\"283\" width=\"400\" title=\"utah-beach\" onerror=\"this.style.display='none'\"  \/>\n\t\t\t\t<\/a>\n\t<h2>UN  PARACHUTISTE AMERICIAN  ET UNE INFIRMI\u00c8RE DE LA RED CROSS POUR LE MUS\u00c9E UTAH BEACH&#8230;<\/h2>\n\t\t\t\t<a href=\"https:\/\/littlebigdolls.com\/fr\/utah-beach-poupee-peluche-produits-derives-musee-du-debarquement\/\" target=\"_self\" itemprop=\"url\" rel=\"noopener noreferrer\">\n\t\t\t\t<img loading=\"lazy\" src=\"https:\/\/littlebigdolls.com\/wp-content\/uploads\/utah-beach.jpg\" alt=\"utah-beach\" itemprop=\"image\" height=\"283\" width=\"400\" title=\"utah-beach\" onerror=\"this.style.display='none'\"  \/>\n\t\t\t\t<\/a>\n\t<h2>PIERRE DE  COUBERTIN ET MOHAMMAD ALI POUR LE\u00a0MUS\u00c9E OLYMPIQUE&#8230;<\/h2>\n\t\t\t\t<a href=\"\/fr\/athletes-olympiques-poupee-peluche-geante-co-branding-merchandising\/\" target=\"_self\" itemprop=\"url\" rel=\"noopener noreferrer\">\n\t\t\t\t<img loading=\"lazy\" src=\"https:\/\/littlebigdolls.com\/wp-content\/uploads\/olympic-games.jpg\" alt=\"olympic-games\" itemprop=\"image\" height=\"283\" width=\"400\" title=\"olympic-games\" onerror=\"this.style.display='none'\"  \/>\n\t\t\t\t<\/a>\n\t\t\t\t<a href=\"\/fr\/athletes-olympiques-poupee-peluche-geante-co-branding-merchandising\/\" target=\"_self\" itemprop=\"url\" rel=\"noopener noreferrer\">\n\t\t\t\t<img loading=\"lazy\" src=\"https:\/\/littlebigdolls.com\/wp-content\/uploads\/olympic-games.jpg\" alt=\"olympic-games\" itemprop=\"image\" height=\"283\" width=\"400\" title=\"olympic-games\" onerror=\"this.style.display='none'\"  \/>\n\t\t\t\t<\/a>\n\t\t\t\t<a href=\"https:\/\/littlebigdolls.com\/fr\/poupee-de-chiffon\/jean-baptiste-poquelin-moliere-poupee-de-chiffon-peluche\/\" target=\"_self\" itemprop=\"url\" rel=\"noopener noreferrer\">\n\t\t\t\t<img loading=\"lazy\" src=\"https:\/\/littlebigdolls.com\/wp-content\/uploads\/comedie-francaise.jpg\" alt=\"com\u00e9die-fran\u00e7aise\" itemprop=\"image\" height=\"283\" width=\"400\" title=\"com\u00e9die-fran\u00e7aise\" onerror=\"this.style.display='none'\"  \/>\n\t\t\t\t<\/a>\n\t<h2>MOLI\u00c8RE POUR LA  COM\u00c9DIE FRAN\u00c7AISE&#8230;<\/h2>\n\t\t\t\t<a href=\"https:\/\/littlebigdolls.com\/fr\/poupee-de-chiffon\/jean-baptiste-poquelin-moliere-poupee-de-chiffon-peluche\/\" target=\"_self\" itemprop=\"url\" rel=\"noopener noreferrer\">\n\t\t\t\t<img loading=\"lazy\" src=\"https:\/\/littlebigdolls.com\/wp-content\/uploads\/comedie-francaise.jpg\" alt=\"com\u00e9die-fran\u00e7aise\" itemprop=\"image\" height=\"283\" width=\"400\" title=\"com\u00e9die-fran\u00e7aise\" onerror=\"this.style.display='none'\"  \/>\n\t\t\t\t<\/a>\n\t<h2>JOHNNY HALLYDAY&#8230;<\/h2>\n\t\t\t\t<a href=\"https:\/\/littlebigdolls.com\/fr\/johnny-hallyday-poupee-peluche-geante-co-branding-merchandising\/\" target=\"_self\" itemprop=\"url\" rel=\"noopener noreferrer\">\n\t\t\t\t<img loading=\"lazy\" src=\"https:\/\/littlebigdolls.com\/wp-content\/uploads\/johnny-hallyday-1.jpg\" alt=\"johnny-hallyday\" itemprop=\"image\" height=\"283\" width=\"400\" title=\"johnny-hallyday\" onerror=\"this.style.display='none'\"  \/>\n\t\t\t\t<\/a>\n\t\t\t\t<a href=\"https:\/\/littlebigdolls.com\/fr\/johnny-hallyday-poupee-peluche-geante-co-branding-merchandising\/\" target=\"_self\" itemprop=\"url\" rel=\"noopener noreferrer\">\n\t\t\t\t<img loading=\"lazy\" src=\"https:\/\/littlebigdolls.com\/wp-content\/uploads\/johnny-hallyday-1.jpg\" alt=\"johnny-hallyday\" itemprop=\"image\" height=\"283\" width=\"400\" title=\"johnny-hallyday\" onerror=\"this.style.display='none'\"  \/>\n\t\t\t\t<\/a>\n\t\t\t\t<a href=\"https:\/\/littlebigdolls.com\/fr\/poupee-de-chiffon\/michel-polnareff-poupee-de-chiffon-peluche\/\" target=\"_self\" itemprop=\"url\" rel=\"noopener noreferrer\">\n\t\t\t\t<img loading=\"lazy\" src=\"https:\/\/littlebigdolls.com\/wp-content\/uploads\/michel-polnareff-olympia.jpg\" alt=\"michel-polnareff-olympia\" itemprop=\"image\" height=\"283\" width=\"400\" title=\"michel-polnareff-olympia\" onerror=\"this.style.display='none'\"  \/>\n\t\t\t\t<\/a>\n\t<h2>MICHEL POLNAREFF&#8230;<\/h2>\n\t\t\t\t<a href=\"https:\/\/littlebigdolls.com\/fr\/poupee-de-chiffon\/michel-polnareff-poupee-de-chiffon-peluche\/\" target=\"_self\" itemprop=\"url\" rel=\"noopener noreferrer\">\n\t\t\t\t<img loading=\"lazy\" src=\"https:\/\/littlebigdolls.com\/wp-content\/uploads\/michel-polnareff-olympia.jpg\" alt=\"michel-polnareff-olympia\" itemprop=\"image\" height=\"283\" width=\"400\" title=\"michel-polnareff-olympia\" onerror=\"this.style.display='none'\"  \/>\n\t\t\t\t<\/a>\n\t<h2>JEAN PAUL GAULTIER POUR LE FASHION FREAK SHOW&#8230;<\/h2>\n\t\t\t\t<a href=\"https:\/\/littlebigdolls.com\/fr\/poupee-de-chiffon\/jean-paul-gaultier-poupee-de-chiffon-peluche\/\" target=\"_self\" itemprop=\"url\" rel=\"noopener noreferrer\">\n\t\t\t\t<img loading=\"lazy\" src=\"https:\/\/littlebigdolls.com\/wp-content\/uploads\/jean-paul-gaultier-fashion-freak-show.jpg\" alt=\"jean-paul-gaultier-fashion-freak-show\" itemprop=\"image\" height=\"283\" width=\"400\" title=\"jean-paul-gaultier-fashion-freak-show\" onerror=\"this.style.display='none'\"  \/>\n\t\t\t\t<\/a>\n\t\t\t\t<a href=\"https:\/\/littlebigdolls.com\/fr\/poupee-de-chiffon\/jean-paul-gaultier-poupee-de-chiffon-peluche\/\" target=\"_self\" itemprop=\"url\" rel=\"noopener noreferrer\">\n\t\t\t\t<img loading=\"lazy\" src=\"https:\/\/littlebigdolls.com\/wp-content\/uploads\/jean-paul-gaultier-fashion-freak-show.jpg\" alt=\"jean-paul-gaultier-fashion-freak-show\" itemprop=\"image\" height=\"283\" width=\"400\" title=\"jean-paul-gaultier-fashion-freak-show\" onerror=\"this.style.display='none'\"  \/>\n\t\t\t\t<\/a>\n\n","protected":false},"excerpt":{"rendered":"<p>D\u00c9COUVREZ NOS PROJETS EN CO-BRANDING&#8230; FRIDA KAHLO&#8230; BARACK OBAMA ET HILLARY CLINTON POUR LES PR\u00c9SIDENTIELLES AMERICANES&#8230; UN PARACHUTISTE AMERICIAN ET UNE INFIRMI\u00c8RE DE LA RED CROSS POUR LE MUS\u00c9E UTAH BEACH&#8230; PIERRE DE COUBERTIN ET MOHAMMAD ALI POUR LE\u00a0MUS\u00c9E OLYMPIQUE&#8230; MOLI\u00c8RE POUR LA COM\u00c9DIE FRAN\u00c7AISE&#8230; JOHNNY HALLYDAY&#8230; MICHEL POLNAREFF&#8230; JEAN PAUL GAULTIER POUR LE FASHION [&hellip;]<\/p>\n","protected":false},"author":8,"featured_media":1137,"parent":0,"menu_order":0,"comment_status":"closed","ping_status":"closed","template":"page-builder.php","meta":{"inline_featured_image":false,"_genesis_hide_title":false,"_genesis_hide_breadcrumbs":false,"_genesis_hide_singular_image":false,"_genesis_hide_footer_widgets":false,"_genesis_custom_body_class":"","_genesis_custom_post_class":"","_genesis_layout":""},"folder":[214],"yoast_head":"<!-- This site is optimized with the Yoast SEO plugin v20.6 - https:\/\/yoast.com\/wordpress\/plugins\/seo\/ -->\n<title>Poup\u00e9e | Peluche G\u00e9ante | MERCHANDISING CO-BRANDING<\/title>\n<meta name=\"description\" content=\"Poup\u00e9e et peluche g\u00e9ante pour des projets en Co-Branding... Chanteurs, Acteurs, Sportifs, Artistes, Mus\u00e9es. Un objet d\u00e9co tendance pour tous les fans\u2026\" \/>\n<meta name=\"robots\" content=\"index, follow, max-snippet:-1, max-image-preview:large, max-video-preview:-1\" \/>\n<link rel=\"canonical\" href=\"https:\/\/littlebigdolls.com\/fr\/poupee-objet-deco-co-branding-produits-derives-designer\/\" \/>\n<meta property=\"og:locale\" content=\"fr_FR\" \/>\n<meta property=\"og:type\" content=\"article\" \/>\n<meta property=\"og:title\" content=\"Poup\u00e9e | Peluche G\u00e9ante | MERCHANDISING CO-BRANDING\" \/>\n<meta property=\"og:description\" content=\"Poup\u00e9e et peluche g\u00e9ante pour des projets en Co-Branding... Chanteurs, Acteurs, Sportifs, Artistes, Mus\u00e9es. Un objet d\u00e9co tendance pour tous les fans\u2026\" \/>\n<meta property=\"og:url\" content=\"https:\/\/littlebigdolls.com\/fr\/poupee-objet-deco-co-branding-produits-derives-designer\/\" \/>\n<meta property=\"og:site_name\" content=\"LittleBigDolls | Art Toy with a Soul\" \/>\n<meta property=\"article:modified_time\" content=\"2021-05-20T12:57:55+00:00\" \/>\n<meta property=\"og:image\" content=\"https:\/\/littlebigdolls.com\/wp-content\/uploads\/2020\/01\/LittleBigDolls_logo.png\" \/>\n\t<meta property=\"og:image:width\" content=\"3298\" \/>\n\t<meta property=\"og:image:height\" content=\"695\" \/>\n\t<meta property=\"og:image:type\" content=\"image\/png\" \/>\n<meta name=\"twitter:card\" content=\"summary_large_image\" \/>\n<script type=\"application\/ld+json\" class=\"yoast-schema-graph\">{\"@context\":\"https:\/\/schema.org\",\"@graph\":[{\"@type\":\"WebPage\",\"@id\":\"https:\/\/littlebigdolls.com\/fr\/poupee-objet-deco-co-branding-produits-derives-designer\/\",\"url\":\"https:\/\/littlebigdolls.com\/fr\/poupee-objet-deco-co-branding-produits-derives-designer\/\",\"name\":\"Poup\u00e9e | Peluche G\u00e9ante | MERCHANDISING CO-BRANDING\",\"isPartOf\":{\"@id\":\"https:\/\/littlebigdolls.com\/fr\/#website\"},\"datePublished\":\"2021-04-29T10:12:13+00:00\",\"dateModified\":\"2021-05-20T12:57:55+00:00\",\"description\":\"Poup\u00e9e et peluche g\u00e9ante pour des projets en Co-Branding... Chanteurs, Acteurs, Sportifs, Artistes, Mus\u00e9es. Un objet d\u00e9co tendance pour tous les fans\u2026\",\"breadcrumb\":{\"@id\":\"https:\/\/littlebigdolls.com\/fr\/poupee-objet-deco-co-branding-produits-derives-designer\/#breadcrumb\"},\"inLanguage\":\"fr-FR\",\"potentialAction\":[{\"@type\":\"ReadAction\",\"target\":[\"https:\/\/littlebigdolls.com\/fr\/poupee-objet-deco-co-branding-produits-derives-designer\/\"]}]},{\"@type\":\"BreadcrumbList\",\"@id\":\"https:\/\/littlebigdolls.com\/fr\/poupee-objet-deco-co-branding-produits-derives-designer\/#breadcrumb\",\"itemListElement\":[{\"@type\":\"ListItem\",\"position\":1,\"name\":\"Home\",\"item\":\"https:\/\/littlebigdolls.com\/fr\/\"},{\"@type\":\"ListItem\",\"position\":2,\"name\":\"Poup\u00e9e objet deco co-branding produits d\u00e9rives designer\"}]},{\"@type\":\"WebSite\",\"@id\":\"https:\/\/littlebigdolls.com\/fr\/#website\",\"url\":\"https:\/\/littlebigdolls.com\/fr\/\",\"name\":\"LittleBigDolls | Art Toy with a Soul\",\"description\":\"Collection de poup\u00e9es de chiffon et de peluches \u00e0 l&#039;effigie d&#039;ic\u00f4nes culturelles et de personnages historiques. Cadeau original  - Objet d\u00e9co - Produits d\u00e9riv\u00e9s\",\"potentialAction\":[{\"@type\":\"SearchAction\",\"target\":{\"@type\":\"EntryPoint\",\"urlTemplate\":\"https:\/\/littlebigdolls.com\/fr\/?s={search_term_string}\"},\"query-input\":\"required name=search_term_string\"}],\"inLanguage\":\"fr-FR\"}]}<\/script>\n<!-- \/ Yoast SEO plugin. -->","yoast_head_json":{"title":"Poup\u00e9e | Peluche G\u00e9ante | MERCHANDISING CO-BRANDING","description":"Poup\u00e9e et peluche g\u00e9ante pour des projets en Co-Branding... Chanteurs, Acteurs, Sportifs, Artistes, Mus\u00e9es. Un objet d\u00e9co tendance pour tous les fans\u2026","robots":{"index":"index","follow":"follow","max-snippet":"max-snippet:-1","max-image-preview":"max-image-preview:large","max-video-preview":"max-video-preview:-1"},"canonical":"https:\/\/littlebigdolls.com\/fr\/poupee-objet-deco-co-branding-produits-derives-designer\/","og_locale":"fr_FR","og_type":"article","og_title":"Poup\u00e9e | Peluche G\u00e9ante | MERCHANDISING CO-BRANDING","og_description":"Poup\u00e9e et peluche g\u00e9ante pour des projets en Co-Branding... Chanteurs, Acteurs, Sportifs, Artistes, Mus\u00e9es. Un objet d\u00e9co tendance pour tous les fans\u2026","og_url":"https:\/\/littlebigdolls.com\/fr\/poupee-objet-deco-co-branding-produits-derives-designer\/","og_site_name":"LittleBigDolls | Art Toy with a Soul","article_modified_time":"2021-05-20T12:57:55+00:00","og_image":[{"width":3298,"height":695,"url":"https:\/\/littlebigdolls.com\/wp-content\/uploads\/2020\/01\/LittleBigDolls_logo.png","type":"image\/png"}],"twitter_card":"summary_large_image","schema":{"@context":"https:\/\/schema.org","@graph":[{"@type":"WebPage","@id":"https:\/\/littlebigdolls.com\/fr\/poupee-objet-deco-co-branding-produits-derives-designer\/","url":"https:\/\/littlebigdolls.com\/fr\/poupee-objet-deco-co-branding-produits-derives-designer\/","name":"Poup\u00e9e | Peluche G\u00e9ante | MERCHANDISING CO-BRANDING","isPartOf":{"@id":"https:\/\/littlebigdolls.com\/fr\/#website"},"datePublished":"2021-04-29T10:12:13+00:00","dateModified":"2021-05-20T12:57:55+00:00","description":"Poup\u00e9e et peluche g\u00e9ante pour des projets en Co-Branding... Chanteurs, Acteurs, Sportifs, Artistes, Mus\u00e9es. Un objet d\u00e9co tendance pour tous les fans\u2026","breadcrumb":{"@id":"https:\/\/littlebigdolls.com\/fr\/poupee-objet-deco-co-branding-produits-derives-designer\/#breadcrumb"},"inLanguage":"fr-FR","potentialAction":[{"@type":"ReadAction","target":["https:\/\/littlebigdolls.com\/fr\/poupee-objet-deco-co-branding-produits-derives-designer\/"]}]},{"@type":"BreadcrumbList","@id":"https:\/\/littlebigdolls.com\/fr\/poupee-objet-deco-co-branding-produits-derives-designer\/#breadcrumb","itemListElement":[{"@type":"ListItem","position":1,"name":"Home","item":"https:\/\/littlebigdolls.com\/fr\/"},{"@type":"ListItem","position":2,"name":"Poup\u00e9e objet deco co-branding produits d\u00e9rives designer"}]},{"@type":"WebSite","@id":"https:\/\/littlebigdolls.com\/fr\/#website","url":"https:\/\/littlebigdolls.com\/fr\/","name":"LittleBigDolls | Art Toy with a Soul","description":"Collection de poup\u00e9es de chiffon et de peluches \u00e0 l&#039;effigie d&#039;ic\u00f4nes culturelles et de personnages historiques. Cadeau original  - Objet d\u00e9co - Produits d\u00e9riv\u00e9s","potentialAction":[{"@type":"SearchAction","target":{"@type":"EntryPoint","urlTemplate":"https:\/\/littlebigdolls.com\/fr\/?s={search_term_string}"},"query-input":"required name=search_term_string"}],"inLanguage":"fr-FR"}]}},"_links":{"self":[{"href":"https:\/\/littlebigdolls.com\/fr\/wp-json\/wp\/v2\/pages\/42695"}],"collection":[{"href":"https:\/\/littlebigdolls.com\/fr\/wp-json\/wp\/v2\/pages"}],"about":[{"href":"https:\/\/littlebigdolls.com\/fr\/wp-json\/wp\/v2\/types\/page"}],"author":[{"embeddable":true,"href":"https:\/\/littlebigdolls.com\/fr\/wp-json\/wp\/v2\/users\/8"}],"replies":[{"embeddable":true,"href":"https:\/\/littlebigdolls.com\/fr\/wp-json\/wp\/v2\/comments?post=42695"}],"version-history":[{"count":16,"href":"https:\/\/littlebigdolls.com\/fr\/wp-json\/wp\/v2\/pages\/42695\/revisions"}],"predecessor-version":[{"id":45523,"href":"https:\/\/littlebigdolls.com\/fr\/wp-json\/wp\/v2\/pages\/42695\/revisions\/45523"}],"wp:featuredmedia":[{"embeddable":true,"href":"https:\/\/littlebigdolls.com\/fr\/wp-json\/wp\/v2\/media\/1137"}],"wp:attachment":[{"href":"https:\/\/littlebigdolls.com\/fr\/wp-json\/wp\/v2\/media?parent=42695"}],"wp:term":[{"taxonomy":"folder","embeddable":true,"href":"https:\/\/littlebigdolls.com\/fr\/wp-json\/wp\/v2\/folder?post=42695"}],"curies":[{"name":"wp","href":"https:\/\/api.w.org\/{rel}","templated":true}]}}