{"id":44717,"date":"2021-05-15T10:21:51","date_gmt":"2021-05-15T10:21:51","guid":{"rendered":"https:\/\/littlebigdolls.com\/?page_id=44717"},"modified":"2021-05-17T14:41:03","modified_gmt":"2021-05-17T14:41:03","slug":"utah-beach-poupee-peluche-produits-derives-musee-du-debarquement","status":"publish","type":"page","link":"https:\/\/littlebigdolls.com\/fr\/utah-beach-poupee-peluche-produits-derives-musee-du-debarquement\/","title":{"rendered":"UTAH BEACH cr\u00e9ation sur mesure de poup\u00e9e et de peluche g\u00e9ante en co branding merchandising"},"content":{"rendered":"\r\n\r\n\t<h1>D\u00c9COUVREZ LE\u00a0PARACHUSTISTE ET L&rsquo;INFIRMI\u00c8RE DE LA RED CROSS R\u00c9ALIS\u00c9ES POUR UN PROJET DE CO-BRANDING AVEC LE MUS\u00c9E UTAH BEACH&#8230;<\/h1>\r\n\t\t\t\t<img loading=\"lazy\" src=\"https:\/\/littlebigdolls.com\/wp-content\/uploads\/parachutiste-airborne-101-div-1.jpg\" alt=\"parachutiste airborne 101 div 1\" itemprop=\"image\" height=\"350\" width=\"300\" title=\"parachutiste airborne 101 div 1\" onerror=\"this.style.display='none'\"  \/>\r\n\t<h2> PARACHUTISTE 101 DIV<\/h2>\r\n\t<p>PARACHUTISTES DE LA 101EME AIRBORNE DIVISION, ENVIRON 6 500 HOMMES, LARGUES DE NUIT, LEURS MISSIONS \u00c9TAIENT DE PRENDRE LE CONTR\u00d4LE DES ROUTES ET DE PONTS. BEAUCOUP SE SONT NOY\u00c9S DANS LES MARAIS INOND\u00c9S. LEUR R\u00d4LE F\u00dbT ESSENTIEL AU SUCC\u00c8S DU D\u00c9BARQUEMENT DE \u00ab\u00a0UTAH BEACH\u00a0\u00bb..<\/p>\r\n\t<p>\u00ab RENDEZ VOUS AVEC LE DESTIN \u00bb<\/p>\r\n\t\t\t\t<a href=\"https:\/\/littlebigdolls.com\/fr\/poupee-de-chiffon\/parachutiste-us-101-airborne-poupee-de-chiffon-peluche\/\" target=\"_self\" itemprop=\"url\" rel=\"noopener noreferrer\">\r\n\t\t\t\t<img loading=\"lazy\" src=\"https:\/\/littlebigdolls.com\/wp-content\/uploads\/voir-plus2.png\" alt=\"D\u00e9couvrez !\" itemprop=\"image\" height=\"115\" width=\"417\" title=\"D\u00e9couvrez !\" onerror=\"this.style.display='none'\"  \/>\r\n\t\t\t\t<\/a>\r\n\t\t\t\t<img loading=\"lazy\" src=\"https:\/\/littlebigdolls.com\/wp-content\/uploads\/infirmiere-americaine-redcross-1.jpg\" alt=\"infirmiere americaine redcross 1\" itemprop=\"image\" height=\"350\" width=\"300\" title=\"infirmiere americaine redcross 1\" onerror=\"this.style.display='none'\"  \/>\r\n\t<h2>INFIRMI\u00c8RE RED CROSS<\/h2>\r\n\t<p>LES INFIRMI\u00c8RES AM\u00c9RICAINES DE LA RED CROSS AVAIENT POUR MISSION DE SOIGNER ET DE R\u00c9CONFORTER MORALEMENT LES SOLDATS BLESS\u00c9S. IL Y AVAIT ENVIRON 104 000 INFIRMI\u00c8RES ENGAG\u00c9ES PENDANT LA SECONDE GUERRE MONDIALE.<\/p>\r\n\t<p>\u00ab EMIDST WAR, CHARITY \u00bb<\/p>\r\n\t\t\t\t<a href=\"https:\/\/littlebigdolls.com\/fr\/poupee-de-chiffon\/infirmiere-red-cross-poupee-de-chiffon-peluche\/\" target=\"_self\" itemprop=\"url\" rel=\"noopener noreferrer\">\r\n\t\t\t\t<img loading=\"lazy\" src=\"https:\/\/littlebigdolls.com\/wp-content\/uploads\/voir-plus2.png\" alt=\"D\u00e9couvrez !\" itemprop=\"image\" height=\"115\" width=\"417\" title=\"D\u00e9couvrez !\" onerror=\"this.style.display='none'\"  \/>\r\n\t\t\t\t<\/a>\r\n\t<h2>DES QUESTIONS ?<br \/>\r\nC&rsquo;EST PAR ICI !<\/h2>\r\n\t\t\t\t<a href=\"\/fr\/contact\/\" target=\"_self\" itemprop=\"url\" rel=\"noopener noreferrer\">\r\n\t\t\t\t<img loading=\"lazy\" src=\"https:\/\/littlebigdolls.com\/wp-content\/uploads\/2020\/11\/contact-r.png\" alt=\"contact-r\" itemprop=\"image\" height=\"100\" width=\"305\" title=\"contact-r\" onerror=\"this.style.display='none'\"  \/>\r\n\t\t\t\t<\/a>\r\n\t\t\t\t<a href=\"\/fr\/contact\/\" target=\"_blank\" rel=\"noopener noreferrer\" itemprop=\"url\">\r\n\t\t\t\t<img loading=\"lazy\" src=\"https:\/\/littlebigdolls.com\/wp-content\/uploads\/2020\/11\/contact-r.png\" alt=\"contact-r\" itemprop=\"image\" height=\"100\" width=\"305\" title=\"contact-r\" onerror=\"this.style.display='none'\"  \/>\r\n\t\t\t\t<\/a>\r\n\r\n","protected":false},"excerpt":{"rendered":"<p>D\u00c9COUVREZ LE\u00a0PARACHUSTISTE ET L&rsquo;INFIRMI\u00c8RE DE LA RED CROSS R\u00c9ALIS\u00c9ES POUR UN PROJET DE CO-BRANDING AVEC LE MUS\u00c9E UTAH BEACH&#8230; PARACHUTISTE 101 DIV PARACHUTISTES DE LA 101EME AIRBORNE DIVISION, ENVIRON 6 500 HOMMES, LARGUES DE NUIT, LEURS MISSIONS \u00c9TAIENT DE PRENDRE LE CONTR\u00d4LE DES ROUTES ET DE PONTS. BEAUCOUP SE SONT NOY\u00c9S DANS LES MARAIS INOND\u00c9S. [&hellip;]<\/p>\n","protected":false},"author":8,"featured_media":42817,"parent":0,"menu_order":0,"comment_status":"closed","ping_status":"closed","template":"page-builder.php","meta":{"inline_featured_image":false,"_genesis_hide_title":false,"_genesis_hide_breadcrumbs":false,"_genesis_hide_singular_image":false,"_genesis_hide_footer_widgets":false,"_genesis_custom_body_class":"","_genesis_custom_post_class":"","_genesis_layout":""},"folder":[214],"yoast_head":"<!-- This site is optimized with the Yoast SEO plugin v20.6 - https:\/\/yoast.com\/wordpress\/plugins\/seo\/ -->\n<title>UTAH BEACH | Poup\u00e9e | Peluche g\u00e9ante | Merchandising<\/title>\n<meta name=\"description\" content=\"Poup\u00e9e personnalis\u00e9e d&#039;un parachutiste et d&#039;une infirmi\u00e8re. Objet d\u00e9co, Art Toy, Poup\u00e9e de chiffon, peluche, personnage c\u00e9l\u00e8bre, produits d\u00e9riv\u00e9s, merchandising...\" \/>\n<meta name=\"robots\" content=\"index, follow, max-snippet:-1, max-image-preview:large, max-video-preview:-1\" \/>\n<link rel=\"canonical\" href=\"https:\/\/littlebigdolls.com\/fr\/utah-beach-poupee-peluche-produits-derives-musee-du-debarquement\/\" \/>\n<meta property=\"og:locale\" content=\"fr_FR\" \/>\n<meta property=\"og:type\" content=\"article\" \/>\n<meta property=\"og:title\" content=\"UTAH BEACH | Poup\u00e9e | Peluche g\u00e9ante | Merchandising\" \/>\n<meta property=\"og:description\" content=\"Poup\u00e9e personnalis\u00e9e d&#039;un parachutiste et d&#039;une infirmi\u00e8re. Objet d\u00e9co, Art Toy, Poup\u00e9e de chiffon, peluche, personnage c\u00e9l\u00e8bre, produits d\u00e9riv\u00e9s, merchandising...\" \/>\n<meta property=\"og:url\" content=\"https:\/\/littlebigdolls.com\/fr\/utah-beach-poupee-peluche-produits-derives-musee-du-debarquement\/\" \/>\n<meta property=\"og:site_name\" content=\"LittleBigDolls | Art Toy with a Soul\" \/>\n<meta property=\"article:modified_time\" content=\"2021-05-17T14:41:03+00:00\" \/>\n<meta property=\"og:image\" content=\"https:\/\/littlebigdolls.com\/wp-content\/uploads\/utah-beach.jpg\" \/>\n\t<meta property=\"og:image:width\" content=\"400\" \/>\n\t<meta property=\"og:image:height\" content=\"283\" \/>\n\t<meta property=\"og:image:type\" content=\"image\/jpeg\" \/>\n<meta name=\"twitter:card\" content=\"summary_large_image\" \/>\n<meta name=\"twitter:label1\" content=\"Dur\u00e9e de lecture estim\u00e9e\" \/>\n\t<meta name=\"twitter:data1\" content=\"1 minute\" \/>\n<script type=\"application\/ld+json\" class=\"yoast-schema-graph\">{\"@context\":\"https:\/\/schema.org\",\"@graph\":[{\"@type\":\"WebPage\",\"@id\":\"https:\/\/littlebigdolls.com\/fr\/utah-beach-poupee-peluche-produits-derives-musee-du-debarquement\/\",\"url\":\"https:\/\/littlebigdolls.com\/fr\/utah-beach-poupee-peluche-produits-derives-musee-du-debarquement\/\",\"name\":\"UTAH BEACH | Poup\u00e9e | Peluche g\u00e9ante | Merchandising\",\"isPartOf\":{\"@id\":\"https:\/\/littlebigdolls.com\/fr\/#website\"},\"datePublished\":\"2021-05-15T10:21:51+00:00\",\"dateModified\":\"2021-05-17T14:41:03+00:00\",\"description\":\"Poup\u00e9e personnalis\u00e9e d'un parachutiste et d'une infirmi\u00e8re. Objet d\u00e9co, Art Toy, Poup\u00e9e de chiffon, peluche, personnage c\u00e9l\u00e8bre, produits d\u00e9riv\u00e9s, merchandising...\",\"breadcrumb\":{\"@id\":\"https:\/\/littlebigdolls.com\/fr\/utah-beach-poupee-peluche-produits-derives-musee-du-debarquement\/#breadcrumb\"},\"inLanguage\":\"fr-FR\",\"potentialAction\":[{\"@type\":\"ReadAction\",\"target\":[\"https:\/\/littlebigdolls.com\/fr\/utah-beach-poupee-peluche-produits-derives-musee-du-debarquement\/\"]}]},{\"@type\":\"BreadcrumbList\",\"@id\":\"https:\/\/littlebigdolls.com\/fr\/utah-beach-poupee-peluche-produits-derives-musee-du-debarquement\/#breadcrumb\",\"itemListElement\":[{\"@type\":\"ListItem\",\"position\":1,\"name\":\"Home\",\"item\":\"https:\/\/littlebigdolls.com\/fr\/\"},{\"@type\":\"ListItem\",\"position\":2,\"name\":\"UTAH BEACH cr\u00e9ation sur mesure de poup\u00e9e et de peluche g\u00e9ante en co branding merchandising\"}]},{\"@type\":\"WebSite\",\"@id\":\"https:\/\/littlebigdolls.com\/fr\/#website\",\"url\":\"https:\/\/littlebigdolls.com\/fr\/\",\"name\":\"LittleBigDolls | Art Toy with a Soul\",\"description\":\"Collection de poup\u00e9es de chiffon et de peluches \u00e0 l&#039;effigie d&#039;ic\u00f4nes culturelles et de personnages historiques. Cadeau original  - Objet d\u00e9co - Produits d\u00e9riv\u00e9s\",\"potentialAction\":[{\"@type\":\"SearchAction\",\"target\":{\"@type\":\"EntryPoint\",\"urlTemplate\":\"https:\/\/littlebigdolls.com\/fr\/?s={search_term_string}\"},\"query-input\":\"required name=search_term_string\"}],\"inLanguage\":\"fr-FR\"}]}<\/script>\n<!-- \/ Yoast SEO plugin. -->","yoast_head_json":{"title":"UTAH BEACH | Poup\u00e9e | Peluche g\u00e9ante | Merchandising","description":"Poup\u00e9e personnalis\u00e9e d'un parachutiste et d'une infirmi\u00e8re. Objet d\u00e9co, Art Toy, Poup\u00e9e de chiffon, peluche, personnage c\u00e9l\u00e8bre, produits d\u00e9riv\u00e9s, merchandising...","robots":{"index":"index","follow":"follow","max-snippet":"max-snippet:-1","max-image-preview":"max-image-preview:large","max-video-preview":"max-video-preview:-1"},"canonical":"https:\/\/littlebigdolls.com\/fr\/utah-beach-poupee-peluche-produits-derives-musee-du-debarquement\/","og_locale":"fr_FR","og_type":"article","og_title":"UTAH BEACH | Poup\u00e9e | Peluche g\u00e9ante | Merchandising","og_description":"Poup\u00e9e personnalis\u00e9e d'un parachutiste et d'une infirmi\u00e8re. Objet d\u00e9co, Art Toy, Poup\u00e9e de chiffon, peluche, personnage c\u00e9l\u00e8bre, produits d\u00e9riv\u00e9s, merchandising...","og_url":"https:\/\/littlebigdolls.com\/fr\/utah-beach-poupee-peluche-produits-derives-musee-du-debarquement\/","og_site_name":"LittleBigDolls | Art Toy with a Soul","article_modified_time":"2021-05-17T14:41:03+00:00","og_image":[{"width":400,"height":283,"url":"https:\/\/littlebigdolls.com\/wp-content\/uploads\/utah-beach.jpg","type":"image\/jpeg"}],"twitter_card":"summary_large_image","twitter_misc":{"Dur\u00e9e de lecture estim\u00e9e":"1 minute"},"schema":{"@context":"https:\/\/schema.org","@graph":[{"@type":"WebPage","@id":"https:\/\/littlebigdolls.com\/fr\/utah-beach-poupee-peluche-produits-derives-musee-du-debarquement\/","url":"https:\/\/littlebigdolls.com\/fr\/utah-beach-poupee-peluche-produits-derives-musee-du-debarquement\/","name":"UTAH BEACH | Poup\u00e9e | Peluche g\u00e9ante | Merchandising","isPartOf":{"@id":"https:\/\/littlebigdolls.com\/fr\/#website"},"datePublished":"2021-05-15T10:21:51+00:00","dateModified":"2021-05-17T14:41:03+00:00","description":"Poup\u00e9e personnalis\u00e9e d'un parachutiste et d'une infirmi\u00e8re. Objet d\u00e9co, Art Toy, Poup\u00e9e de chiffon, peluche, personnage c\u00e9l\u00e8bre, produits d\u00e9riv\u00e9s, merchandising...","breadcrumb":{"@id":"https:\/\/littlebigdolls.com\/fr\/utah-beach-poupee-peluche-produits-derives-musee-du-debarquement\/#breadcrumb"},"inLanguage":"fr-FR","potentialAction":[{"@type":"ReadAction","target":["https:\/\/littlebigdolls.com\/fr\/utah-beach-poupee-peluche-produits-derives-musee-du-debarquement\/"]}]},{"@type":"BreadcrumbList","@id":"https:\/\/littlebigdolls.com\/fr\/utah-beach-poupee-peluche-produits-derives-musee-du-debarquement\/#breadcrumb","itemListElement":[{"@type":"ListItem","position":1,"name":"Home","item":"https:\/\/littlebigdolls.com\/fr\/"},{"@type":"ListItem","position":2,"name":"UTAH BEACH cr\u00e9ation sur mesure de poup\u00e9e et de peluche g\u00e9ante en co branding merchandising"}]},{"@type":"WebSite","@id":"https:\/\/littlebigdolls.com\/fr\/#website","url":"https:\/\/littlebigdolls.com\/fr\/","name":"LittleBigDolls | Art Toy with a Soul","description":"Collection de poup\u00e9es de chiffon et de peluches \u00e0 l&#039;effigie d&#039;ic\u00f4nes culturelles et de personnages historiques. Cadeau original  - Objet d\u00e9co - Produits d\u00e9riv\u00e9s","potentialAction":[{"@type":"SearchAction","target":{"@type":"EntryPoint","urlTemplate":"https:\/\/littlebigdolls.com\/fr\/?s={search_term_string}"},"query-input":"required name=search_term_string"}],"inLanguage":"fr-FR"}]}},"_links":{"self":[{"href":"https:\/\/littlebigdolls.com\/fr\/wp-json\/wp\/v2\/pages\/44717"}],"collection":[{"href":"https:\/\/littlebigdolls.com\/fr\/wp-json\/wp\/v2\/pages"}],"about":[{"href":"https:\/\/littlebigdolls.com\/fr\/wp-json\/wp\/v2\/types\/page"}],"author":[{"embeddable":true,"href":"https:\/\/littlebigdolls.com\/fr\/wp-json\/wp\/v2\/users\/8"}],"replies":[{"embeddable":true,"href":"https:\/\/littlebigdolls.com\/fr\/wp-json\/wp\/v2\/comments?post=44717"}],"version-history":[{"count":2,"href":"https:\/\/littlebigdolls.com\/fr\/wp-json\/wp\/v2\/pages\/44717\/revisions"}],"predecessor-version":[{"id":44722,"href":"https:\/\/littlebigdolls.com\/fr\/wp-json\/wp\/v2\/pages\/44717\/revisions\/44722"}],"wp:featuredmedia":[{"embeddable":true,"href":"https:\/\/littlebigdolls.com\/fr\/wp-json\/wp\/v2\/media\/42817"}],"wp:attachment":[{"href":"https:\/\/littlebigdolls.com\/fr\/wp-json\/wp\/v2\/media?parent=44717"}],"wp:term":[{"taxonomy":"folder","embeddable":true,"href":"https:\/\/littlebigdolls.com\/fr\/wp-json\/wp\/v2\/folder?post=44717"}],"curies":[{"name":"wp","href":"https:\/\/api.w.org\/{rel}","templated":true}]}}