{"id":44886,"date":"2021-05-17T13:20:05","date_gmt":"2021-05-17T13:20:05","guid":{"rendered":"https:\/\/littlebigdolls.com\/?page_id=44886"},"modified":"2021-05-17T14:36:49","modified_gmt":"2021-05-17T14:36:49","slug":"sportifs-footballeurs-poupee-peluche-produits-derives-sportifs-celebres","status":"publish","type":"page","link":"https:\/\/littlebigdolls.com\/fr\/sportifs-footballeurs-poupee-peluche-produits-derives-sportifs-celebres\/","title":{"rendered":"SPORTIFS ET FOOTBALLEURS C\u00c9L\u00c8BRES cr\u00e9ation sur mesure de poup\u00e9e et de peluche g\u00e9ante merchandising"},"content":{"rendered":"\n\n\t<h1>CR\u00c9ATION DE POUP\u00c9E SUR MESURE <br \/>\nDE  SPORTIFS ET DE FOOTBALLEURS &#8230;<\/h1>\n\t\t\t\t<img loading=\"lazy\" src=\"https:\/\/littlebigdolls.com\/wp-content\/uploads\/lionel-messi.jpg\" alt=\"lionel-messi\" itemprop=\"image\" height=\"350\" width=\"300\" title=\"lionel-messi\" onerror=\"this.style.display='none'\"  \/>\n\t<h2>LIONEL MESSI<\/h2>\n\t<p>FOOTBALLEUR INTERNATIONAL ARGENTIN JOUANT COMME ATTAQUANT POUR LE FC BARCELONE N\u00c9 LE 24 JUIN 1987 \u00c0 ROSARIO, ARGENTINE.<\/p>\n\t<p>\u00ab LES BUTS NE SONT IMPORTANTS QUE S&rsquo;ILS PERMETTENT DE GAGNER DES MATCHS \u00bb<\/p>\n\t\t\t\t<a href=\"https:\/\/littlebigdolls.com\/fr\/poupee-de-chiffon\/infirmiere-red-cross-poupee-de-chiffon-peluche\/\" target=\"_self\" itemprop=\"url\" rel=\"noopener noreferrer\">\n\t\t\t\t<img loading=\"lazy\" src=\"https:\/\/littlebigdolls.com\/wp-content\/uploads\/voir-plus2.png\" alt=\"D\u00e9couvrez !\" itemprop=\"image\" height=\"115\" width=\"417\" title=\"D\u00e9couvrez !\" onerror=\"this.style.display='none'\"  \/>\n\t\t\t\t<\/a>\n\t\t\t\t<img loading=\"lazy\" src=\"https:\/\/littlebigdolls.com\/wp-content\/uploads\/david-beckam.jpg\" alt=\"david-beckam\" itemprop=\"image\" height=\"350\" width=\"300\" title=\"david-beckam\" onerror=\"this.style.display='none'\"  \/>\n\t<h2>DAVID BECKHAM<\/h2>\n\t<p>FOOTBALLEUR INTERNATIONAL ANGLAIS JOUANT COMME MILIEU DE TERRAIN POUR MANCHESTER UNITED, N\u00c9 LE 2 MAI 1975 \u00c0 LEYTONSTONE, ANGLETERRE <\/p>\n\t<p>\u00ab LE FOOTBALL EST UN JEU MAGIQUE \u00bb<\/p>\n\t\t\t\t<a href=\"https:\/\/littlebigdolls.com\/fr\/david-beckham-poupee-peluche-geante-merchandising\/\" target=\"_self\" itemprop=\"url\" rel=\"noopener noreferrer\">\n\t\t\t\t<img loading=\"lazy\" src=\"https:\/\/littlebigdolls.com\/wp-content\/uploads\/voir-plus2.png\" alt=\"D\u00e9couvrez !\" itemprop=\"image\" height=\"115\" width=\"417\" title=\"D\u00e9couvrez !\" onerror=\"this.style.display='none'\"  \/>\n\t\t\t\t<\/a>\n\t\t\t\t<img loading=\"lazy\" src=\"https:\/\/littlebigdolls.com\/wp-content\/uploads\/zlatan-ibrahimovic.jpg\" alt=\"zlatan-ibrahimovic\" itemprop=\"image\" height=\"350\" width=\"300\" title=\"zlatan-ibrahimovic\" onerror=\"this.style.display='none'\"  \/>\n\t<h2>ZLATAN IBRAHIMOVIC<\/h2>\n\t<p>FOOTBALLEUR INTERNATIONAL SU\u00c9DOIS CONSID\u00c9R\u00c9 COMME L&rsquo;UN DES MEILLEURS ATTAQUANTS DE SA G\u00c9N\u00c9RATION<\/p>\n\t<p>\u00ab RETENEZ BIEN MON NOM. JE M&rsquo;APPELLE ZLATAN IBRAHIMOVIC ET JE VAIS DEVENIR LE MEILLEUR JOUEUR DU MONDE. \u00bb<\/p>\n\t\t\t\t<a href=\"https:\/\/littlebigdolls.com\/fr\/zlatan-ibrahimovic-poupee-peluche-geante-merchandising\/\" target=\"_self\" itemprop=\"url\" rel=\"noopener noreferrer\">\n\t\t\t\t<img loading=\"lazy\" src=\"https:\/\/littlebigdolls.com\/wp-content\/uploads\/voir-plus2.png\" alt=\"D\u00e9couvrez !\" itemprop=\"image\" height=\"115\" width=\"417\" title=\"D\u00e9couvrez !\" onerror=\"this.style.display='none'\"  \/>\n\t\t\t\t<\/a>\n\t\t\t\t<img loading=\"lazy\" src=\"https:\/\/littlebigdolls.com\/wp-content\/uploads\/edson-arantes-pele.jpg\" alt=\"edson-arantes-pele\" itemprop=\"image\" height=\"350\" width=\"300\" title=\"edson-arantes-pele\" onerror=\"this.style.display='none'\"  \/>\n\t<h2>EDSON ARANTES<\/h2>\n\t<p>FOOTBALLEUR BR\u00c9SILIEN PLUS CONNU SOUS LE NOM DE PEL\u00c9 CONSID\u00c9R\u00c9 COMME LE PLUS GRAND JOUEUR DE FOOTBALL DE L&rsquo;HISTOIRE, , N\u00c9 LE 23 OCTOBRE 1940 \u00c0 TR\u00caS CORA\u00c7\u00d5ES, BR\u00c9SIL.<\/p>\n\t<p>\u00ab CELUI QUI PENSE QUE LA VICTOIRE NE COMPTE PAS NE GAGNERA JAMAIS RIEN \u00bb<\/p>\n\t\t\t\t<a href=\"https:\/\/littlebigdolls.com\/fr\/edson-arantes-do-nascimento-pele-poupee-peluche-geante-merchandising\/\" target=\"_self\" itemprop=\"url\" rel=\"noopener noreferrer\">\n\t\t\t\t<img loading=\"lazy\" src=\"https:\/\/littlebigdolls.com\/wp-content\/uploads\/voir-plus2.png\" alt=\"D\u00e9couvrez !\" itemprop=\"image\" height=\"115\" width=\"417\" title=\"D\u00e9couvrez !\" onerror=\"this.style.display='none'\"  \/>\n\t\t\t\t<\/a>\n\t\t\t\t<img loading=\"lazy\" src=\"https:\/\/littlebigdolls.com\/wp-content\/uploads\/michael-jordan.jpg\" alt=\"michael-jordan\" itemprop=\"image\" height=\"350\" width=\"300\" title=\"michael-jordan\" onerror=\"this.style.display='none'\"  \/>\n\t<h2>MICHAEL JORDAN<\/h2>\n\t<p>JOUEUR DE BASKET-BALL PROFESSIONNEL AM\u00c9RICAIN N\u00c9 EN 1963 \u00c0 BROOKLYN, NEW YORK<\/p>\n\t<p>\u00ab SI TU ABANDONNES UNE FOIS, CELA PEUT DEVENIR UNE HABITUDE. N&rsquo;ABANDONNE JAMAIS \u00bb<\/p>\n\t\t\t\t<a href=\"https:\/\/littlebigdolls.com\/fr\/michael-jordan-poupee-peluche-geante-merchandising\/\" target=\"_self\" itemprop=\"url\" rel=\"noopener noreferrer\">\n\t\t\t\t<img loading=\"lazy\" src=\"https:\/\/littlebigdolls.com\/wp-content\/uploads\/voir-plus2.png\" alt=\"D\u00e9couvrez !\" itemprop=\"image\" height=\"115\" width=\"417\" title=\"D\u00e9couvrez !\" onerror=\"this.style.display='none'\"  \/>\n\t\t\t\t<\/a>\n\t<h2>DES QUESTIONS ?<br \/>\nC&rsquo;EST PAR ICI !<\/h2>\n\t\t\t\t<a href=\"\/fr\/contact\/\" target=\"_self\" itemprop=\"url\" rel=\"noopener noreferrer\">\n\t\t\t\t<img loading=\"lazy\" src=\"https:\/\/littlebigdolls.com\/wp-content\/uploads\/2020\/11\/contact-r.png\" alt=\"contact-r\" itemprop=\"image\" height=\"100\" width=\"305\" title=\"contact-r\" onerror=\"this.style.display='none'\"  \/>\n\t\t\t\t<\/a>\n\t\t\t\t<a href=\"\/fr\/contact\/\" target=\"_blank\" rel=\"noopener noreferrer\" itemprop=\"url\">\n\t\t\t\t<img loading=\"lazy\" src=\"https:\/\/littlebigdolls.com\/wp-content\/uploads\/2020\/11\/contact-r.png\" alt=\"contact-r\" itemprop=\"image\" height=\"100\" width=\"305\" title=\"contact-r\" onerror=\"this.style.display='none'\"  \/>\n\t\t\t\t<\/a>\n\n","protected":false},"excerpt":{"rendered":"<p>CR\u00c9ATION DE POUP\u00c9E SUR MESURE DE SPORTIFS ET DE FOOTBALLEURS &#8230; LIONEL MESSI FOOTBALLEUR INTERNATIONAL ARGENTIN JOUANT COMME ATTAQUANT POUR LE FC BARCELONE N\u00c9 LE 24 JUIN 1987 \u00c0 ROSARIO, ARGENTINE. \u00ab LES BUTS NE SONT IMPORTANTS QUE S&rsquo;ILS PERMETTENT DE GAGNER DES MATCHS \u00bb DAVID BECKHAM FOOTBALLEUR INTERNATIONAL ANGLAIS JOUANT COMME MILIEU DE TERRAIN [&hellip;]<\/p>\n","protected":false},"author":8,"featured_media":1137,"parent":0,"menu_order":0,"comment_status":"closed","ping_status":"closed","template":"page-builder.php","meta":{"inline_featured_image":false,"_genesis_hide_title":false,"_genesis_hide_breadcrumbs":false,"_genesis_hide_singular_image":false,"_genesis_hide_footer_widgets":false,"_genesis_custom_body_class":"","_genesis_custom_post_class":"","_genesis_layout":""},"folder":[214],"yoast_head":"<!-- This site is optimized with the Yoast SEO plugin v20.6 - https:\/\/yoast.com\/wordpress\/plugins\/seo\/ -->\n<title>SPORTIFS FOOTBALLEURS | Poup\u00e9e | Peluche g\u00e9ante | Merchandising<\/title>\n<meta name=\"description\" content=\"Poup\u00e9e de footballeurs et de sportifs. Objet d\u00e9co, Art Toy, Poup\u00e9e de chiffon, peluche, personnage c\u00e9l\u00e8bre, produits d\u00e9riv\u00e9s, merchandising...\" \/>\n<meta name=\"robots\" content=\"index, follow, max-snippet:-1, max-image-preview:large, max-video-preview:-1\" \/>\n<link rel=\"canonical\" href=\"https:\/\/littlebigdolls.com\/fr\/sportifs-footballeurs-poupee-peluche-produits-derives-sportifs-celebres\/\" \/>\n<meta property=\"og:locale\" content=\"fr_FR\" \/>\n<meta property=\"og:type\" content=\"article\" \/>\n<meta property=\"og:title\" content=\"SPORTIFS FOOTBALLEURS | Poup\u00e9e | Peluche g\u00e9ante | Merchandising\" \/>\n<meta property=\"og:description\" content=\"Poup\u00e9e de footballeurs et de sportifs. Objet d\u00e9co, Art Toy, Poup\u00e9e de chiffon, peluche, personnage c\u00e9l\u00e8bre, produits d\u00e9riv\u00e9s, merchandising...\" \/>\n<meta property=\"og:url\" content=\"https:\/\/littlebigdolls.com\/fr\/sportifs-footballeurs-poupee-peluche-produits-derives-sportifs-celebres\/\" \/>\n<meta property=\"og:site_name\" content=\"LittleBigDolls | Art Toy with a Soul\" \/>\n<meta property=\"article:modified_time\" content=\"2021-05-17T14:36:49+00:00\" \/>\n<meta property=\"og:image\" content=\"https:\/\/littlebigdolls.com\/wp-content\/uploads\/2020\/01\/LittleBigDolls_logo.png\" \/>\n\t<meta property=\"og:image:width\" content=\"3298\" \/>\n\t<meta property=\"og:image:height\" content=\"695\" \/>\n\t<meta property=\"og:image:type\" content=\"image\/png\" \/>\n<meta name=\"twitter:card\" content=\"summary_large_image\" \/>\n<meta name=\"twitter:label1\" content=\"Dur\u00e9e de lecture estim\u00e9e\" \/>\n\t<meta name=\"twitter:data1\" content=\"1 minute\" \/>\n<script type=\"application\/ld+json\" class=\"yoast-schema-graph\">{\"@context\":\"https:\/\/schema.org\",\"@graph\":[{\"@type\":\"WebPage\",\"@id\":\"https:\/\/littlebigdolls.com\/fr\/sportifs-footballeurs-poupee-peluche-produits-derives-sportifs-celebres\/\",\"url\":\"https:\/\/littlebigdolls.com\/fr\/sportifs-footballeurs-poupee-peluche-produits-derives-sportifs-celebres\/\",\"name\":\"SPORTIFS FOOTBALLEURS | Poup\u00e9e | Peluche g\u00e9ante | Merchandising\",\"isPartOf\":{\"@id\":\"https:\/\/littlebigdolls.com\/fr\/#website\"},\"datePublished\":\"2021-05-17T13:20:05+00:00\",\"dateModified\":\"2021-05-17T14:36:49+00:00\",\"description\":\"Poup\u00e9e de footballeurs et de sportifs. Objet d\u00e9co, Art Toy, Poup\u00e9e de chiffon, peluche, personnage c\u00e9l\u00e8bre, produits d\u00e9riv\u00e9s, merchandising...\",\"breadcrumb\":{\"@id\":\"https:\/\/littlebigdolls.com\/fr\/sportifs-footballeurs-poupee-peluche-produits-derives-sportifs-celebres\/#breadcrumb\"},\"inLanguage\":\"fr-FR\",\"potentialAction\":[{\"@type\":\"ReadAction\",\"target\":[\"https:\/\/littlebigdolls.com\/fr\/sportifs-footballeurs-poupee-peluche-produits-derives-sportifs-celebres\/\"]}]},{\"@type\":\"BreadcrumbList\",\"@id\":\"https:\/\/littlebigdolls.com\/fr\/sportifs-footballeurs-poupee-peluche-produits-derives-sportifs-celebres\/#breadcrumb\",\"itemListElement\":[{\"@type\":\"ListItem\",\"position\":1,\"name\":\"Home\",\"item\":\"https:\/\/littlebigdolls.com\/fr\/\"},{\"@type\":\"ListItem\",\"position\":2,\"name\":\"SPORTIFS ET FOOTBALLEURS C\u00c9L\u00c8BRES cr\u00e9ation sur mesure de poup\u00e9e et de peluche g\u00e9ante merchandising\"}]},{\"@type\":\"WebSite\",\"@id\":\"https:\/\/littlebigdolls.com\/fr\/#website\",\"url\":\"https:\/\/littlebigdolls.com\/fr\/\",\"name\":\"LittleBigDolls | Art Toy with a Soul\",\"description\":\"Collection de poup\u00e9es de chiffon et de peluches \u00e0 l&#039;effigie d&#039;ic\u00f4nes culturelles et de personnages historiques. Cadeau original  - Objet d\u00e9co - Produits d\u00e9riv\u00e9s\",\"potentialAction\":[{\"@type\":\"SearchAction\",\"target\":{\"@type\":\"EntryPoint\",\"urlTemplate\":\"https:\/\/littlebigdolls.com\/fr\/?s={search_term_string}\"},\"query-input\":\"required name=search_term_string\"}],\"inLanguage\":\"fr-FR\"}]}<\/script>\n<!-- \/ Yoast SEO plugin. -->","yoast_head_json":{"title":"SPORTIFS FOOTBALLEURS | Poup\u00e9e | Peluche g\u00e9ante | Merchandising","description":"Poup\u00e9e de footballeurs et de sportifs. Objet d\u00e9co, Art Toy, Poup\u00e9e de chiffon, peluche, personnage c\u00e9l\u00e8bre, produits d\u00e9riv\u00e9s, merchandising...","robots":{"index":"index","follow":"follow","max-snippet":"max-snippet:-1","max-image-preview":"max-image-preview:large","max-video-preview":"max-video-preview:-1"},"canonical":"https:\/\/littlebigdolls.com\/fr\/sportifs-footballeurs-poupee-peluche-produits-derives-sportifs-celebres\/","og_locale":"fr_FR","og_type":"article","og_title":"SPORTIFS FOOTBALLEURS | Poup\u00e9e | Peluche g\u00e9ante | Merchandising","og_description":"Poup\u00e9e de footballeurs et de sportifs. Objet d\u00e9co, Art Toy, Poup\u00e9e de chiffon, peluche, personnage c\u00e9l\u00e8bre, produits d\u00e9riv\u00e9s, merchandising...","og_url":"https:\/\/littlebigdolls.com\/fr\/sportifs-footballeurs-poupee-peluche-produits-derives-sportifs-celebres\/","og_site_name":"LittleBigDolls | Art Toy with a Soul","article_modified_time":"2021-05-17T14:36:49+00:00","og_image":[{"width":3298,"height":695,"url":"https:\/\/littlebigdolls.com\/wp-content\/uploads\/2020\/01\/LittleBigDolls_logo.png","type":"image\/png"}],"twitter_card":"summary_large_image","twitter_misc":{"Dur\u00e9e de lecture estim\u00e9e":"1 minute"},"schema":{"@context":"https:\/\/schema.org","@graph":[{"@type":"WebPage","@id":"https:\/\/littlebigdolls.com\/fr\/sportifs-footballeurs-poupee-peluche-produits-derives-sportifs-celebres\/","url":"https:\/\/littlebigdolls.com\/fr\/sportifs-footballeurs-poupee-peluche-produits-derives-sportifs-celebres\/","name":"SPORTIFS FOOTBALLEURS | Poup\u00e9e | Peluche g\u00e9ante | Merchandising","isPartOf":{"@id":"https:\/\/littlebigdolls.com\/fr\/#website"},"datePublished":"2021-05-17T13:20:05+00:00","dateModified":"2021-05-17T14:36:49+00:00","description":"Poup\u00e9e de footballeurs et de sportifs. Objet d\u00e9co, Art Toy, Poup\u00e9e de chiffon, peluche, personnage c\u00e9l\u00e8bre, produits d\u00e9riv\u00e9s, merchandising...","breadcrumb":{"@id":"https:\/\/littlebigdolls.com\/fr\/sportifs-footballeurs-poupee-peluche-produits-derives-sportifs-celebres\/#breadcrumb"},"inLanguage":"fr-FR","potentialAction":[{"@type":"ReadAction","target":["https:\/\/littlebigdolls.com\/fr\/sportifs-footballeurs-poupee-peluche-produits-derives-sportifs-celebres\/"]}]},{"@type":"BreadcrumbList","@id":"https:\/\/littlebigdolls.com\/fr\/sportifs-footballeurs-poupee-peluche-produits-derives-sportifs-celebres\/#breadcrumb","itemListElement":[{"@type":"ListItem","position":1,"name":"Home","item":"https:\/\/littlebigdolls.com\/fr\/"},{"@type":"ListItem","position":2,"name":"SPORTIFS ET FOOTBALLEURS C\u00c9L\u00c8BRES cr\u00e9ation sur mesure de poup\u00e9e et de peluche g\u00e9ante merchandising"}]},{"@type":"WebSite","@id":"https:\/\/littlebigdolls.com\/fr\/#website","url":"https:\/\/littlebigdolls.com\/fr\/","name":"LittleBigDolls | Art Toy with a Soul","description":"Collection de poup\u00e9es de chiffon et de peluches \u00e0 l&#039;effigie d&#039;ic\u00f4nes culturelles et de personnages historiques. Cadeau original  - Objet d\u00e9co - Produits d\u00e9riv\u00e9s","potentialAction":[{"@type":"SearchAction","target":{"@type":"EntryPoint","urlTemplate":"https:\/\/littlebigdolls.com\/fr\/?s={search_term_string}"},"query-input":"required name=search_term_string"}],"inLanguage":"fr-FR"}]}},"_links":{"self":[{"href":"https:\/\/littlebigdolls.com\/fr\/wp-json\/wp\/v2\/pages\/44886"}],"collection":[{"href":"https:\/\/littlebigdolls.com\/fr\/wp-json\/wp\/v2\/pages"}],"about":[{"href":"https:\/\/littlebigdolls.com\/fr\/wp-json\/wp\/v2\/types\/page"}],"author":[{"embeddable":true,"href":"https:\/\/littlebigdolls.com\/fr\/wp-json\/wp\/v2\/users\/8"}],"replies":[{"embeddable":true,"href":"https:\/\/littlebigdolls.com\/fr\/wp-json\/wp\/v2\/comments?post=44886"}],"version-history":[{"count":7,"href":"https:\/\/littlebigdolls.com\/fr\/wp-json\/wp\/v2\/pages\/44886\/revisions"}],"predecessor-version":[{"id":44918,"href":"https:\/\/littlebigdolls.com\/fr\/wp-json\/wp\/v2\/pages\/44886\/revisions\/44918"}],"wp:featuredmedia":[{"embeddable":true,"href":"https:\/\/littlebigdolls.com\/fr\/wp-json\/wp\/v2\/media\/1137"}],"wp:attachment":[{"href":"https:\/\/littlebigdolls.com\/fr\/wp-json\/wp\/v2\/media?parent=44886"}],"wp:term":[{"taxonomy":"folder","embeddable":true,"href":"https:\/\/littlebigdolls.com\/fr\/wp-json\/wp\/v2\/folder?post=44886"}],"curies":[{"name":"wp","href":"https:\/\/api.w.org\/{rel}","templated":true}]}}