{"id":45036,"date":"2021-05-18T16:40:59","date_gmt":"2021-05-18T16:40:59","guid":{"rendered":"https:\/\/littlebigdolls.com\/?page_id=45036"},"modified":"2021-05-19T17:20:38","modified_gmt":"2021-05-19T17:20:38","slug":"poupee-peluche-produits-derives-acteurs-blockbuster","status":"publish","type":"page","link":"https:\/\/littlebigdolls.com\/fr\/poupee-peluche-produits-derives-acteurs-blockbuster\/","title":{"rendered":"ACTEURS ET PERSONNAGES DE FILMS C\u00c9L\u00c8BRES cr\u00e9ation sur mesure de poup\u00e9e et de peluche g\u00e9ante merchandising"},"content":{"rendered":"\r\n\r\n\t<h1>CREATION DE POUP\u00c9E SUR MESURE D&rsquo;ACTEURS ET DE PERSONNAGES DE FILM &#8230;<\/h1>\r\n\t\t\t\t<img loading=\"lazy\" src=\"https:\/\/littlebigdolls.com\/wp-content\/uploads\/gandalf-seigneur-des-anneaux.jpg\" alt=\"gandalf-seigneur-des -anneaux\" itemprop=\"image\" height=\"350\" width=\"300\" title=\"gandalf-seigneur-des -anneaux\" onerror=\"this.style.display='none'\"  \/>\r\n\t<h2>  GANDALF LE GRIS<\/h2>\r\n\t<p>PERSONNAGE DE FICTION DE LA TRILOGIE LE SEIGNEUR DES ANNEAUX APPARTENANT AU L\u00c9GENDAIRE DE L&rsquo;\u00c9CRIVAIN BRITANNIQUE J. R. R. TOLKIEN, INCARN\u00c9 PAR L&rsquo;ACTEUR IAN MCKELLEN<\/p>\r\n\t<p>\u00ab JE SUIS UN SERVITEUR DU FEU SECRET, D\u00c9TENTEUR DE LA FLAMME D&rsquo;ANOR \u00bb<\/p>\r\n\t\t\t\t<a href=\"https:\/\/littlebigdolls.com\/fr\/gandalf-le-gris-poupee-peluche-geante-merchandising\/\" target=\"_self\" itemprop=\"url\" rel=\"noopener noreferrer\">\r\n\t\t\t\t<img loading=\"lazy\" src=\"https:\/\/littlebigdolls.com\/wp-content\/uploads\/voir-plus2.png\" alt=\"D\u00e9couvrez !\" itemprop=\"image\" height=\"115\" width=\"417\" title=\"D\u00e9couvrez !\" onerror=\"this.style.display='none'\"  \/>\r\n\t\t\t\t<\/a>\r\n\t\t\t\t<img loading=\"lazy\" src=\"https:\/\/littlebigdolls.com\/wp-content\/uploads\/harry-harry-potter.jpg\" alt=\"harry-harry-potter\" itemprop=\"image\" height=\"350\" width=\"300\" title=\"harry-harry-potter\" onerror=\"this.style.display='none'\"  \/>\r\n\t<h2>HARRY  POTTER<\/h2>\r\n\t<p>PERSONNAGE PRINCIPAL DE LA S\u00c9RIE FANTASTIQUE BAS\u00c9E SUR LES ROMANS \u00c9PONYMES DE J. K. ROWLING INCARN\u00c9 PAR L&rsquo;ACTEUR DANIEL RADCLIFFE<\/p>\r\n\t<p>\u00ab LA PEUR D&rsquo;UN NOM NE FAIT QU&rsquo;ACCRO\u00ceTRE LA PEUR DE LA CHOSE ELLE-M\u00caME \u00bb<\/p>\r\n\t\t\t\t<a href=\"https:\/\/littlebigdolls.com\/fr\/harry-potter-poupee-peluche-geante-merchandising\/\" target=\"_self\" itemprop=\"url\" rel=\"noopener noreferrer\">\r\n\t\t\t\t<img loading=\"lazy\" src=\"https:\/\/littlebigdolls.com\/wp-content\/uploads\/voir-plus2.png\" alt=\"D\u00e9couvrez !\" itemprop=\"image\" height=\"115\" width=\"417\" title=\"D\u00e9couvrez !\" onerror=\"this.style.display='none'\"  \/>\r\n\t\t\t\t<\/a>\r\n\t\t\t\t<img loading=\"lazy\" src=\"https:\/\/littlebigdolls.com\/wp-content\/uploads\/edward-cullen-twilight.jpg\" alt=\"edward-cullen-twilight\" itemprop=\"image\" height=\"350\" width=\"300\" title=\"edward-cullen-twilight\" onerror=\"this.style.display='none'\"  \/>\r\n\t<h2>EDWARD CULLEN (TWILIGHT)<\/h2>\r\n\t<p>PERSONNAGE DE FICTION DE LA SAGA TWILIGHT N\u00c9 EN 1901 \u00c0 CHICAGO INCARN\u00c9 PAR L&rsquo;ACTEUR ROBERT PATTINSON<\/p>\r\n\t<p>\u00abTU ES MA SEULE RAISON DE RESTER EN VIE \u00bb<\/p>\r\n\t\t\t\t<a href=\"https:\/\/littlebigdolls.com\/fr\/edward-cullen-poupee-peluche-geante-merchandising\/\" target=\"_self\" itemprop=\"url\" rel=\"noopener noreferrer\">\r\n\t\t\t\t<img loading=\"lazy\" src=\"https:\/\/littlebigdolls.com\/wp-content\/uploads\/voir-plus2.png\" alt=\"D\u00e9couvrez !\" itemprop=\"image\" height=\"115\" width=\"417\" title=\"D\u00e9couvrez !\" onerror=\"this.style.display='none'\"  \/>\r\n\t\t\t\t<\/a>\r\n\t\t\t\t<img loading=\"lazy\" src=\"https:\/\/littlebigdolls.com\/wp-content\/uploads\/brad-pitt.jpg\" alt=\"brad-pitt\" itemprop=\"image\" height=\"350\" width=\"300\" title=\"brad-pitt\" onerror=\"this.style.display='none'\"  \/>\r\n\t<h2>BRAD PITT<\/h2>\r\n\t<p>ACTEUR ET PRODUCTEUR DE CIN\u00c9MA AM\u00c9RICAIN, N\u00c9 EN 1963 \u00c0 SHAWNEE, OKLAHOMA<\/p>\r\n\t<p>\u00ab VOUS DEVEZ D&rsquo;ABORD TOUT PERDRE AFIN DE TOUT GAGNER \u00bb<\/p>\r\n\t\t\t\t<a href=\"https:\/\/littlebigdolls.com\/fr\/brad-pitt-poupee-peluche-geante-merchandising\/\" target=\"_self\" itemprop=\"url\" rel=\"noopener noreferrer\">\r\n\t\t\t\t<img loading=\"lazy\" src=\"https:\/\/littlebigdolls.com\/wp-content\/uploads\/voir-plus2.png\" alt=\"D\u00e9couvrez !\" itemprop=\"image\" height=\"115\" width=\"417\" title=\"D\u00e9couvrez !\" onerror=\"this.style.display='none'\"  \/>\r\n\t\t\t\t<\/a>\r\n\t\t\t\t<img loading=\"lazy\" src=\"https:\/\/littlebigdolls.com\/wp-content\/uploads\/will-smith.jpg\" alt=\"will-smith\" itemprop=\"image\" height=\"350\" width=\"300\" title=\"will-smith\" onerror=\"this.style.display='none'\"  \/>\r\n\t<h2>WILL   SMITH<\/h2>\r\n\t<p>ACTEUR, CHANTEUR ET PRODUCTEUR DE CIN\u00c9MA AM\u00c9RICAIN, N\u00c9 EN 1968 \u00c0 PHILADELPHIE EN PENNSYLVANIE<\/p>\r\n\t<p>\u00ab L&rsquo;ARGENT ET LE SUCC\u00c8S NE CHANGENT PAS LES GENS. ILS NE FONT QU&rsquo;AMPLIFIER CE QU&rsquo;ILS \u00c9TAIENT D\u00c9J\u00c0 \u00bb<\/p>\r\n\t\t\t\t<a href=\"https:\/\/littlebigdolls.com\/fr\/will-smith-poupee-peluche-geante-merchandising\/\" target=\"_self\" itemprop=\"url\" rel=\"noopener noreferrer\">\r\n\t\t\t\t<img loading=\"lazy\" src=\"https:\/\/littlebigdolls.com\/wp-content\/uploads\/voir-plus2.png\" alt=\"D\u00e9couvrez !\" itemprop=\"image\" height=\"115\" width=\"417\" title=\"D\u00e9couvrez !\" onerror=\"this.style.display='none'\"  \/>\r\n\t\t\t\t<\/a>\r\n\t<h2>DES QUESTIONS ?<br \/>\r\nC&rsquo;EST PAR ICI !<\/h2>\r\n\t\t\t\t<a href=\"\/fr\/contact\/\" target=\"_self\" itemprop=\"url\" rel=\"noopener noreferrer\">\r\n\t\t\t\t<img loading=\"lazy\" src=\"https:\/\/littlebigdolls.com\/wp-content\/uploads\/2020\/11\/contact-r.png\" alt=\"contact-r\" itemprop=\"image\" height=\"100\" width=\"305\" title=\"contact-r\" onerror=\"this.style.display='none'\"  \/>\r\n\t\t\t\t<\/a>\r\n\t\t\t\t<a href=\"\/fr\/contact\/\" target=\"_blank\" rel=\"noopener noreferrer\" itemprop=\"url\">\r\n\t\t\t\t<img loading=\"lazy\" src=\"https:\/\/littlebigdolls.com\/wp-content\/uploads\/2020\/11\/contact-r.png\" alt=\"contact-r\" itemprop=\"image\" height=\"100\" width=\"305\" title=\"contact-r\" onerror=\"this.style.display='none'\"  \/>\r\n\t\t\t\t<\/a>\r\n\r\n","protected":false},"excerpt":{"rendered":"<p>CREATION DE POUP\u00c9E SUR MESURE D&rsquo;ACTEURS ET DE PERSONNAGES DE FILM &#8230; GANDALF LE GRIS PERSONNAGE DE FICTION DE LA TRILOGIE LE SEIGNEUR DES ANNEAUX APPARTENANT AU L\u00c9GENDAIRE DE L&rsquo;\u00c9CRIVAIN BRITANNIQUE J. R. R. TOLKIEN, INCARN\u00c9 PAR L&rsquo;ACTEUR IAN MCKELLEN \u00ab JE SUIS UN SERVITEUR DU FEU SECRET, D\u00c9TENTEUR DE LA FLAMME D&rsquo;ANOR \u00bb HARRY [&hellip;]<\/p>\n","protected":false},"author":8,"featured_media":1137,"parent":0,"menu_order":0,"comment_status":"closed","ping_status":"closed","template":"page-builder.php","meta":{"inline_featured_image":false,"_genesis_hide_title":false,"_genesis_hide_breadcrumbs":false,"_genesis_hide_singular_image":false,"_genesis_hide_footer_widgets":false,"_genesis_custom_body_class":"","_genesis_custom_post_class":"","_genesis_layout":""},"folder":[214],"yoast_head":"<!-- This site is optimized with the Yoast SEO plugin v20.6 - https:\/\/yoast.com\/wordpress\/plugins\/seo\/ -->\n<title>ACTEURS BLOCKBUSTER | Poup\u00e9e | Peluche g\u00e9ante | Merchandising<\/title>\n<meta name=\"description\" content=\"Poup\u00e9e de peluche g\u00e9ante d&#039;acteurs et de personnages de films. Objet d\u00e9co, Art Toy, Poup\u00e9e de chiffon, peluche, personnage c\u00e9l\u00e8bre, produits d\u00e9riv\u00e9s, merchandising...\" \/>\n<meta name=\"robots\" content=\"index, follow, max-snippet:-1, max-image-preview:large, max-video-preview:-1\" \/>\n<link rel=\"canonical\" href=\"https:\/\/littlebigdolls.com\/fr\/poupee-peluche-produits-derives-acteurs-blockbuster\/\" \/>\n<meta property=\"og:locale\" content=\"fr_FR\" \/>\n<meta property=\"og:type\" content=\"article\" \/>\n<meta property=\"og:title\" content=\"ACTEURS BLOCKBUSTER | Poup\u00e9e | Peluche g\u00e9ante | Merchandising\" \/>\n<meta property=\"og:description\" content=\"Poup\u00e9e de peluche g\u00e9ante d&#039;acteurs et de personnages de films. Objet d\u00e9co, Art Toy, Poup\u00e9e de chiffon, peluche, personnage c\u00e9l\u00e8bre, produits d\u00e9riv\u00e9s, merchandising...\" \/>\n<meta property=\"og:url\" content=\"https:\/\/littlebigdolls.com\/fr\/poupee-peluche-produits-derives-acteurs-blockbuster\/\" \/>\n<meta property=\"og:site_name\" content=\"LittleBigDolls | Art Toy with a Soul\" \/>\n<meta property=\"article:modified_time\" content=\"2021-05-19T17:20:38+00:00\" \/>\n<meta property=\"og:image\" content=\"https:\/\/littlebigdolls.com\/wp-content\/uploads\/2020\/01\/LittleBigDolls_logo.png\" \/>\n\t<meta property=\"og:image:width\" content=\"3298\" \/>\n\t<meta property=\"og:image:height\" content=\"695\" \/>\n\t<meta property=\"og:image:type\" content=\"image\/png\" \/>\n<meta name=\"twitter:card\" content=\"summary_large_image\" \/>\n<meta name=\"twitter:label1\" content=\"Dur\u00e9e de lecture estim\u00e9e\" \/>\n\t<meta name=\"twitter:data1\" content=\"1 minute\" \/>\n<script type=\"application\/ld+json\" class=\"yoast-schema-graph\">{\"@context\":\"https:\/\/schema.org\",\"@graph\":[{\"@type\":\"WebPage\",\"@id\":\"https:\/\/littlebigdolls.com\/fr\/poupee-peluche-produits-derives-acteurs-blockbuster\/\",\"url\":\"https:\/\/littlebigdolls.com\/fr\/poupee-peluche-produits-derives-acteurs-blockbuster\/\",\"name\":\"ACTEURS BLOCKBUSTER | Poup\u00e9e | Peluche g\u00e9ante | Merchandising\",\"isPartOf\":{\"@id\":\"https:\/\/littlebigdolls.com\/fr\/#website\"},\"datePublished\":\"2021-05-18T16:40:59+00:00\",\"dateModified\":\"2021-05-19T17:20:38+00:00\",\"description\":\"Poup\u00e9e de peluche g\u00e9ante d'acteurs et de personnages de films. Objet d\u00e9co, Art Toy, Poup\u00e9e de chiffon, peluche, personnage c\u00e9l\u00e8bre, produits d\u00e9riv\u00e9s, merchandising...\",\"breadcrumb\":{\"@id\":\"https:\/\/littlebigdolls.com\/fr\/poupee-peluche-produits-derives-acteurs-blockbuster\/#breadcrumb\"},\"inLanguage\":\"fr-FR\",\"potentialAction\":[{\"@type\":\"ReadAction\",\"target\":[\"https:\/\/littlebigdolls.com\/fr\/poupee-peluche-produits-derives-acteurs-blockbuster\/\"]}]},{\"@type\":\"BreadcrumbList\",\"@id\":\"https:\/\/littlebigdolls.com\/fr\/poupee-peluche-produits-derives-acteurs-blockbuster\/#breadcrumb\",\"itemListElement\":[{\"@type\":\"ListItem\",\"position\":1,\"name\":\"Home\",\"item\":\"https:\/\/littlebigdolls.com\/fr\/\"},{\"@type\":\"ListItem\",\"position\":2,\"name\":\"ACTEURS ET PERSONNAGES DE FILMS C\u00c9L\u00c8BRES cr\u00e9ation sur mesure de poup\u00e9e et de peluche g\u00e9ante merchandising\"}]},{\"@type\":\"WebSite\",\"@id\":\"https:\/\/littlebigdolls.com\/fr\/#website\",\"url\":\"https:\/\/littlebigdolls.com\/fr\/\",\"name\":\"LittleBigDolls | Art Toy with a Soul\",\"description\":\"Collection de poup\u00e9es de chiffon et de peluches \u00e0 l&#039;effigie d&#039;ic\u00f4nes culturelles et de personnages historiques. Cadeau original  - Objet d\u00e9co - Produits d\u00e9riv\u00e9s\",\"potentialAction\":[{\"@type\":\"SearchAction\",\"target\":{\"@type\":\"EntryPoint\",\"urlTemplate\":\"https:\/\/littlebigdolls.com\/fr\/?s={search_term_string}\"},\"query-input\":\"required name=search_term_string\"}],\"inLanguage\":\"fr-FR\"}]}<\/script>\n<!-- \/ Yoast SEO plugin. -->","yoast_head_json":{"title":"ACTEURS BLOCKBUSTER | Poup\u00e9e | Peluche g\u00e9ante | Merchandising","description":"Poup\u00e9e de peluche g\u00e9ante d'acteurs et de personnages de films. Objet d\u00e9co, Art Toy, Poup\u00e9e de chiffon, peluche, personnage c\u00e9l\u00e8bre, produits d\u00e9riv\u00e9s, merchandising...","robots":{"index":"index","follow":"follow","max-snippet":"max-snippet:-1","max-image-preview":"max-image-preview:large","max-video-preview":"max-video-preview:-1"},"canonical":"https:\/\/littlebigdolls.com\/fr\/poupee-peluche-produits-derives-acteurs-blockbuster\/","og_locale":"fr_FR","og_type":"article","og_title":"ACTEURS BLOCKBUSTER | Poup\u00e9e | Peluche g\u00e9ante | Merchandising","og_description":"Poup\u00e9e de peluche g\u00e9ante d'acteurs et de personnages de films. Objet d\u00e9co, Art Toy, Poup\u00e9e de chiffon, peluche, personnage c\u00e9l\u00e8bre, produits d\u00e9riv\u00e9s, merchandising...","og_url":"https:\/\/littlebigdolls.com\/fr\/poupee-peluche-produits-derives-acteurs-blockbuster\/","og_site_name":"LittleBigDolls | Art Toy with a Soul","article_modified_time":"2021-05-19T17:20:38+00:00","og_image":[{"width":3298,"height":695,"url":"https:\/\/littlebigdolls.com\/wp-content\/uploads\/2020\/01\/LittleBigDolls_logo.png","type":"image\/png"}],"twitter_card":"summary_large_image","twitter_misc":{"Dur\u00e9e de lecture estim\u00e9e":"1 minute"},"schema":{"@context":"https:\/\/schema.org","@graph":[{"@type":"WebPage","@id":"https:\/\/littlebigdolls.com\/fr\/poupee-peluche-produits-derives-acteurs-blockbuster\/","url":"https:\/\/littlebigdolls.com\/fr\/poupee-peluche-produits-derives-acteurs-blockbuster\/","name":"ACTEURS BLOCKBUSTER | Poup\u00e9e | Peluche g\u00e9ante | Merchandising","isPartOf":{"@id":"https:\/\/littlebigdolls.com\/fr\/#website"},"datePublished":"2021-05-18T16:40:59+00:00","dateModified":"2021-05-19T17:20:38+00:00","description":"Poup\u00e9e de peluche g\u00e9ante d'acteurs et de personnages de films. Objet d\u00e9co, Art Toy, Poup\u00e9e de chiffon, peluche, personnage c\u00e9l\u00e8bre, produits d\u00e9riv\u00e9s, merchandising...","breadcrumb":{"@id":"https:\/\/littlebigdolls.com\/fr\/poupee-peluche-produits-derives-acteurs-blockbuster\/#breadcrumb"},"inLanguage":"fr-FR","potentialAction":[{"@type":"ReadAction","target":["https:\/\/littlebigdolls.com\/fr\/poupee-peluche-produits-derives-acteurs-blockbuster\/"]}]},{"@type":"BreadcrumbList","@id":"https:\/\/littlebigdolls.com\/fr\/poupee-peluche-produits-derives-acteurs-blockbuster\/#breadcrumb","itemListElement":[{"@type":"ListItem","position":1,"name":"Home","item":"https:\/\/littlebigdolls.com\/fr\/"},{"@type":"ListItem","position":2,"name":"ACTEURS ET PERSONNAGES DE FILMS C\u00c9L\u00c8BRES cr\u00e9ation sur mesure de poup\u00e9e et de peluche g\u00e9ante merchandising"}]},{"@type":"WebSite","@id":"https:\/\/littlebigdolls.com\/fr\/#website","url":"https:\/\/littlebigdolls.com\/fr\/","name":"LittleBigDolls | Art Toy with a Soul","description":"Collection de poup\u00e9es de chiffon et de peluches \u00e0 l&#039;effigie d&#039;ic\u00f4nes culturelles et de personnages historiques. Cadeau original  - Objet d\u00e9co - Produits d\u00e9riv\u00e9s","potentialAction":[{"@type":"SearchAction","target":{"@type":"EntryPoint","urlTemplate":"https:\/\/littlebigdolls.com\/fr\/?s={search_term_string}"},"query-input":"required name=search_term_string"}],"inLanguage":"fr-FR"}]}},"_links":{"self":[{"href":"https:\/\/littlebigdolls.com\/fr\/wp-json\/wp\/v2\/pages\/45036"}],"collection":[{"href":"https:\/\/littlebigdolls.com\/fr\/wp-json\/wp\/v2\/pages"}],"about":[{"href":"https:\/\/littlebigdolls.com\/fr\/wp-json\/wp\/v2\/types\/page"}],"author":[{"embeddable":true,"href":"https:\/\/littlebigdolls.com\/fr\/wp-json\/wp\/v2\/users\/8"}],"replies":[{"embeddable":true,"href":"https:\/\/littlebigdolls.com\/fr\/wp-json\/wp\/v2\/comments?post=45036"}],"version-history":[{"count":3,"href":"https:\/\/littlebigdolls.com\/fr\/wp-json\/wp\/v2\/pages\/45036\/revisions"}],"predecessor-version":[{"id":45099,"href":"https:\/\/littlebigdolls.com\/fr\/wp-json\/wp\/v2\/pages\/45036\/revisions\/45099"}],"wp:featuredmedia":[{"embeddable":true,"href":"https:\/\/littlebigdolls.com\/fr\/wp-json\/wp\/v2\/media\/1137"}],"wp:attachment":[{"href":"https:\/\/littlebigdolls.com\/fr\/wp-json\/wp\/v2\/media?parent=45036"}],"wp:term":[{"taxonomy":"folder","embeddable":true,"href":"https:\/\/littlebigdolls.com\/fr\/wp-json\/wp\/v2\/folder?post=45036"}],"curies":[{"name":"wp","href":"https:\/\/api.w.org\/{rel}","templated":true}]}}