{"id":45168,"date":"2021-05-19T13:21:20","date_gmt":"2021-05-19T13:21:20","guid":{"rendered":"https:\/\/littlebigdolls.com\/?page_id=45168"},"modified":"2021-05-19T17:10:29","modified_gmt":"2021-05-19T17:10:29","slug":"personnages-historiques-poupee-peluche-produits-derives","status":"publish","type":"page","link":"https:\/\/littlebigdolls.com\/fr\/personnages-historiques-poupee-peluche-produits-derives\/","title":{"rendered":"PERSONNAGES HISTORIQUES C\u00c9L\u00c8BRES cr\u00e9ation sur mesure de poup\u00e9e et de peluche g\u00e9ante merchandising"},"content":{"rendered":"\n\n\t<h1>CREATION DE POUPEE SUR MESURE DE \u00a0PERSONNAGES HISTORIQUES&#8230;<\/h1>\n\t\t\t\t<img loading=\"lazy\" src=\"https:\/\/littlebigdolls.com\/wp-content\/uploads\/thomas-edison.jpg\" alt=\"thomas-edison\" itemprop=\"image\" height=\"350\" width=\"300\" title=\"thomas-edison\" onerror=\"this.style.display='none'\"  \/>\n\t<h2>THOMAS EDISON<\/h2>\n\t<p>INVENTEUR, SCIENTIFIQUE ET INDUSTRIEL AM\u00c9RICAIN FONDATEUR DE LA GENERAL ELECTRIC N\u00c9 EN 1847 \u00c0 MILAN, L&rsquo;OHIO<\/p>\n\t<p>\u00ab JE NE SUIS PAS D\u00c9COURAG\u00c9 CAR TOUT NOUVEL \u00c9CHEC CONSTITUE UN PAS DE PLUS VERS LA VICTOIRE \u00bb<\/p>\n\t\t\t\t<a href=\"https:\/\/littlebigdolls.com\/fr\/thomas-edison-poupee-peluche-geante-merchandising\/\" target=\"_self\" itemprop=\"url\" rel=\"noopener noreferrer\">\n\t\t\t\t<img loading=\"lazy\" src=\"https:\/\/littlebigdolls.com\/wp-content\/uploads\/voir-plus2.png\" alt=\"D\u00e9couvrez !\" itemprop=\"image\" height=\"115\" width=\"417\" title=\"D\u00e9couvrez !\" onerror=\"this.style.display='none'\"  \/>\n\t\t\t\t<\/a>\n\t\t\t\t<img loading=\"lazy\" src=\"https:\/\/littlebigdolls.com\/wp-content\/uploads\/neil-amstrong.jpg\" alt=\"neil-amstrong\" itemprop=\"image\" height=\"350\" width=\"300\" title=\"neil-amstrong\" onerror=\"this.style.display='none'\"  \/>\n\t<h2>NEIL ARMSTRONG<\/h2>\n\t<p>ASTRONAUTE AM\u00c9RICAIN ET AVIATEUR DE L&rsquo;UNITED STATES NAVY N\u00c9 EN 1930 \u00c0 WAPAKONETA DANS L&rsquo;OHIO AUX \u00c9TATS-UNIS<\/p>\n\t<p>\u00ab C&rsquo;EST UN PETIT PAS POUR L&rsquo;HOMME, UN BOND DE G\u00c9ANT POUR L&rsquo;HUMANIT\u00c9 \u00bb<\/p>\n\t\t\t\t<a href=\"https:\/\/littlebigdolls.com\/fr\/neil-armstrong-poupee-peluche-geante-merchandising\/\" target=\"_self\" itemprop=\"url\" rel=\"noopener noreferrer\">\n\t\t\t\t<img loading=\"lazy\" src=\"https:\/\/littlebigdolls.com\/wp-content\/uploads\/voir-plus2.png\" alt=\"D\u00e9couvrez !\" itemprop=\"image\" height=\"115\" width=\"417\" title=\"D\u00e9couvrez !\" onerror=\"this.style.display='none'\"  \/>\n\t\t\t\t<\/a>\n\t\t\t\t<img loading=\"lazy\" src=\"https:\/\/littlebigdolls.com\/wp-content\/uploads\/jules-cesar.jpg\" alt=\"jules cesar\" itemprop=\"image\" height=\"350\" width=\"300\" title=\"jules-cesar\" onerror=\"this.style.display='none'\"  \/>\n\t<h2>JULES C\u00c9SAR<\/h2>\n\t<p>G\u00c9N\u00c9RAL, HOMME D&rsquo;\u00c9TAT ET \u00c9CRIVAIN ROMAIN N\u00c9 EN 100 AV. J.-C. \u00c0 ROME, ITALIE<\/p>\n\t<p>\u00ab JE SUIS VENU, J&rsquo;AI VU, J&rsquo;AI VAINCU \u00bb<\/p>\n\t\t\t\t<a href=\"https:\/\/littlebigdolls.com\/fr\/jules-cesar-poupee-peluche-geante-merchandising\/\" target=\"_self\" itemprop=\"url\" rel=\"noopener noreferrer\">\n\t\t\t\t<img loading=\"lazy\" src=\"https:\/\/littlebigdolls.com\/wp-content\/uploads\/voir-plus2.png\" alt=\"D\u00e9couvrez !\" itemprop=\"image\" height=\"115\" width=\"417\" title=\"D\u00e9couvrez !\" onerror=\"this.style.display='none'\"  \/>\n\t\t\t\t<\/a>\n\t\t\t\t<img loading=\"lazy\" src=\"https:\/\/littlebigdolls.com\/wp-content\/uploads\/jean-paul-II.jpg\" alt=\"jean-paul-II\" itemprop=\"image\" height=\"350\" width=\"300\" title=\"jean-paul-II\" onerror=\"this.style.display='none'\"  \/>\n\t<h2>PAPE JEAN-PAUL II<\/h2>\n\t<p>264\u1d49 \u00c9V\u00caQUE DE ROME ET PAPE DE L&rsquo;\u00c9GLISE CATHOLIQUE N\u00c9 EN 1920 \u00c0 WADOWICE, EN POLOGNE<\/p>\n\t<p>\u00ab TOUTE EXISTENCE TIRE SA VALEUR DE LA QUALIT\u00c9 DE L&rsquo;AMOUR \u00bb<\/p>\n\t\t\t\t<a href=\"https:\/\/littlebigdolls.com\/fr\/pape-jean-paul-ii-poupee-peluche-geante-merchandising\/\" target=\"_self\" itemprop=\"url\" rel=\"noopener noreferrer\">\n\t\t\t\t<img loading=\"lazy\" src=\"https:\/\/littlebigdolls.com\/wp-content\/uploads\/voir-plus2.png\" alt=\"D\u00e9couvrez !\" itemprop=\"image\" height=\"115\" width=\"417\" title=\"D\u00e9couvrez !\" onerror=\"this.style.display='none'\"  \/>\n\t\t\t\t<\/a>\n\t\t\t\t<img loading=\"lazy\" src=\"https:\/\/littlebigdolls.com\/wp-content\/uploads\/galilee.jpg\" alt=\"galilee\" itemprop=\"image\" height=\"350\" width=\"300\" title=\"galilee\" onerror=\"this.style.display='none'\"  \/>\n\t<h2> GALILEE<\/h2>\n\t<p>MATH\u00c9MATICIEN, G\u00c9OM\u00c8TRE, PHYSICIEN ET ASTRONOME ITALIEN DU XVII\u1d49 SI\u00c8CLE N\u00c9 \u00c0 PISE EN 1564, ITALIE<\/p>\n\t<p>\u00ab IL EST CERTAINEMENT NOCIF POUR LES \u00c2MES DE TRANSFORMER EN H\u00c9R\u00c9SIE LE FAIT DE CROIRE CE QUI EST PROUV\u00c9 \u00bb<\/p>\n\t\t\t\t<a href=\"https:\/\/littlebigdolls.com\/fr\/galilee-poupee-peluche-geante-merchandising\/\" target=\"_self\" itemprop=\"url\" rel=\"noopener noreferrer\">\n\t\t\t\t<img loading=\"lazy\" src=\"https:\/\/littlebigdolls.com\/wp-content\/uploads\/voir-plus2.png\" alt=\"D\u00e9couvrez !\" itemprop=\"image\" height=\"115\" width=\"417\" title=\"D\u00e9couvrez !\" onerror=\"this.style.display='none'\"  \/>\n\t\t\t\t<\/a>\n\t\t\t\t<img loading=\"lazy\" src=\"https:\/\/littlebigdolls.com\/wp-content\/uploads\/thomas-jefferson.jpg\" alt=\"thomas-jefferson\" itemprop=\"image\" height=\"350\" width=\"300\" title=\"thomas-jefferson\" onerror=\"this.style.display='none'\"  \/>\n\t<h2>THOMAS  JEFFERSON<\/h2>\n\t<p>PREMIER SECR\u00c9TAIRE D&rsquo;\u00c9TAT AM\u00c9RICAIN ET TROISI\u00c8ME PR\u00c9SIDENT DES \u00c9TATS-UNIS, N\u00c9 EN 1743 \u00c0 SHADWELL, VIRGINIE<\/p>\n\t<p>\u00ab L&rsquo;HOMME QUI NE CRAINT PAS LA V\u00c9RIT\u00c9 N&rsquo;A RIEN \u00c0 CRAINDRE DU MENSONGE \u00bb<\/p>\n\t\t\t\t<a href=\"https:\/\/littlebigdolls.com\/fr\/thomas-jefferson-poupee-peluche-geante-merchandising\/\" target=\"_self\" itemprop=\"url\" rel=\"noopener noreferrer\">\n\t\t\t\t<img loading=\"lazy\" src=\"https:\/\/littlebigdolls.com\/wp-content\/uploads\/voir-plus2.png\" alt=\"D\u00e9couvrez !\" itemprop=\"image\" height=\"115\" width=\"417\" title=\"D\u00e9couvrez !\" onerror=\"this.style.display='none'\"  \/>\n\t\t\t\t<\/a>\n\t\t\t\t<img loading=\"lazy\" src=\"https:\/\/littlebigdolls.com\/wp-content\/uploads\/Mao-tse-toung.jpg\" alt=\"Mao-tse-toung\" itemprop=\"image\" height=\"350\" width=\"300\" title=\"Mao-tse-toung\" onerror=\"this.style.display='none'\"  \/>\n\t<h2>MAO  TS\u00c9-TOUNG<\/h2>\n\t<p>C\u00c9L\u00c8BRE HOMME D&rsquo;\u00c9TAT ET CHEF MILITAIRE CHINOIS N\u00c9 EN 1893 \u00c0 SHAOSHAN, CHINE<\/p>\n\t<p>\u00ab L&rsquo;EXISTENCE SOCIALE DES HOMMES D\u00c9TERMINE LEUR PENS\u00c9E \u00bb<\/p>\n\t\t\t\t<a href=\"https:\/\/littlebigdolls.com\/fr\/mao-tse-toung-poupee-peluche-geante-merchandising\/\" target=\"_self\" itemprop=\"url\" rel=\"noopener noreferrer\">\n\t\t\t\t<img loading=\"lazy\" src=\"https:\/\/littlebigdolls.com\/wp-content\/uploads\/voir-plus2.png\" alt=\"D\u00e9couvrez !\" itemprop=\"image\" height=\"115\" width=\"417\" title=\"D\u00e9couvrez !\" onerror=\"this.style.display='none'\"  \/>\n\t\t\t\t<\/a>\n\t\t\t\t<img loading=\"lazy\" src=\"https:\/\/littlebigdolls.com\/wp-content\/uploads\/emiliano-zapata.jpg\" alt=\"emiliano-zapata\" itemprop=\"image\" height=\"350\" width=\"300\" title=\"emiliano-zapata\" onerror=\"this.style.display='none'\"  \/>\n\t<h2>EMILIANO ZAPATA<\/h2>\n\t<p>C\u00c9L\u00c8BRE HOMME POLITIQUE ET R\u00c9VOLUTIONNAIRE MEXICAIN N\u00c9 LE 8 AO\u00dbT 1879 \u00c0 ANENECUILCO, AU MEXIQUE.<\/p>\n\t<p>\u00ab  IL VAUT MIEUX MOURIR DEBOUT QUE VIVRE \u00c0 GENOUX \u00bb<\/p>\n\t\t\t\t<a href=\"https:\/\/littlebigdolls.com\/fr\/emiliano-zapata-poupee-peluche-geante-merchandising\/\" target=\"_self\" itemprop=\"url\" rel=\"noopener noreferrer\">\n\t\t\t\t<img loading=\"lazy\" src=\"https:\/\/littlebigdolls.com\/wp-content\/uploads\/voir-plus2.png\" alt=\"D\u00e9couvrez !\" itemprop=\"image\" height=\"115\" width=\"417\" title=\"D\u00e9couvrez !\" onerror=\"this.style.display='none'\"  \/>\n\t\t\t\t<\/a>\n\t<h2>DES QUESTIONS ?<br \/>\nC&rsquo;EST PAR ICI !<\/h2>\n\t\t\t\t<a href=\"\/fr\/contact\/\" target=\"_self\" itemprop=\"url\" rel=\"noopener noreferrer\">\n\t\t\t\t<img loading=\"lazy\" src=\"https:\/\/littlebigdolls.com\/wp-content\/uploads\/2020\/11\/contact-r.png\" alt=\"contact-r\" itemprop=\"image\" height=\"100\" width=\"305\" title=\"contact-r\" onerror=\"this.style.display='none'\"  \/>\n\t\t\t\t<\/a>\n\t\t\t\t<a href=\"\/fr\/contact\/\" target=\"_blank\" rel=\"noopener noreferrer\" itemprop=\"url\">\n\t\t\t\t<img loading=\"lazy\" src=\"https:\/\/littlebigdolls.com\/wp-content\/uploads\/2020\/11\/contact-r.png\" alt=\"contact-r\" itemprop=\"image\" height=\"100\" width=\"305\" title=\"contact-r\" onerror=\"this.style.display='none'\"  \/>\n\t\t\t\t<\/a>\n\n","protected":false},"excerpt":{"rendered":"<p>CREATION DE POUPEE SUR MESURE DE \u00a0PERSONNAGES HISTORIQUES&#8230; THOMAS EDISON INVENTEUR, SCIENTIFIQUE ET INDUSTRIEL AM\u00c9RICAIN FONDATEUR DE LA GENERAL ELECTRIC N\u00c9 EN 1847 \u00c0 MILAN, L&rsquo;OHIO \u00ab JE NE SUIS PAS D\u00c9COURAG\u00c9 CAR TOUT NOUVEL \u00c9CHEC CONSTITUE UN PAS DE PLUS VERS LA VICTOIRE \u00bb NEIL ARMSTRONG ASTRONAUTE AM\u00c9RICAIN ET AVIATEUR DE L&rsquo;UNITED STATES NAVY [&hellip;]<\/p>\n","protected":false},"author":8,"featured_media":1137,"parent":0,"menu_order":0,"comment_status":"closed","ping_status":"closed","template":"page-builder.php","meta":{"inline_featured_image":false,"_genesis_hide_title":false,"_genesis_hide_breadcrumbs":false,"_genesis_hide_singular_image":false,"_genesis_hide_footer_widgets":false,"_genesis_custom_body_class":"","_genesis_custom_post_class":"","_genesis_layout":""},"folder":[214],"yoast_head":"<!-- This site is optimized with the Yoast SEO plugin v20.6 - https:\/\/yoast.com\/wordpress\/plugins\/seo\/ -->\n<title>PERSONNAGES C\u00c9L\u00c8BRES | Poup\u00e9e | Peluche g\u00e9ante | Merchandising<\/title>\n<meta name=\"description\" content=\"Cr\u00e9ation sur mesure de poup\u00e9e et de peluche g\u00e9ante. Objet d\u00e9co, Art Toy, Poup\u00e9e de chiffon, peluche, personnage c\u00e9l\u00e8bre, produits d\u00e9riv\u00e9s, merchandising...\" \/>\n<meta name=\"robots\" content=\"index, follow, max-snippet:-1, max-image-preview:large, max-video-preview:-1\" \/>\n<link rel=\"canonical\" href=\"https:\/\/littlebigdolls.com\/fr\/personnages-historiques-poupee-peluche-produits-derives\/\" \/>\n<meta property=\"og:locale\" content=\"fr_FR\" \/>\n<meta property=\"og:type\" content=\"article\" \/>\n<meta property=\"og:title\" content=\"PERSONNAGES C\u00c9L\u00c8BRES | Poup\u00e9e | Peluche g\u00e9ante | Merchandising\" \/>\n<meta property=\"og:description\" content=\"Cr\u00e9ation sur mesure de poup\u00e9e et de peluche g\u00e9ante. Objet d\u00e9co, Art Toy, Poup\u00e9e de chiffon, peluche, personnage c\u00e9l\u00e8bre, produits d\u00e9riv\u00e9s, merchandising...\" \/>\n<meta property=\"og:url\" content=\"https:\/\/littlebigdolls.com\/fr\/personnages-historiques-poupee-peluche-produits-derives\/\" \/>\n<meta property=\"og:site_name\" content=\"LittleBigDolls | Art Toy with a Soul\" \/>\n<meta property=\"article:modified_time\" content=\"2021-05-19T17:10:29+00:00\" \/>\n<meta property=\"og:image\" content=\"https:\/\/littlebigdolls.com\/wp-content\/uploads\/2020\/01\/LittleBigDolls_logo.png\" \/>\n\t<meta property=\"og:image:width\" content=\"3298\" \/>\n\t<meta property=\"og:image:height\" content=\"695\" \/>\n\t<meta property=\"og:image:type\" content=\"image\/png\" \/>\n<meta name=\"twitter:card\" content=\"summary_large_image\" \/>\n<meta name=\"twitter:label1\" content=\"Dur\u00e9e de lecture estim\u00e9e\" \/>\n\t<meta name=\"twitter:data1\" content=\"1 minute\" \/>\n<script type=\"application\/ld+json\" class=\"yoast-schema-graph\">{\"@context\":\"https:\/\/schema.org\",\"@graph\":[{\"@type\":\"WebPage\",\"@id\":\"https:\/\/littlebigdolls.com\/fr\/personnages-historiques-poupee-peluche-produits-derives\/\",\"url\":\"https:\/\/littlebigdolls.com\/fr\/personnages-historiques-poupee-peluche-produits-derives\/\",\"name\":\"PERSONNAGES C\u00c9L\u00c8BRES | Poup\u00e9e | Peluche g\u00e9ante | Merchandising\",\"isPartOf\":{\"@id\":\"https:\/\/littlebigdolls.com\/fr\/#website\"},\"datePublished\":\"2021-05-19T13:21:20+00:00\",\"dateModified\":\"2021-05-19T17:10:29+00:00\",\"description\":\"Cr\u00e9ation sur mesure de poup\u00e9e et de peluche g\u00e9ante. Objet d\u00e9co, Art Toy, Poup\u00e9e de chiffon, peluche, personnage c\u00e9l\u00e8bre, produits d\u00e9riv\u00e9s, merchandising...\",\"breadcrumb\":{\"@id\":\"https:\/\/littlebigdolls.com\/fr\/personnages-historiques-poupee-peluche-produits-derives\/#breadcrumb\"},\"inLanguage\":\"fr-FR\",\"potentialAction\":[{\"@type\":\"ReadAction\",\"target\":[\"https:\/\/littlebigdolls.com\/fr\/personnages-historiques-poupee-peluche-produits-derives\/\"]}]},{\"@type\":\"BreadcrumbList\",\"@id\":\"https:\/\/littlebigdolls.com\/fr\/personnages-historiques-poupee-peluche-produits-derives\/#breadcrumb\",\"itemListElement\":[{\"@type\":\"ListItem\",\"position\":1,\"name\":\"Home\",\"item\":\"https:\/\/littlebigdolls.com\/fr\/\"},{\"@type\":\"ListItem\",\"position\":2,\"name\":\"PERSONNAGES HISTORIQUES C\u00c9L\u00c8BRES cr\u00e9ation sur mesure de poup\u00e9e et de peluche g\u00e9ante merchandising\"}]},{\"@type\":\"WebSite\",\"@id\":\"https:\/\/littlebigdolls.com\/fr\/#website\",\"url\":\"https:\/\/littlebigdolls.com\/fr\/\",\"name\":\"LittleBigDolls | Art Toy with a Soul\",\"description\":\"Collection de poup\u00e9es de chiffon et de peluches \u00e0 l&#039;effigie d&#039;ic\u00f4nes culturelles et de personnages historiques. Cadeau original  - Objet d\u00e9co - Produits d\u00e9riv\u00e9s\",\"potentialAction\":[{\"@type\":\"SearchAction\",\"target\":{\"@type\":\"EntryPoint\",\"urlTemplate\":\"https:\/\/littlebigdolls.com\/fr\/?s={search_term_string}\"},\"query-input\":\"required name=search_term_string\"}],\"inLanguage\":\"fr-FR\"}]}<\/script>\n<!-- \/ Yoast SEO plugin. -->","yoast_head_json":{"title":"PERSONNAGES C\u00c9L\u00c8BRES | Poup\u00e9e | Peluche g\u00e9ante | Merchandising","description":"Cr\u00e9ation sur mesure de poup\u00e9e et de peluche g\u00e9ante. Objet d\u00e9co, Art Toy, Poup\u00e9e de chiffon, peluche, personnage c\u00e9l\u00e8bre, produits d\u00e9riv\u00e9s, merchandising...","robots":{"index":"index","follow":"follow","max-snippet":"max-snippet:-1","max-image-preview":"max-image-preview:large","max-video-preview":"max-video-preview:-1"},"canonical":"https:\/\/littlebigdolls.com\/fr\/personnages-historiques-poupee-peluche-produits-derives\/","og_locale":"fr_FR","og_type":"article","og_title":"PERSONNAGES C\u00c9L\u00c8BRES | Poup\u00e9e | Peluche g\u00e9ante | Merchandising","og_description":"Cr\u00e9ation sur mesure de poup\u00e9e et de peluche g\u00e9ante. Objet d\u00e9co, Art Toy, Poup\u00e9e de chiffon, peluche, personnage c\u00e9l\u00e8bre, produits d\u00e9riv\u00e9s, merchandising...","og_url":"https:\/\/littlebigdolls.com\/fr\/personnages-historiques-poupee-peluche-produits-derives\/","og_site_name":"LittleBigDolls | Art Toy with a Soul","article_modified_time":"2021-05-19T17:10:29+00:00","og_image":[{"width":3298,"height":695,"url":"https:\/\/littlebigdolls.com\/wp-content\/uploads\/2020\/01\/LittleBigDolls_logo.png","type":"image\/png"}],"twitter_card":"summary_large_image","twitter_misc":{"Dur\u00e9e de lecture estim\u00e9e":"1 minute"},"schema":{"@context":"https:\/\/schema.org","@graph":[{"@type":"WebPage","@id":"https:\/\/littlebigdolls.com\/fr\/personnages-historiques-poupee-peluche-produits-derives\/","url":"https:\/\/littlebigdolls.com\/fr\/personnages-historiques-poupee-peluche-produits-derives\/","name":"PERSONNAGES C\u00c9L\u00c8BRES | Poup\u00e9e | Peluche g\u00e9ante | Merchandising","isPartOf":{"@id":"https:\/\/littlebigdolls.com\/fr\/#website"},"datePublished":"2021-05-19T13:21:20+00:00","dateModified":"2021-05-19T17:10:29+00:00","description":"Cr\u00e9ation sur mesure de poup\u00e9e et de peluche g\u00e9ante. Objet d\u00e9co, Art Toy, Poup\u00e9e de chiffon, peluche, personnage c\u00e9l\u00e8bre, produits d\u00e9riv\u00e9s, merchandising...","breadcrumb":{"@id":"https:\/\/littlebigdolls.com\/fr\/personnages-historiques-poupee-peluche-produits-derives\/#breadcrumb"},"inLanguage":"fr-FR","potentialAction":[{"@type":"ReadAction","target":["https:\/\/littlebigdolls.com\/fr\/personnages-historiques-poupee-peluche-produits-derives\/"]}]},{"@type":"BreadcrumbList","@id":"https:\/\/littlebigdolls.com\/fr\/personnages-historiques-poupee-peluche-produits-derives\/#breadcrumb","itemListElement":[{"@type":"ListItem","position":1,"name":"Home","item":"https:\/\/littlebigdolls.com\/fr\/"},{"@type":"ListItem","position":2,"name":"PERSONNAGES HISTORIQUES C\u00c9L\u00c8BRES cr\u00e9ation sur mesure de poup\u00e9e et de peluche g\u00e9ante merchandising"}]},{"@type":"WebSite","@id":"https:\/\/littlebigdolls.com\/fr\/#website","url":"https:\/\/littlebigdolls.com\/fr\/","name":"LittleBigDolls | Art Toy with a Soul","description":"Collection de poup\u00e9es de chiffon et de peluches \u00e0 l&#039;effigie d&#039;ic\u00f4nes culturelles et de personnages historiques. Cadeau original  - Objet d\u00e9co - Produits d\u00e9riv\u00e9s","potentialAction":[{"@type":"SearchAction","target":{"@type":"EntryPoint","urlTemplate":"https:\/\/littlebigdolls.com\/fr\/?s={search_term_string}"},"query-input":"required name=search_term_string"}],"inLanguage":"fr-FR"}]}},"_links":{"self":[{"href":"https:\/\/littlebigdolls.com\/fr\/wp-json\/wp\/v2\/pages\/45168"}],"collection":[{"href":"https:\/\/littlebigdolls.com\/fr\/wp-json\/wp\/v2\/pages"}],"about":[{"href":"https:\/\/littlebigdolls.com\/fr\/wp-json\/wp\/v2\/types\/page"}],"author":[{"embeddable":true,"href":"https:\/\/littlebigdolls.com\/fr\/wp-json\/wp\/v2\/users\/8"}],"replies":[{"embeddable":true,"href":"https:\/\/littlebigdolls.com\/fr\/wp-json\/wp\/v2\/comments?post=45168"}],"version-history":[{"count":5,"href":"https:\/\/littlebigdolls.com\/fr\/wp-json\/wp\/v2\/pages\/45168\/revisions"}],"predecessor-version":[{"id":45262,"href":"https:\/\/littlebigdolls.com\/fr\/wp-json\/wp\/v2\/pages\/45168\/revisions\/45262"}],"wp:featuredmedia":[{"embeddable":true,"href":"https:\/\/littlebigdolls.com\/fr\/wp-json\/wp\/v2\/media\/1137"}],"wp:attachment":[{"href":"https:\/\/littlebigdolls.com\/fr\/wp-json\/wp\/v2\/media?parent=45168"}],"wp:term":[{"taxonomy":"folder","embeddable":true,"href":"https:\/\/littlebigdolls.com\/fr\/wp-json\/wp\/v2\/folder?post=45168"}],"curies":[{"name":"wp","href":"https:\/\/api.w.org\/{rel}","templated":true}]}}