{"id":13541,"date":"2020-12-13T16:26:22","date_gmt":"2020-12-15T16:04:08","guid":{"rendered":"https:\/\/littlebigdolls.com\/?post_type=product&#038;p=13541"},"modified":"2023-09-24T19:51:43","modified_gmt":"2023-09-24T19:51:43","slug":"pape-francois-poupee-de-chiffon-peluche","status":"publish","type":"product","link":"https:\/\/littlebigdolls.com\/fr\/poupee\/pape-francois-poupee-de-chiffon-peluche\/","title":{"rendered":"Pape Fran\u00e7ois"},"content":{"rendered":"<p>JORGE MARIO BERGOGLIO, 266EME \u00c9V\u00caQUE DE ROME ET PAPE DE L&rsquo;EGLISE CATHOLIQUE, NE EN 1936 \u00c0 BUENOS AIRES, ARGENTINE.<\/p>\n","protected":false},"excerpt":{"rendered":"<p>\u00ab COMME JE VOUDRAIS UNE EGLISE PAUVRE POUR LES PAUVRES. \u00bb<\/p>\n","protected":false},"featured_media":10124,"template":"","meta":{"inline_featured_image":false,"_genesis_hide_title":false,"_genesis_hide_breadcrumbs":false,"_genesis_hide_singular_image":false,"_genesis_hide_footer_widgets":false,"_genesis_custom_body_class":"","_genesis_custom_post_class":"","_genesis_layout":""},"product_cat":[51],"product_tag":[],"yoast_head":"<!-- This site is optimized with the Yoast SEO plugin v20.6 - https:\/\/yoast.com\/wordpress\/plugins\/seo\/ -->\n<title>PAPE FRAN\u00c7OIS | Poup\u00e9e de chiffon &amp; Peluche | Id\u00e9e cadeau<\/title>\n<meta name=\"description\" content=\"Poup\u00e9e de chiffon r\u00e9pr\u00e9sentant le c\u00e9l\u00e8bre Pape de l&#039;\u00e9glise Catholique, le Pape Fran\u00e7ois. Objet d\u00e9co incontournable pour tous les fans du Pape\u2026\" \/>\n<meta name=\"robots\" content=\"index, follow, max-snippet:-1, max-image-preview:large, max-video-preview:-1\" \/>\n<link rel=\"canonical\" href=\"https:\/\/littlebigdolls.com\/fr\/poupee\/pape-francois-poupee-de-chiffon-peluche\/\" \/>\n<meta property=\"og:locale\" content=\"fr_FR\" \/>\n<meta property=\"og:type\" content=\"article\" \/>\n<meta property=\"og:title\" content=\"PAPE FRAN\u00c7OIS | Poup\u00e9e de chiffon &amp; Peluche | Id\u00e9e cadeau\" \/>\n<meta property=\"og:description\" content=\"Poup\u00e9e de chiffon r\u00e9pr\u00e9sentant le c\u00e9l\u00e8bre Pape de l&#039;\u00e9glise Catholique, le Pape Fran\u00e7ois. Objet d\u00e9co incontournable pour tous les fans du Pape\u2026\" \/>\n<meta property=\"og:url\" content=\"https:\/\/littlebigdolls.com\/fr\/poupee\/pape-francois-poupee-de-chiffon-peluche\/\" \/>\n<meta property=\"og:site_name\" content=\"LittleBigDolls | Art Toy with a Soul\" \/>\n<meta property=\"article:modified_time\" content=\"2023-09-24T19:51:43+00:00\" \/>\n<meta property=\"og:image\" content=\"https:\/\/littlebigdolls.com\/wp-content\/uploads\/pope-francis.jpg\" \/>\n\t<meta property=\"og:image:width\" content=\"300\" \/>\n\t<meta property=\"og:image:height\" content=\"350\" \/>\n\t<meta property=\"og:image:type\" content=\"image\/jpeg\" \/>\n<meta name=\"twitter:card\" content=\"summary_large_image\" \/>\n<meta name=\"twitter:label1\" content=\"Dur\u00e9e de lecture estim\u00e9e\" \/>\n\t<meta name=\"twitter:data1\" content=\"1 minute\" \/>\n<script type=\"application\/ld+json\" class=\"yoast-schema-graph\">{\"@context\":\"https:\/\/schema.org\",\"@graph\":[{\"@type\":\"WebPage\",\"@id\":\"https:\/\/littlebigdolls.com\/fr\/poupee\/pape-francois-poupee-de-chiffon-peluche\/\",\"url\":\"https:\/\/littlebigdolls.com\/fr\/poupee\/pape-francois-poupee-de-chiffon-peluche\/\",\"name\":\"PAPE FRAN\u00c7OIS | Poup\u00e9e de chiffon & Peluche | Id\u00e9e cadeau\",\"isPartOf\":{\"@id\":\"https:\/\/littlebigdolls.com\/fr\/#website\"},\"datePublished\":\"2020-12-15T16:04:08+00:00\",\"dateModified\":\"2023-09-24T19:51:43+00:00\",\"description\":\"Poup\u00e9e de chiffon r\u00e9pr\u00e9sentant le c\u00e9l\u00e8bre Pape de l'\u00e9glise Catholique, le Pape Fran\u00e7ois. Objet d\u00e9co incontournable pour tous les fans du Pape\u2026\",\"breadcrumb\":{\"@id\":\"https:\/\/littlebigdolls.com\/fr\/poupee\/pape-francois-poupee-de-chiffon-peluche\/#breadcrumb\"},\"inLanguage\":\"fr-FR\",\"potentialAction\":[{\"@type\":\"ReadAction\",\"target\":[\"https:\/\/littlebigdolls.com\/fr\/poupee\/pape-francois-poupee-de-chiffon-peluche\/\"]}]},{\"@type\":\"BreadcrumbList\",\"@id\":\"https:\/\/littlebigdolls.com\/fr\/poupee\/pape-francois-poupee-de-chiffon-peluche\/#breadcrumb\",\"itemListElement\":[{\"@type\":\"ListItem\",\"position\":1,\"name\":\"Home\",\"item\":\"https:\/\/littlebigdolls.com\/fr\/\"},{\"@type\":\"ListItem\",\"position\":2,\"name\":\"Shop\",\"item\":\"https:\/\/littlebigdolls.com\/shop\/\"},{\"@type\":\"ListItem\",\"position\":3,\"name\":\"Pape Fran\u00e7ois\"}]},{\"@type\":\"WebSite\",\"@id\":\"https:\/\/littlebigdolls.com\/fr\/#website\",\"url\":\"https:\/\/littlebigdolls.com\/fr\/\",\"name\":\"LittleBigDolls | Art Toy with a Soul\",\"description\":\"Collection de poup\u00e9es de chiffon et de peluches \u00e0 l&#039;effigie d&#039;ic\u00f4nes culturelles et de personnages historiques. Cadeau original  - Objet d\u00e9co - Produits d\u00e9riv\u00e9s\",\"potentialAction\":[{\"@type\":\"SearchAction\",\"target\":{\"@type\":\"EntryPoint\",\"urlTemplate\":\"https:\/\/littlebigdolls.com\/fr\/?s={search_term_string}\"},\"query-input\":\"required name=search_term_string\"}],\"inLanguage\":\"fr-FR\"}]}<\/script>\n<!-- \/ Yoast SEO plugin. -->","yoast_head_json":{"title":"PAPE FRAN\u00c7OIS | Poup\u00e9e de chiffon & Peluche | Id\u00e9e cadeau","description":"Poup\u00e9e de chiffon r\u00e9pr\u00e9sentant le c\u00e9l\u00e8bre Pape de l'\u00e9glise Catholique, le Pape Fran\u00e7ois. Objet d\u00e9co incontournable pour tous les fans du Pape\u2026","robots":{"index":"index","follow":"follow","max-snippet":"max-snippet:-1","max-image-preview":"max-image-preview:large","max-video-preview":"max-video-preview:-1"},"canonical":"https:\/\/littlebigdolls.com\/fr\/poupee\/pape-francois-poupee-de-chiffon-peluche\/","og_locale":"fr_FR","og_type":"article","og_title":"PAPE FRAN\u00c7OIS | Poup\u00e9e de chiffon & Peluche | Id\u00e9e cadeau","og_description":"Poup\u00e9e de chiffon r\u00e9pr\u00e9sentant le c\u00e9l\u00e8bre Pape de l'\u00e9glise Catholique, le Pape Fran\u00e7ois. Objet d\u00e9co incontournable pour tous les fans du Pape\u2026","og_url":"https:\/\/littlebigdolls.com\/fr\/poupee\/pape-francois-poupee-de-chiffon-peluche\/","og_site_name":"LittleBigDolls | Art Toy with a Soul","article_modified_time":"2023-09-24T19:51:43+00:00","og_image":[{"width":300,"height":350,"url":"https:\/\/littlebigdolls.com\/wp-content\/uploads\/pope-francis.jpg","type":"image\/jpeg"}],"twitter_card":"summary_large_image","twitter_misc":{"Dur\u00e9e de lecture estim\u00e9e":"1 minute"},"schema":{"@context":"https:\/\/schema.org","@graph":[{"@type":"WebPage","@id":"https:\/\/littlebigdolls.com\/fr\/poupee\/pape-francois-poupee-de-chiffon-peluche\/","url":"https:\/\/littlebigdolls.com\/fr\/poupee\/pape-francois-poupee-de-chiffon-peluche\/","name":"PAPE FRAN\u00c7OIS | Poup\u00e9e de chiffon & Peluche | Id\u00e9e cadeau","isPartOf":{"@id":"https:\/\/littlebigdolls.com\/fr\/#website"},"datePublished":"2020-12-15T16:04:08+00:00","dateModified":"2023-09-24T19:51:43+00:00","description":"Poup\u00e9e de chiffon r\u00e9pr\u00e9sentant le c\u00e9l\u00e8bre Pape de l'\u00e9glise Catholique, le Pape Fran\u00e7ois. Objet d\u00e9co incontournable pour tous les fans du Pape\u2026","breadcrumb":{"@id":"https:\/\/littlebigdolls.com\/fr\/poupee\/pape-francois-poupee-de-chiffon-peluche\/#breadcrumb"},"inLanguage":"fr-FR","potentialAction":[{"@type":"ReadAction","target":["https:\/\/littlebigdolls.com\/fr\/poupee\/pape-francois-poupee-de-chiffon-peluche\/"]}]},{"@type":"BreadcrumbList","@id":"https:\/\/littlebigdolls.com\/fr\/poupee\/pape-francois-poupee-de-chiffon-peluche\/#breadcrumb","itemListElement":[{"@type":"ListItem","position":1,"name":"Home","item":"https:\/\/littlebigdolls.com\/fr\/"},{"@type":"ListItem","position":2,"name":"Shop","item":"https:\/\/littlebigdolls.com\/shop\/"},{"@type":"ListItem","position":3,"name":"Pape Fran\u00e7ois"}]},{"@type":"WebSite","@id":"https:\/\/littlebigdolls.com\/fr\/#website","url":"https:\/\/littlebigdolls.com\/fr\/","name":"LittleBigDolls | Art Toy with a Soul","description":"Collection de poup\u00e9es de chiffon et de peluches \u00e0 l&#039;effigie d&#039;ic\u00f4nes culturelles et de personnages historiques. Cadeau original  - Objet d\u00e9co - Produits d\u00e9riv\u00e9s","potentialAction":[{"@type":"SearchAction","target":{"@type":"EntryPoint","urlTemplate":"https:\/\/littlebigdolls.com\/fr\/?s={search_term_string}"},"query-input":"required name=search_term_string"}],"inLanguage":"fr-FR"}]}},"_links":{"self":[{"href":"https:\/\/littlebigdolls.com\/fr\/wp-json\/wp\/v2\/product\/13541"}],"collection":[{"href":"https:\/\/littlebigdolls.com\/fr\/wp-json\/wp\/v2\/product"}],"about":[{"href":"https:\/\/littlebigdolls.com\/fr\/wp-json\/wp\/v2\/types\/product"}],"wp:featuredmedia":[{"embeddable":true,"href":"https:\/\/littlebigdolls.com\/fr\/wp-json\/wp\/v2\/media\/10124"}],"wp:attachment":[{"href":"https:\/\/littlebigdolls.com\/fr\/wp-json\/wp\/v2\/media?parent=13541"}],"wp:term":[{"taxonomy":"product_cat","embeddable":true,"href":"https:\/\/littlebigdolls.com\/fr\/wp-json\/wp\/v2\/product_cat?post=13541"},{"taxonomy":"product_tag","embeddable":true,"href":"https:\/\/littlebigdolls.com\/fr\/wp-json\/wp\/v2\/product_tag?post=13541"}],"curies":[{"name":"wp","href":"https:\/\/api.w.org\/{rel}","templated":true}]}}