{"id":14448,"date":"2020-12-11T17:32:52","date_gmt":"2020-12-16T11:01:16","guid":{"rendered":"https:\/\/littlebigdolls.com\/?post_type=product&#038;p=14448"},"modified":"2021-03-03T11:49:41","modified_gmt":"2021-03-03T11:49:41","slug":"elizabeth-ii-poupee-de-chiffon-peluche","status":"publish","type":"product","link":"https:\/\/littlebigdolls.com\/fr\/poupee\/elizabeth-ii-poupee-de-chiffon-peluche\/","title":{"rendered":"Queen Elizabeth II"},"content":{"rendered":"<p>REINE DU ROYAUME UNI ET DES AUTRES ROYAUMES DU COMMONWEALTH N\u00c9E EN 1926 \u00c0 LONDRES.<\/p>\n","protected":false},"excerpt":{"rendered":"<p>\u00ab LA PROGRESSION DE L&rsquo;HISTOIRE D&rsquo;UNE NATION EST DUE, \u00c0 LONG TERME, \u00c0 LA SOLIDIT\u00c9 DU C\u0152UR DES HOMMES ET DES FEMMES QUI LA COMPOSENT. \u00bb<\/p>\n","protected":false},"featured_media":14452,"template":"","meta":{"inline_featured_image":false,"_genesis_hide_title":false,"_genesis_hide_breadcrumbs":false,"_genesis_hide_singular_image":false,"_genesis_hide_footer_widgets":false,"_genesis_custom_body_class":"","_genesis_custom_post_class":"","_genesis_layout":""},"product_cat":[51],"product_tag":[],"yoast_head":"<!-- This site is optimized with the Yoast SEO plugin v20.6 - https:\/\/yoast.com\/wordpress\/plugins\/seo\/ -->\n<title>ELIZABETH II | Poup\u00e9e de chiffon &amp; Peluche | Id\u00e9e cadeau<\/title>\n<meta name=\"description\" content=\"Poup\u00e9e de chiffon r\u00e9pr\u00e9sentant la c\u00e9l\u00e8bre Reine du Royaume Uni, Elizabeth II. Objet d\u00e9co incontournable pour tous les fans de la Queen\u2026\" \/>\n<meta name=\"robots\" content=\"index, follow, max-snippet:-1, max-image-preview:large, max-video-preview:-1\" \/>\n<link rel=\"canonical\" href=\"https:\/\/littlebigdolls.com\/fr\/poupee\/elizabeth-ii-poupee-de-chiffon-peluche\/\" \/>\n<meta property=\"og:locale\" content=\"fr_FR\" \/>\n<meta property=\"og:type\" content=\"article\" \/>\n<meta property=\"og:title\" content=\"ELIZABETH II | Poup\u00e9e de chiffon &amp; Peluche | Id\u00e9e cadeau\" \/>\n<meta property=\"og:description\" content=\"Poup\u00e9e de chiffon r\u00e9pr\u00e9sentant la c\u00e9l\u00e8bre Reine du Royaume Uni, Elizabeth II. Objet d\u00e9co incontournable pour tous les fans de la Queen\u2026\" \/>\n<meta property=\"og:url\" content=\"https:\/\/littlebigdolls.com\/fr\/poupee\/elizabeth-ii-poupee-de-chiffon-peluche\/\" \/>\n<meta property=\"og:site_name\" content=\"LittleBigDolls | Art Toy with a Soul\" \/>\n<meta property=\"article:modified_time\" content=\"2021-03-03T11:49:41+00:00\" \/>\n<meta property=\"og:image\" content=\"https:\/\/littlebigdolls.com\/wp-content\/uploads\/elizabeth-II.jpg\" \/>\n\t<meta property=\"og:image:width\" content=\"300\" \/>\n\t<meta property=\"og:image:height\" content=\"350\" \/>\n\t<meta property=\"og:image:type\" content=\"image\/jpeg\" \/>\n<meta name=\"twitter:card\" content=\"summary_large_image\" \/>\n<script type=\"application\/ld+json\" class=\"yoast-schema-graph\">{\"@context\":\"https:\/\/schema.org\",\"@graph\":[{\"@type\":\"WebPage\",\"@id\":\"https:\/\/littlebigdolls.com\/fr\/poupee\/elizabeth-ii-poupee-de-chiffon-peluche\/\",\"url\":\"https:\/\/littlebigdolls.com\/fr\/poupee\/elizabeth-ii-poupee-de-chiffon-peluche\/\",\"name\":\"ELIZABETH II | Poup\u00e9e de chiffon & Peluche | Id\u00e9e cadeau\",\"isPartOf\":{\"@id\":\"https:\/\/littlebigdolls.com\/fr\/#website\"},\"datePublished\":\"2020-12-16T11:01:16+00:00\",\"dateModified\":\"2021-03-03T11:49:41+00:00\",\"description\":\"Poup\u00e9e de chiffon r\u00e9pr\u00e9sentant la c\u00e9l\u00e8bre Reine du Royaume Uni, Elizabeth II. Objet d\u00e9co incontournable pour tous les fans de la Queen\u2026\",\"breadcrumb\":{\"@id\":\"https:\/\/littlebigdolls.com\/fr\/poupee\/elizabeth-ii-poupee-de-chiffon-peluche\/#breadcrumb\"},\"inLanguage\":\"fr-FR\",\"potentialAction\":[{\"@type\":\"ReadAction\",\"target\":[\"https:\/\/littlebigdolls.com\/fr\/poupee\/elizabeth-ii-poupee-de-chiffon-peluche\/\"]}]},{\"@type\":\"BreadcrumbList\",\"@id\":\"https:\/\/littlebigdolls.com\/fr\/poupee\/elizabeth-ii-poupee-de-chiffon-peluche\/#breadcrumb\",\"itemListElement\":[{\"@type\":\"ListItem\",\"position\":1,\"name\":\"Home\",\"item\":\"https:\/\/littlebigdolls.com\/fr\/\"},{\"@type\":\"ListItem\",\"position\":2,\"name\":\"Shop\",\"item\":\"https:\/\/littlebigdolls.com\/shop\/\"},{\"@type\":\"ListItem\",\"position\":3,\"name\":\"Queen Elizabeth II\"}]},{\"@type\":\"WebSite\",\"@id\":\"https:\/\/littlebigdolls.com\/fr\/#website\",\"url\":\"https:\/\/littlebigdolls.com\/fr\/\",\"name\":\"LittleBigDolls | Art Toy with a Soul\",\"description\":\"Collection de poup\u00e9es de chiffon et de peluches \u00e0 l&#039;effigie d&#039;ic\u00f4nes culturelles et de personnages historiques. Cadeau original  - Objet d\u00e9co - Produits d\u00e9riv\u00e9s\",\"potentialAction\":[{\"@type\":\"SearchAction\",\"target\":{\"@type\":\"EntryPoint\",\"urlTemplate\":\"https:\/\/littlebigdolls.com\/fr\/?s={search_term_string}\"},\"query-input\":\"required name=search_term_string\"}],\"inLanguage\":\"fr-FR\"}]}<\/script>\n<!-- \/ Yoast SEO plugin. -->","yoast_head_json":{"title":"ELIZABETH II | Poup\u00e9e de chiffon & Peluche | Id\u00e9e cadeau","description":"Poup\u00e9e de chiffon r\u00e9pr\u00e9sentant la c\u00e9l\u00e8bre Reine du Royaume Uni, Elizabeth II. Objet d\u00e9co incontournable pour tous les fans de la Queen\u2026","robots":{"index":"index","follow":"follow","max-snippet":"max-snippet:-1","max-image-preview":"max-image-preview:large","max-video-preview":"max-video-preview:-1"},"canonical":"https:\/\/littlebigdolls.com\/fr\/poupee\/elizabeth-ii-poupee-de-chiffon-peluche\/","og_locale":"fr_FR","og_type":"article","og_title":"ELIZABETH II | Poup\u00e9e de chiffon & Peluche | Id\u00e9e cadeau","og_description":"Poup\u00e9e de chiffon r\u00e9pr\u00e9sentant la c\u00e9l\u00e8bre Reine du Royaume Uni, Elizabeth II. Objet d\u00e9co incontournable pour tous les fans de la Queen\u2026","og_url":"https:\/\/littlebigdolls.com\/fr\/poupee\/elizabeth-ii-poupee-de-chiffon-peluche\/","og_site_name":"LittleBigDolls | Art Toy with a Soul","article_modified_time":"2021-03-03T11:49:41+00:00","og_image":[{"width":300,"height":350,"url":"https:\/\/littlebigdolls.com\/wp-content\/uploads\/elizabeth-II.jpg","type":"image\/jpeg"}],"twitter_card":"summary_large_image","schema":{"@context":"https:\/\/schema.org","@graph":[{"@type":"WebPage","@id":"https:\/\/littlebigdolls.com\/fr\/poupee\/elizabeth-ii-poupee-de-chiffon-peluche\/","url":"https:\/\/littlebigdolls.com\/fr\/poupee\/elizabeth-ii-poupee-de-chiffon-peluche\/","name":"ELIZABETH II | Poup\u00e9e de chiffon & Peluche | Id\u00e9e cadeau","isPartOf":{"@id":"https:\/\/littlebigdolls.com\/fr\/#website"},"datePublished":"2020-12-16T11:01:16+00:00","dateModified":"2021-03-03T11:49:41+00:00","description":"Poup\u00e9e de chiffon r\u00e9pr\u00e9sentant la c\u00e9l\u00e8bre Reine du Royaume Uni, Elizabeth II. Objet d\u00e9co incontournable pour tous les fans de la Queen\u2026","breadcrumb":{"@id":"https:\/\/littlebigdolls.com\/fr\/poupee\/elizabeth-ii-poupee-de-chiffon-peluche\/#breadcrumb"},"inLanguage":"fr-FR","potentialAction":[{"@type":"ReadAction","target":["https:\/\/littlebigdolls.com\/fr\/poupee\/elizabeth-ii-poupee-de-chiffon-peluche\/"]}]},{"@type":"BreadcrumbList","@id":"https:\/\/littlebigdolls.com\/fr\/poupee\/elizabeth-ii-poupee-de-chiffon-peluche\/#breadcrumb","itemListElement":[{"@type":"ListItem","position":1,"name":"Home","item":"https:\/\/littlebigdolls.com\/fr\/"},{"@type":"ListItem","position":2,"name":"Shop","item":"https:\/\/littlebigdolls.com\/shop\/"},{"@type":"ListItem","position":3,"name":"Queen Elizabeth II"}]},{"@type":"WebSite","@id":"https:\/\/littlebigdolls.com\/fr\/#website","url":"https:\/\/littlebigdolls.com\/fr\/","name":"LittleBigDolls | Art Toy with a Soul","description":"Collection de poup\u00e9es de chiffon et de peluches \u00e0 l&#039;effigie d&#039;ic\u00f4nes culturelles et de personnages historiques. Cadeau original  - Objet d\u00e9co - Produits d\u00e9riv\u00e9s","potentialAction":[{"@type":"SearchAction","target":{"@type":"EntryPoint","urlTemplate":"https:\/\/littlebigdolls.com\/fr\/?s={search_term_string}"},"query-input":"required name=search_term_string"}],"inLanguage":"fr-FR"}]}},"_links":{"self":[{"href":"https:\/\/littlebigdolls.com\/fr\/wp-json\/wp\/v2\/product\/14448"}],"collection":[{"href":"https:\/\/littlebigdolls.com\/fr\/wp-json\/wp\/v2\/product"}],"about":[{"href":"https:\/\/littlebigdolls.com\/fr\/wp-json\/wp\/v2\/types\/product"}],"wp:featuredmedia":[{"embeddable":true,"href":"https:\/\/littlebigdolls.com\/fr\/wp-json\/wp\/v2\/media\/14452"}],"wp:attachment":[{"href":"https:\/\/littlebigdolls.com\/fr\/wp-json\/wp\/v2\/media?parent=14448"}],"wp:term":[{"taxonomy":"product_cat","embeddable":true,"href":"https:\/\/littlebigdolls.com\/fr\/wp-json\/wp\/v2\/product_cat?post=14448"},{"taxonomy":"product_tag","embeddable":true,"href":"https:\/\/littlebigdolls.com\/fr\/wp-json\/wp\/v2\/product_tag?post=14448"}],"curies":[{"name":"wp","href":"https:\/\/api.w.org\/{rel}","templated":true}]}}